{"id":48849,"date":"2023-08-15T06:22:34","date_gmt":"2023-08-15T06:22:34","guid":{"rendered":"https:\/\/musicm.at\/produkt\/izum\/"},"modified":"2025-03-06T11:44:58","modified_gmt":"2025-03-06T11:44:58","slug":"izum","status":"publish","type":"product","link":"https:\/\/musicm.at\/sl\/produkt\/izum\/","title":{"rendered":"Invention"},"content":{"rendered":"<p>[et_pb_section fb_built=&#8221;1&#8243; _builder_version=&#8221;4.22.1&#8243; width_tablet=&#8221;&#8221; width_phone=&#8221;100%&#8221; width_last_edited=&#8221;on|phone&#8221; module_alignment=&#8221;center&#8221; custom_padding=&#8221;0px||0px||false|false&#8221; global_colors_info=&#8221;{}&#8221;][et_pb_row _builder_version=&#8221;4.16&#8243; background_size=&#8221;initial&#8221; background_position=&#8221;top_left&#8221; background_repeat=&#8221;repeat&#8221; width=&#8221;100%&#8221; custom_padding=&#8221;0px||0px||false|false&#8221; global_colors_info=&#8221;{}&#8221;][et_pb_column type=&#8221;4_4&#8243; _builder_version=&#8221;4.16&#8243; custom_padding=&#8221;|||&#8221; global_colors_info=&#8221;{}&#8221; custom_padding__hover=&#8221;|||&#8221;][et_pb_wc_cart_notice _builder_version=&#8221;4.22.0&#8243; background_color=&#8221;#d1d1d1&#8243; custom_button=&#8221;on&#8221; button_border_radius=&#8221;0px&#8221; global_colors_info=&#8221;{}&#8221;][\/et_pb_wc_cart_notice][\/et_pb_column][\/et_pb_row][et_pb_row column_structure=&#8221;3_5,2_5&#8243; use_custom_gutter=&#8221;on&#8221; gutter_width=&#8221;4&#8243; _builder_version=&#8221;4.22.0&#8243; background_size=&#8221;initial&#8221; background_position=&#8221;top_left&#8221; background_repeat=&#8221;repeat&#8221; width=&#8221;100%&#8221; custom_margin=&#8221;20px||||false|false&#8221; custom_padding=&#8221;0px||0px||false|false&#8221; global_colors_info=&#8221;{}&#8221;][et_pb_column type=&#8221;3_5&#8243; _builder_version=&#8221;4.16&#8243; custom_padding=&#8221;|||&#8221; global_colors_info=&#8221;{}&#8221; custom_padding__hover=&#8221;|||&#8221;][et_pb_wc_images _builder_version=&#8221;4.21.2&#8243; global_colors_info=&#8221;{}&#8221;][\/et_pb_wc_images][\/et_pb_column][et_pb_column type=&#8221;2_5&#8243; _builder_version=&#8221;4.16&#8243; custom_padding=&#8221;|||&#8221; global_colors_info=&#8221;{}&#8221; custom_padding__hover=&#8221;|||&#8221;][et_pb_wc_title _builder_version=&#8221;4.22.1&#8243; header_font=&#8221;Work Sans Thin||||||||&#8221; header_font_size=&#8221;82px&#8221; header_font_size_tablet=&#8221;82px&#8221; header_font_size_phone=&#8221;70px&#8221; header_font_size_last_edited=&#8221;on|phone&#8221; global_colors_info=&#8221;{}&#8221;][\/et_pb_wc_title][et_pb_wc_description _builder_version=&#8221;4.21.2&#8243; header_4_font=&#8221;Work Sans Medium||||||||&#8221; header_4_font_size=&#8221;20px&#8221; header_4_line_height=&#8221;1.4em&#8221; custom_margin=&#8221;13px||18px||false|false&#8221; global_colors_info=&#8221;{}&#8221;][\/et_pb_wc_description][et_pb_divider _builder_version=&#8221;4.21.2&#8243; _module_preset=&#8221;default&#8221; custom_margin=&#8221;10px||0px||false|false&#8221; custom_padding=&#8221;0px||0px||false|false&#8221; locked=&#8221;off&#8221; global_colors_info=&#8221;{}&#8221;][\/et_pb_divider][et_pb_wc_price _builder_version=&#8221;4.22.0&#8243; body_font=&#8221;Work Sans Bold||||||||&#8221; body_text_color=&#8221;#000000&#8243; body_font_size=&#8221;30px&#8221; width_tablet=&#8221;&#8221; width_phone=&#8221;&#8221; width_last_edited=&#8221;on|desktop&#8221; custom_margin=&#8221;||14px|||&#8221; custom_padding=&#8221;||||false|false&#8221; global_colors_info=&#8221;{}&#8221;][\/et_pb_wc_price][et_pb_divider _builder_version=&#8221;4.22.0&#8243; _module_preset=&#8221;default&#8221; custom_margin=&#8221;20px||10px||false|false&#8221; custom_padding=&#8221;0px||0px||false|false&#8221; locked=&#8221;off&#8221; global_colors_info=&#8221;{}&#8221;][\/et_pb_divider][et_pb_wc_add_to_cart show_stock=&#8221;off&#8221; field_label_position=&#8221;inline&#8221; _builder_version=&#8221;4.21.2&#8243; dropdown_menus_font_size=&#8221;16px&#8221; custom_button=&#8221;on&#8221; button_border_radius=&#8221;0px&#8221; custom_padding=&#8221;||20px||false|false&#8221; custom_padding_tablet=&#8221;||20px||false|false&#8221; custom_padding_phone=&#8221;||20px||false|false&#8221; custom_padding_last_edited=&#8221;on|phone&#8221; global_colors_info=&#8221;{}&#8221;][\/et_pb_wc_add_to_cart][et_pb_text _builder_version=&#8221;4.22.0&#8243; _module_preset=&#8221;default&#8221; text_font=&#8221;Work Sans Light||||||||&#8221; text_text_color=&#8221;#000000&#8243; text_font_size=&#8221;17px&#8221; text_line_height=&#8221;1.5em&#8221; ul_font_size=&#8221;22px&#8221; ul_line_height=&#8221;1.5em&#8221; header_5_font=&#8221;Work Sans Bold||||||||&#8221; header_5_text_color=&#8221;#000000&#8243; header_5_font_size=&#8221;20px&#8221; background_color=&#8221;#dcf2b0&#8243; background_enable_image=&#8221;off&#8221; background_blend=&#8221;darken&#8221; transform_translate_linked=&#8221;off&#8221; custom_padding=&#8221;30px|30px|10px|30px|false|false&#8221; custom_padding_tablet=&#8221;30px|30px|10px|30px|false|false&#8221; custom_padding_phone=&#8221;50px|30px|30px|20px|false|false&#8221; custom_padding_last_edited=&#8221;on|phone&#8221; text_font_tablet=&#8221;Work Sans Light||||||||&#8221; text_font_phone=&#8221;Work Sans Light||||||||&#8221; text_font_last_edited=&#8221;on|phone&#8221; text_font_size_tablet=&#8221;17px&#8221; text_font_size_phone=&#8221;20px&#8221; text_font_size_last_edited=&#8221;on|desktop&#8221; ul_font_size_tablet=&#8221;22px&#8221; ul_font_size_phone=&#8221;25px&#8221; ul_font_size_last_edited=&#8221;on|phone&#8221; header_5_font_size_tablet=&#8221;20px&#8221; header_5_font_size_phone=&#8221;17px&#8221; header_5_font_size_last_edited=&#8221;on|phone&#8221; border_color_all=&#8221;#ededed&#8221; locked=&#8221;off&#8221; global_colors_info=&#8221;{}&#8221;]<\/p>\n<h5>Na\u0161e podloge so:<\/h5>\n<ul>\n<li>Produkti trajnostne in regionalne proizvodnje<\/li>\n<li>100 % kav\u010duk<\/li>\n<li>Brez ftalatov in meh\u010dalcev<\/li>\n<li>Brez \u0161kodljivih snovi<\/li>\n<\/ul>\n<p>[\/et_pb_text][et_pb_image src=&#8221;https:\/\/musicm.at\/wp-content\/uploads\/2023\/05\/musical_element1.png&#8221; title_text=&#8221;musical_element1&#8243; _builder_version=&#8221;4.21.2&#8243; _module_preset=&#8221;default&#8221; transform_scale_tablet=&#8221;&#8221; transform_scale_phone=&#8221;&#8221; transform_scale_last_edited=&#8221;on|desktop&#8221; transform_translate=&#8221;-28px|-120px&#8221; transform_translate_tablet=&#8221;-43px|-152px&#8221; transform_translate_phone=&#8221;-17px|-92px&#8221; transform_translate_last_edited=&#8221;on|phone&#8221; transform_translate_linked=&#8221;off&#8221; transform_rotate_tablet=&#8221;&#8221; transform_rotate_phone=&#8221;&#8221; transform_rotate_last_edited=&#8221;on|desktop&#8221; transform_skew_tablet=&#8221;&#8221; transform_skew_phone=&#8221;&#8221; transform_skew_last_edited=&#8221;on|desktop&#8221; transform_origin_tablet=&#8221;&#8221; transform_origin_phone=&#8221;&#8221; transform_origin_last_edited=&#8221;on|desktop&#8221; transform_styles_last_edited=&#8221;on|phone&#8221; width=&#8221;18%&#8221; width_tablet=&#8221;18%&#8221; width_phone=&#8221;17%&#8221; width_last_edited=&#8221;on|tablet&#8221; module_alignment=&#8221;right&#8221; filter_brightness=&#8221;0%&#8221; transform_styles_tablet=&#8221;&#8221; transform_styles_phone=&#8221;&#8221; locked=&#8221;off&#8221; global_colors_info=&#8221;{}&#8221;][\/et_pb_image][\/et_pb_column][\/et_pb_row][\/et_pb_section][et_pb_section fb_built=&#8221;1&#8243; _builder_version=&#8221;4.22.1&#8243; _module_preset=&#8221;default&#8221; width_tablet=&#8221;&#8221; width_phone=&#8221;100%&#8221; width_last_edited=&#8221;on|phone&#8221; custom_margin=&#8221;-191px||||false|false&#8221; custom_margin_tablet=&#8221;-150px||||false|false&#8221; custom_margin_phone=&#8221;-100px||||false|false&#8221; custom_margin_last_edited=&#8221;on|phone&#8221; custom_padding=&#8221;0px||1px|||&#8221; global_colors_info=&#8221;{}&#8221;][et_pb_row _builder_version=&#8221;4.21.2&#8243; _module_preset=&#8221;default&#8221; transform_scale_tablet=&#8221;&#8221; transform_scale_phone=&#8221;&#8221; transform_scale_last_edited=&#8221;on|desktop&#8221; transform_translate=&#8221;125px|87px&#8221; transform_translate_tablet=&#8221;101px|87px&#8221; transform_translate_phone=&#8221;-1px|31px&#8221; transform_translate_last_edited=&#8221;on|phone&#8221; transform_translate_linked=&#8221;off&#8221; transform_rotate_tablet=&#8221;&#8221; transform_rotate_phone=&#8221;&#8221; transform_rotate_last_edited=&#8221;on|desktop&#8221; transform_skew_tablet=&#8221;&#8221; transform_skew_phone=&#8221;&#8221; transform_skew_last_edited=&#8221;on|desktop&#8221; transform_origin_tablet=&#8221;&#8221; transform_origin_phone=&#8221;&#8221; transform_origin_last_edited=&#8221;on|desktop&#8221; transform_styles_last_edited=&#8221;on|phone&#8221; transform_styles_tablet=&#8221;&#8221; transform_styles_phone=&#8221;&#8221; locked=&#8221;off&#8221; global_colors_info=&#8221;{}&#8221;][et_pb_column type=&#8221;4_4&#8243; _builder_version=&#8221;4.21.2&#8243; _module_preset=&#8221;default&#8221; global_colors_info=&#8221;{}&#8221;][et_pb_text _builder_version=&#8221;4.22.1&#8243; _module_preset=&#8221;default&#8221; text_font=&#8221;Work Sans Bold||||||||&#8221; header_font=&#8221;Work Sans Thin|100|||||||&#8221; header_text_align=&#8221;left&#8221; header_font_size=&#8221;60px&#8221; header_2_font=&#8221;Work Sans Thin||||||||&#8221; header_2_line_height=&#8221;1.4em&#8221; transform_scale_tablet=&#8221;&#8221; transform_scale_phone=&#8221;&#8221; transform_scale_last_edited=&#8221;on|phone&#8221; transform_translate_tablet=&#8221;&#8221; transform_translate_phone=&#8221;&#8221; transform_translate_last_edited=&#8221;on|desktop&#8221; transform_rotate_tablet=&#8221;&#8221; transform_rotate_phone=&#8221;&#8221; transform_rotate_last_edited=&#8221;on|phone&#8221; transform_skew_tablet=&#8221;&#8221; transform_skew_phone=&#8221;&#8221; transform_skew_last_edited=&#8221;on|phone&#8221; transform_origin_tablet=&#8221;&#8221; transform_origin_phone=&#8221;&#8221; transform_origin_last_edited=&#8221;on|phone&#8221; transform_styles_last_edited=&#8221;on|desktop&#8221; width=&#8221;44%&#8221; width_tablet=&#8221;74%&#8221; width_phone=&#8221;100%&#8221; width_last_edited=&#8221;on|tablet&#8221; max_width_tablet=&#8221;&#8221; max_width_phone=&#8221;&#8221; max_width_last_edited=&#8221;on|tablet&#8221; module_alignment=&#8221;center&#8221; custom_margin=&#8221;||||false|false&#8221; custom_padding=&#8221;||||false|false&#8221; header_font_size_tablet=&#8221;60px&#8221; header_font_size_phone=&#8221;45px&#8221; header_font_size_last_edited=&#8221;on|phone&#8221; transform_styles_tablet=&#8221;&#8221; transform_styles_phone=&#8221;&#8221; inline_fonts=&#8221;Work Sans Light&#8221; global_colors_info=&#8221;{}&#8221; width__hover_enabled=&#8221;off|desktop&#8221;]<\/p>\n<h1><span style=\"font-family: 'Work Sans Light'; font-weight: normal;\"><br \/>\nNavdih<br \/>\nza<br \/>\nizumom<\/span><span style=\"font-family: 'Work Sans Light'; font-weight: normal;\">.<\/span><\/h1>\n<p>[\/et_pb_text][\/et_pb_column][\/et_pb_row][et_pb_row column_structure=&#8221;2_5,3_5&#8243; _builder_version=&#8221;4.21.2&#8243; _module_preset=&#8221;default&#8221; custom_margin=&#8221;100px||||false|false&#8221; custom_margin_tablet=&#8221;0px||||false|false&#8221; custom_margin_phone=&#8221;0px||||false|false&#8221; custom_margin_last_edited=&#8221;on|phone&#8221; global_colors_info=&#8221;{}&#8221;][et_pb_column type=&#8221;2_5&#8243; _builder_version=&#8221;4.21.2&#8243; _module_preset=&#8221;default&#8221; global_colors_info=&#8221;{}&#8221;][et_pb_image src=&#8221;https:\/\/musicm.at\/wp-content\/uploads\/2023\/08\/fanny_web_klein.jpg&#8221; title_text=&#8221;fanny_web_small&#8221; _builder_version=&#8221;4.21.2&#8243; _module_preset=&#8221;default&#8221; transform_scale_tablet=&#8221;&#8221; transform_scale_phone=&#8221;&#8221; transform_scale_last_edited=&#8221;on|phone&#8221; transform_translate=&#8221;1px|-176px&#8221; transform_translate_tablet=&#8221;-154px|0px&#8221; transform_translate_phone=&#8221;-93px|0px&#8221; transform_translate_last_edited=&#8221;on|phone&#8221; transform_translate_linked=&#8221;off&#8221; transform_rotate_tablet=&#8221;&#8221; transform_rotate_phone=&#8221;&#8221; transform_rotate_last_edited=&#8221;on|phone&#8221; transform_skew_tablet=&#8221;&#8221; transform_skew_phone=&#8221;&#8221; transform_skew_last_edited=&#8221;on|phone&#8221; transform_origin_tablet=&#8221;&#8221; transform_origin_phone=&#8221;&#8221; transform_origin_last_edited=&#8221;on|phone&#8221; transform_styles_last_edited=&#8221;on|phone&#8221; width=&#8221;100%&#8221; width_tablet=&#8221;64%&#8221; width_phone=&#8221;64%&#8221; width_last_edited=&#8221;on|phone&#8221; transform_styles_tablet=&#8221;&#8221; transform_styles_phone=&#8221;&#8221; border_radii=&#8221;on|100%|100%|100%|100%&#8221; global_colors_info=&#8221;{}&#8221;][\/et_pb_image][\/et_pb_column][et_pb_column type=&#8221;3_5&#8243; _builder_version=&#8221;4.21.2&#8243; _module_preset=&#8221;default&#8221; global_colors_info=&#8221;{}&#8221;][et_pb_text _builder_version=&#8221;4.21.2&#8243; _module_preset=&#8221;default&#8221; text_line_height=&#8221;1.6em&#8221; header_3_font=&#8221;Work Sans Light||||||||&#8221; header_3_font_size=&#8221;48px&#8221; header_4_font=&#8221;Work Sans Bold||||||||&#8221; header_4_font_size=&#8221;16px&#8221; global_colors_info=&#8221;{}&#8221;]<\/p>\n<h3>Fanny Mas<\/h3>\n<p>je predavateljica metodike igranja na harmoniko na Visoki \u0161oli za glasbo v Trossingenu, u\u010diteljica na Glasbeni \u0161oli Bregenz in ustanoviteljica platforme <a href=\"http:\/\/www.ipaia.eu\">www.ipaia.eu<\/a>.<br \/>\n[\/et_pb_text][et_pb_text _builder_version=&#8221;4.21.2&#8243; _module_preset=&#8221;default&#8221; global_colors_info=&#8221;{}&#8221;]\u017de ve\u010d kot deset let i\u0161\u010de zdravo in u\u010dinkovito in\u0161trumentalno pedagogiko ter razvija metode, strukture in orodja &#8211; med drugim tudi glasbeno podlogo Invention.<br \/>\n[\/et_pb_text][\/et_pb_column][\/et_pb_row][\/et_pb_section][et_pb_section fb_built=&#8221;1&#8243; custom_padding_last_edited=&#8221;on|phone&#8221; _builder_version=&#8221;4.22.1&#8243; _module_preset=&#8221;default&#8221; width_tablet=&#8221;&#8221; width_phone=&#8221;100%&#8221; width_last_edited=&#8221;on|phone&#8221; min_height=&#8221;791px&#8221; custom_padding=&#8221;19px|||||&#8221; custom_padding_tablet=&#8221;30px||||false|false&#8221; custom_padding_phone=&#8221;30px||||false|false&#8221; global_colors_info=&#8221;{}&#8221;][et_pb_row _builder_version=&#8221;4.21.2&#8243; _module_preset=&#8221;default&#8221; width=&#8221;100%&#8221; custom_margin=&#8221;||30px||false|false&#8221; global_colors_info=&#8221;{}&#8221;][et_pb_column type=&#8221;4_4&#8243; _builder_version=&#8221;4.21.2&#8243; _module_preset=&#8221;default&#8221; global_colors_info=&#8221;{}&#8221;][et_pb_tabs active_tab_background_color=&#8221;#000000&#8243; inactive_tab_background_color=&#8221;#efefef&#8221; active_tab_text_color=&#8221;#FFFFFF&#8221; _builder_version=&#8221;4.22.1&#8243; _module_preset=&#8221;default&#8221; tab_text_color=&#8221;#000000&#8243; body_line_height=&#8221;1.6em&#8221; tab_font=&#8221;Work Sans Medium|500|||||||&#8221; custom_padding=&#8221;|10px||10px|false|false&#8221; border_width_all=&#8221;0px&#8221; border_color_all=&#8221;#000000&#8243; global_colors_info=&#8221;{}&#8221;][et_pb_tab title=&#8221;Opis izdelka&#8221; _builder_version=&#8221;4.21.2&#8243; _module_preset=&#8221;default&#8221; global_colors_info=&#8221;{}&#8221;]<\/p>\n<p>Odlo\u017eite harmoniko, poi\u0161\u010dite potrebovane tone in se nato po njih sprehodite. Vadite skoke, lestvice in melodije&#8230; mo\u017enosti je neskon\u010dno!<\/p>\n<p>Mehka podloga Invention <b>po\u017eivi u\u010denje harmonike<\/b> in <b>spodbuja bolj\u0161o orientacijo<\/b> na klaviaturi, tako z desno kot z levo roko*.<\/p>\n<p><b>Prostorska vizualizacija<\/b> omogo\u010da, da se vrstni red tonov vidi z nove perspektive in se tako <b>bolj\u0161e zapomni<\/b>. Gibi lastnega telesa pomagajo harmonikarjem <b>ponotranjiti prostorski odnos med toni.<\/b><\/p>\n<p>Zdravo muziciranje: Z rednim vstajanjem in vadbo brez in\u0161trumenta telo <b>razbremenimo<\/b> in <b>za\u0161\u010ditimo<\/b>. Podloga Invention ustvarja <b>ravnovesje<\/b> &#8211; za dolgoro\u010dno in zdravo muziciranje!<\/p>\n<p>Podloga Invention omogo\u010da <b>zabavo<\/b> in <b>gibanje<\/b> v <b>u\u010dilnici<\/b>.<\/p>\n<p>U\u010denci harmonike z veseljem sami <b>prevzamejo odgovornost<\/b> <b>za<\/b> iskanje tonov po klaviaturi.<\/p>\n<p>Zbogom pasivnemu u\u010denju, pripravite prostor za aktivno razmi\u0161ljanje!<\/p>\n<p>*Podloga Invention mat je bila razvita za tipkovnice z sistemom C in oznakama tonih C in F. Po \u017eelji je mogo\u010de za dopla\u010dilo natisniti podlogo Invention tudi z druga\u010dno oznako tipk. Zahtevo nam po\u0161ljite po e-po\u0161ti na naslov <a href=\"mailto:info@musicm.at\">info@musicm.at<\/a>.<\/p>\n<p>[\/et_pb_tab][et_pb_tab title=&#8221;Navodila za nego&#8221; _builder_version=&#8221;4.21.2&#8243; _module_preset=&#8221;default&#8221; global_colors_info=&#8221;{}&#8221;]Uporabite mehko gobo ali mehko krpo z milnico ali blagim gospodinjskim \u010distilom.<\/p>\n<p>Za \u010di\u0161\u010denje nikakor ne smete uporabljati bencina, alkohola in komercialno dostopnih sredstev za odstranjevanje made\u017eev.<\/p>\n<p>Podloge nikoli ne perite v pralnem stroju! Podloga ni primerna za su\u0161enje v su\u0161ilnem stroju. Podloge ne \u010distite s sesalnikom, saj jo lahko po\u0161kodujete.<\/p>\n<p>Podlogo je mogo\u010de o\u010distiti z razku\u017eilom za \u010di\u0161\u010denje povr\u0161in (brez alkohola). Pri tem so se kot u\u010dinkovita izkazala dezinfekcijska \u010distila Sagrotan in Mikrozid.<br \/>\n[\/et_pb_tab][et_pb_tab title=&#8221;Dostava&#8221; _builder_version=&#8221;4.21.2&#8243; _module_preset=&#8221;default&#8221; global_colors_info=&#8221;{}&#8221;]Po\u0161iljamo po vsej Evropi. To vklju\u010duje naslednje dr\u017eave (celinske):<\/p>\n<p>Belgija, Bolgarija, Danska, Nem\u010dija, Estonija, Finska, Francija, Gr\u010dija, Irska, Italija, Hrva\u0161ka, Latvija, Litva, Luksemburg, Malta, Nizozemska, Avstrija, Poljska, Portugalska, Romunija, \u0160vedska, Slova\u0161ka, Slovenija, \u0160panija, \u010ce\u0161ka, Mad\u017earska.<\/p>\n<p>V primeru dostave v vse druge dr\u017eave nosi vse uvozne in izvozne stro\u0161ke, vklju\u010dno z vsemi carinskimi dajatvami, pristojbinami in stro\u0161ki, kupec.<\/p>\n<p>\u010ce \u017eelite dostavo v druge dr\u017eave (\u0160vica), na Ciper ali otoke, nas kontaktirajte po e-po\u0161ti in posredovali vam bomo nezavezujo\u010do ponudbo.<br \/>\n[\/et_pb_tab][et_pb_tab title=&#8221;Stro\u0161ki po\u0161iljanja&#8221; _builder_version=&#8221;4.22.1&#8243; _module_preset=&#8221;default&#8221; global_colors_info=&#8221;{}&#8221;]Invention-Matte &#8211; Dostava v Avstrijo: 6 \u20ac<\/p>\n<p>Invention-Matte &#8211; Dostava po vsej Evropi: 16 \u20ac<\/p>\n<p>Naro\u010dila v vrednosti od 240 \u20ac so <b>brez stro\u0161kov dostave<\/b>.<br \/>\n[\/et_pb_tab][\/et_pb_tabs][\/et_pb_column][\/et_pb_row][\/et_pb_section]<\/p>\n","protected":false},"excerpt":{"rendered":"<h4>Z veseljem do dobre orientacije po klaviaturi: kon\u010dno ve\u010d gibanja pri u\u010denju harmonike<\/h4>\n<ul>\n<li>Namenjeno za u\u010denje ali pou\u010devanje harmonike<\/li>\n<li>za harmonike z gumbi in\/ali MIII s sistemom C (oznaka na C in F)*<\/li>\n<li>namenjeno za MI (desna roka) in MIII (leva roka melodi\u010dni bas)<\/li>\n<li>Plod dolgoletnih izku\u0161enj<\/li>\n<li>Vklju\u010den je trak za prena\u0161anje<\/li>\n<li>Dimenzije: dol\u017eina 180 cm, \u0161irina 61 cm, debelina 5 mm, te\u017ea 0,9 kg<\/li>\n<\/ul>\n","protected":false},"featured_media":48743,"template":"","meta":{"_et_pb_use_builder":"on","_et_pb_old_content":"Odlo\u017eite harmoniko, poi\u0161\u010dite potrebovane tone in se nato po njih sprehodite. Vadite skoke, lestvice in melodije... mo\u017enosti je neskon\u010dno!\r\n\r\nMehka podloga Invention <b>po\u017eivi u\u010denje harmonike<\/b> in <b>spodbuja bolj\u0161o orientacijo<\/b> na klaviaturi, tako z desno kot z levo roko*.\r\n\r\n<b>Prostorska vizualizacija<\/b> omogo\u010da, da se vrstni red tonov vidi z nove perspektive in se tako <b>bolj\u0161e zapomni<\/b>. Gibi lastnega telesa pomagajo harmonikarjem <b>ponotranjiti prostorski odnos med toni.<\/b>\r\n\r\nZdravo muziciranje: Z rednim vstajanjem in vadbo brez in\u0161trumenta telo <b>razbremenimo<\/b> in <b>za\u0161\u010ditimo<\/b>. Podloga Invention ustvarja <b>ravnovesje<\/b> - za dolgoro\u010dno in zdravo muziciranje!\r\n\r\nPodloga Invention omogo\u010da <b>zabavo<\/b> in <b>gibanje<\/b> v <b>u\u010dilnici<\/b>.\r\n\r\nU\u010denci harmonike z veseljem sami <b>prevzamejo odgovornost<\/b> <b>za<\/b> iskanje tonov po klaviaturi.\r\n\r\nZbogom pasivnemu u\u010denju, pripravite prostor za aktivno razmi\u0161ljanje!\r\n\r\n*Podloga Invention mat je bila razvita za tipkovnice z sistemom C in oznakama tonih C in F. Po \u017eelji je mogo\u010de za dopla\u010dilo natisniti podlogo Invention tudi z druga\u010dno oznako tipk. Zahtevo nam po\u0161ljite po e-po\u0161ti na naslov info@musicm.at.","_et_gb_content_width":""},"product_cat":[15],"product_tag":[],"class_list":{"0":"post-48849","1":"product","2":"type-product","3":"status-publish","4":"has-post-thumbnail","6":"product_cat-unkategorisiert","7":"product_shipping_class-izum","9":"first","10":"instock","11":"shipping-taxable","12":"purchasable","13":"product-type-simple"},"_links":{"self":[{"href":"https:\/\/musicm.at\/sl\/wp-json\/wp\/v2\/product\/48849","targetHints":{"allow":["GET"]}}],"collection":[{"href":"https:\/\/musicm.at\/sl\/wp-json\/wp\/v2\/product"}],"about":[{"href":"https:\/\/musicm.at\/sl\/wp-json\/wp\/v2\/types\/product"}],"wp:featuredmedia":[{"embeddable":true,"href":"https:\/\/musicm.at\/sl\/wp-json\/wp\/v2\/media\/48743"}],"wp:attachment":[{"href":"https:\/\/musicm.at\/sl\/wp-json\/wp\/v2\/media?parent=48849"}],"wp:term":[{"taxonomy":"product_cat","embeddable":true,"href":"https:\/\/musicm.at\/sl\/wp-json\/wp\/v2\/product_cat?post=48849"},{"taxonomy":"product_tag","embeddable":true,"href":"https:\/\/musicm.at\/sl\/wp-json\/wp\/v2\/product_tag?post=48849"}],"curies":[{"name":"wp","href":"https:\/\/api.w.org\/{rel}","templated":true}]}}