{"id":48837,"date":"2023-08-07T11:49:44","date_gmt":"2023-08-07T11:49:44","guid":{"rendered":"https:\/\/musicm.at\/produkt\/rondo\/"},"modified":"2025-03-06T11:46:23","modified_gmt":"2025-03-06T11:46:23","slug":"rondo","status":"publish","type":"product","link":"https:\/\/musicm.at\/sl\/produkt\/rondo\/","title":{"rendered":"Rondo"},"content":{"rendered":"<p>[et_pb_section fb_built=&#8221;1&#8243; _builder_version=&#8221;4.22.1&#8243; width_tablet=&#8221;&#8221; width_phone=&#8221;100%&#8221; width_last_edited=&#8221;on|phone&#8221; module_alignment=&#8221;center&#8221; custom_padding=&#8221;0px||0px||false|false&#8221; global_colors_info=&#8221;{}&#8221;][et_pb_row _builder_version=&#8221;4.22.1&#8243; background_size=&#8221;initial&#8221; background_position=&#8221;top_left&#8221; background_repeat=&#8221;repeat&#8221; width=&#8221;100%&#8221; width_tablet=&#8221;100%&#8221; width_phone=&#8221;100%&#8221; width_last_edited=&#8221;on|phone&#8221; custom_padding=&#8221;0px||0px||false|false&#8221; global_colors_info=&#8221;{}&#8221;][et_pb_column type=&#8221;4_4&#8243; _builder_version=&#8221;4.16&#8243; custom_padding=&#8221;|||&#8221; global_colors_info=&#8221;{}&#8221; custom_padding__hover=&#8221;|||&#8221;][et_pb_wc_cart_notice _builder_version=&#8221;4.21.2&#8243; background_color=&#8221;#d1d1d1&#8243; custom_button=&#8221;on&#8221; button_border_radius=&#8221;0px&#8221; global_colors_info=&#8221;{}&#8221;][\/et_pb_wc_cart_notice][\/et_pb_column][\/et_pb_row][et_pb_row _builder_version=&#8221;4.22.1&#8243; _module_preset=&#8221;default&#8221; width=&#8221;100%&#8221; width_tablet=&#8221;100%&#8221; width_phone=&#8221;100%&#8221; width_last_edited=&#8221;on|phone&#8221; global_colors_info=&#8221;{}&#8221;][et_pb_column type=&#8221;4_4&#8243; _builder_version=&#8221;4.22.1&#8243; _module_preset=&#8221;default&#8221; global_colors_info=&#8221;{}&#8221;][et_pb_video src=&#8221;https:\/\/musicm.at\/wp-content\/uploads\/2023\/09\/rondo_matte_video_V2_klein.mp4&#8243; image_src=&#8221;https:\/\/musicm.at\/wp-content\/uploads\/2023\/09\/screenshot_video.jpg&#8221; play_icon_color=&#8221;#FFFFFF&#8221; font_icon=&#8221;&#x3d;||divi||400&#8243; thumbnail_overlay_color=&#8221;rgba(0,0,0,0.34)&#8221; _builder_version=&#8221;4.22.1&#8243; _module_preset=&#8221;default&#8221; width_last_edited=&#8221;off|desktop&#8221; custom_margin=&#8221;||57px||false|false&#8221; custom_padding=&#8221;||||false|false&#8221; global_colors_info=&#8221;{}&#8221;][\/et_pb_video][\/et_pb_column][\/et_pb_row][et_pb_row column_structure=&#8221;3_5,2_5&#8243; use_custom_gutter=&#8221;on&#8221; gutter_width=&#8221;4&#8243; _builder_version=&#8221;4.22.1&#8243; background_size=&#8221;initial&#8221; background_position=&#8221;top_left&#8221; background_repeat=&#8221;repeat&#8221; width=&#8221;100%&#8221; width_tablet=&#8221;100%&#8221; width_phone=&#8221;100%&#8221; width_last_edited=&#8221;on|phone&#8221; custom_margin=&#8221;20px||||false|false&#8221; custom_padding=&#8221;0px||||false|false&#8221; global_colors_info=&#8221;{}&#8221;][et_pb_column type=&#8221;3_5&#8243; _builder_version=&#8221;4.16&#8243; custom_padding=&#8221;|||&#8221; global_colors_info=&#8221;{}&#8221; custom_padding__hover=&#8221;|||&#8221;][et_pb_wc_images disabled_on=&#8221;off|off|off&#8221; _builder_version=&#8221;4.22.0&#8243; global_colors_info=&#8221;{}&#8221;][\/et_pb_wc_images][\/et_pb_column][et_pb_column type=&#8221;2_5&#8243; _builder_version=&#8221;4.16&#8243; custom_padding=&#8221;|||&#8221; global_colors_info=&#8221;{}&#8221; custom_padding__hover=&#8221;|||&#8221;][et_pb_wc_title _builder_version=&#8221;4.21.2&#8243; header_font=&#8221;Work Sans Thin||||||||&#8221; header_font_size=&#8221;82px&#8221; custom_margin=&#8221;||24px|||&#8221; global_colors_info=&#8221;{}&#8221;][\/et_pb_wc_title][et_pb_wc_description _builder_version=&#8221;4.21.2&#8243; header_4_font=&#8221;Work Sans Medium||||||||&#8221; header_4_font_size=&#8221;20px&#8221; header_4_line_height=&#8221;1.4em&#8221; custom_margin=&#8221;19px||18px||false|false&#8221; global_colors_info=&#8221;{}&#8221;][\/et_pb_wc_description][et_pb_divider _builder_version=&#8221;4.21.2&#8243; _module_preset=&#8221;default&#8221; custom_margin=&#8221;10px||0px||false|false&#8221; custom_padding=&#8221;0px||0px||false|false&#8221; global_colors_info=&#8221;{}&#8221;][\/et_pb_divider][et_pb_wc_price _builder_version=&#8221;4.22.0&#8243; body_font=&#8221;Work Sans Bold||||||||&#8221; body_text_color=&#8221;#000000&#8243; body_font_size=&#8221;30px&#8221; width_tablet=&#8221;&#8221; width_phone=&#8221;&#8221; width_last_edited=&#8221;on|desktop&#8221; custom_margin=&#8221;||14px|||&#8221; custom_padding=&#8221;||||false|false&#8221; body_font_size_tablet=&#8221;30px&#8221; body_font_size_phone=&#8221;30px&#8221; body_font_size_last_edited=&#8221;on|phone&#8221; global_colors_info=&#8221;{}&#8221;][\/et_pb_wc_price][et_pb_divider _builder_version=&#8221;4.22.0&#8243; _module_preset=&#8221;default&#8221; custom_margin=&#8221;20px||0px||false|false&#8221; custom_padding=&#8221;0px||0px||false|false&#8221; global_colors_info=&#8221;{}&#8221;][\/et_pb_divider][et_pb_wc_add_to_cart show_stock=&#8221;off&#8221; field_label_position=&#8221;inline&#8221; _builder_version=&#8221;4.21.2&#8243; dropdown_menus_font_size=&#8221;16px&#8221; custom_button=&#8221;on&#8221; button_border_radius=&#8221;0px&#8221; custom_padding=&#8221;||20px||false|false&#8221; custom_padding_tablet=&#8221;||20px||false|false&#8221; custom_padding_phone=&#8221;||20px||false|false&#8221; custom_padding_last_edited=&#8221;on|phone&#8221; global_colors_info=&#8221;{}&#8221;][\/et_pb_wc_add_to_cart][et_pb_text _builder_version=&#8221;4.22.0&#8243; _module_preset=&#8221;default&#8221; text_font=&#8221;Work Sans Light||||||||&#8221; text_text_color=&#8221;#000000&#8243; text_font_size=&#8221;17px&#8221; text_line_height=&#8221;1.5em&#8221; ul_font_size=&#8221;22px&#8221; ul_line_height=&#8221;1.5em&#8221; header_5_font=&#8221;Work Sans Bold||||||||&#8221; header_5_text_color=&#8221;#000000&#8243; header_5_font_size=&#8221;20px&#8221; background_color=&#8221;#dcf2b0&#8243; background_enable_image=&#8221;off&#8221; background_blend=&#8221;darken&#8221; transform_translate_linked=&#8221;off&#8221; custom_padding=&#8221;30px|30px|10px|30px|false|false&#8221; custom_padding_tablet=&#8221;30px|30px|10px|30px|false|false&#8221; custom_padding_phone=&#8221;50px|30px|30px|20px|false|false&#8221; custom_padding_last_edited=&#8221;on|phone&#8221; text_font_tablet=&#8221;Work Sans Light||||||||&#8221; text_font_phone=&#8221;Work Sans Light||||||||&#8221; text_font_last_edited=&#8221;on|phone&#8221; text_font_size_tablet=&#8221;17px&#8221; text_font_size_phone=&#8221;20px&#8221; text_font_size_last_edited=&#8221;on|desktop&#8221; ul_font_size_tablet=&#8221;22px&#8221; ul_font_size_phone=&#8221;25px&#8221; ul_font_size_last_edited=&#8221;on|phone&#8221; header_5_font_size_tablet=&#8221;20px&#8221; header_5_font_size_phone=&#8221;17px&#8221; header_5_font_size_last_edited=&#8221;on|phone&#8221; border_color_all=&#8221;#ededed&#8221; locked=&#8221;off&#8221; global_colors_info=&#8221;{}&#8221;]<\/p>\n<h5>Na\u0161e podloge so:<\/h5>\n<ul>\n<li>Produkti trajnostne in regionalne proizvodnje<\/li>\n<li>100 % kav\u010duk<\/li>\n<li>Brez ftalatov in meh\u010dalcev<\/li>\n<li>Brez \u0161kodljivih snovi<\/li>\n<\/ul>\n<p>[\/et_pb_text][et_pb_image src=&#8221;https:\/\/musicm.at\/wp-content\/uploads\/2023\/05\/musical_element1.png&#8221; title_text=&#8221;musical_element1&#8243; _builder_version=&#8221;4.21.2&#8243; _module_preset=&#8221;default&#8221; transform_scale_tablet=&#8221;&#8221; transform_scale_phone=&#8221;&#8221; transform_scale_last_edited=&#8221;on|desktop&#8221; transform_translate=&#8221;-28px|-120px&#8221; transform_translate_tablet=&#8221;-43px|-152px&#8221; transform_translate_phone=&#8221;-17px|-92px&#8221; transform_translate_last_edited=&#8221;on|phone&#8221; transform_translate_linked=&#8221;off&#8221; transform_rotate_tablet=&#8221;&#8221; transform_rotate_phone=&#8221;&#8221; transform_rotate_last_edited=&#8221;on|desktop&#8221; transform_skew_tablet=&#8221;&#8221; transform_skew_phone=&#8221;&#8221; transform_skew_last_edited=&#8221;on|desktop&#8221; transform_origin_tablet=&#8221;&#8221; transform_origin_phone=&#8221;&#8221; transform_origin_last_edited=&#8221;on|desktop&#8221; transform_styles_last_edited=&#8221;on|phone&#8221; width=&#8221;18%&#8221; width_tablet=&#8221;18%&#8221; width_phone=&#8221;17%&#8221; width_last_edited=&#8221;on|tablet&#8221; module_alignment=&#8221;right&#8221; filter_brightness=&#8221;0%&#8221; transform_styles_tablet=&#8221;&#8221; transform_styles_phone=&#8221;&#8221; locked=&#8221;off&#8221; global_colors_info=&#8221;{}&#8221;][\/et_pb_image][\/et_pb_column][\/et_pb_row][\/et_pb_section][et_pb_section fb_built=&#8221;1&#8243; _builder_version=&#8221;4.22.1&#8243; _module_preset=&#8221;default&#8221; width_tablet=&#8221;&#8221; width_phone=&#8221;100%&#8221; width_last_edited=&#8221;on|phone&#8221; custom_margin=&#8221;-130px||||false|false&#8221; custom_margin_tablet=&#8221;-150px||||false|false&#8221; custom_margin_phone=&#8221;-100px||||false|false&#8221; custom_margin_last_edited=&#8221;on|tablet&#8221; custom_padding=&#8221;0px||||false|false&#8221; global_colors_info=&#8221;{}&#8221;][et_pb_row _builder_version=&#8221;4.21.2&#8243; _module_preset=&#8221;default&#8221; transform_scale_tablet=&#8221;&#8221; transform_scale_phone=&#8221;&#8221; transform_scale_last_edited=&#8221;on|desktop&#8221; transform_translate=&#8221;125px|87px&#8221; transform_translate_tablet=&#8221;101px|87px&#8221; transform_translate_phone=&#8221;-1px|31px&#8221; transform_translate_last_edited=&#8221;on|phone&#8221; transform_translate_linked=&#8221;off&#8221; transform_rotate_tablet=&#8221;&#8221; transform_rotate_phone=&#8221;&#8221; transform_rotate_last_edited=&#8221;on|desktop&#8221; transform_skew_tablet=&#8221;&#8221; transform_skew_phone=&#8221;&#8221; transform_skew_last_edited=&#8221;on|desktop&#8221; transform_origin_tablet=&#8221;&#8221; transform_origin_phone=&#8221;&#8221; transform_origin_last_edited=&#8221;on|desktop&#8221; transform_styles_last_edited=&#8221;on|phone&#8221; transform_styles_tablet=&#8221;&#8221; transform_styles_phone=&#8221;&#8221; locked=&#8221;off&#8221; global_colors_info=&#8221;{}&#8221;][et_pb_column type=&#8221;4_4&#8243; _builder_version=&#8221;4.21.2&#8243; _module_preset=&#8221;default&#8221; global_colors_info=&#8221;{}&#8221;][et_pb_text _builder_version=&#8221;4.21.2&#8243; _module_preset=&#8221;default&#8221; text_font=&#8221;Work Sans Bold||||||||&#8221; header_font=&#8221;Work Sans Thin|100|||||||&#8221; header_text_align=&#8221;left&#8221; header_font_size=&#8221;60px&#8221; header_2_font=&#8221;Work Sans Thin||||||||&#8221; header_2_line_height=&#8221;1.4em&#8221; transform_scale_tablet=&#8221;&#8221; transform_scale_phone=&#8221;&#8221; transform_scale_last_edited=&#8221;on|phone&#8221; transform_translate_tablet=&#8221;&#8221; transform_translate_phone=&#8221;&#8221; transform_translate_last_edited=&#8221;on|desktop&#8221; transform_rotate_tablet=&#8221;&#8221; transform_rotate_phone=&#8221;&#8221; transform_rotate_last_edited=&#8221;on|phone&#8221; transform_skew_tablet=&#8221;&#8221; transform_skew_phone=&#8221;&#8221; transform_skew_last_edited=&#8221;on|phone&#8221; transform_origin_tablet=&#8221;&#8221; transform_origin_phone=&#8221;&#8221; transform_origin_last_edited=&#8221;on|phone&#8221; transform_styles_last_edited=&#8221;on|desktop&#8221; width=&#8221;44%&#8221; width_tablet=&#8221;74%&#8221; width_phone=&#8221;100%&#8221; width_last_edited=&#8221;on|tablet&#8221; max_width_tablet=&#8221;&#8221; max_width_phone=&#8221;&#8221; max_width_last_edited=&#8221;on|tablet&#8221; module_alignment=&#8221;center&#8221; custom_margin=&#8221;||||false|false&#8221; custom_padding=&#8221;||||false|false&#8221; header_font_size_tablet=&#8221;60px&#8221; header_font_size_phone=&#8221;50px&#8221; header_font_size_last_edited=&#8221;on|phone&#8221; transform_styles_tablet=&#8221;&#8221; transform_styles_phone=&#8221;&#8221; inline_fonts=&#8221;Work Sans Light&#8221; global_colors_info=&#8221;{}&#8221; width__hover_enabled=&#8221;off|desktop&#8221;]<\/p>\n<h1><span style=\"font-family: 'Work Sans Light'; font-weight: normal;\">Navdih za Rondo<\/span><span style=\"font-family: 'Work Sans Light'; font-weight: normal;\">.<\/span><\/h1>\n<p>[\/et_pb_text][\/et_pb_column][\/et_pb_row][et_pb_row column_structure=&#8221;2_5,3_5&#8243; _builder_version=&#8221;4.21.2&#8243; _module_preset=&#8221;default&#8221; custom_margin=&#8221;100px||||false|false&#8221; custom_margin_tablet=&#8221;0px||||false|false&#8221; custom_margin_phone=&#8221;0px||||false|false&#8221; custom_margin_last_edited=&#8221;on|phone&#8221; global_colors_info=&#8221;{}&#8221;][et_pb_column type=&#8221;2_5&#8243; _builder_version=&#8221;4.21.2&#8243; _module_preset=&#8221;default&#8221; global_colors_info=&#8221;{}&#8221;][et_pb_image src=&#8221;https:\/\/musicm.at\/wp-content\/uploads\/2023\/08\/jure_portrait_klein.jpg&#8221; title_text=&#8221;jure_portrait_small&#8221; _builder_version=&#8221;4.21.2&#8243; _module_preset=&#8221;default&#8221; transform_scale_tablet=&#8221;&#8221; transform_scale_phone=&#8221;&#8221; transform_scale_last_edited=&#8221;on|phone&#8221; transform_translate=&#8221;1px|-176px&#8221; transform_translate_tablet=&#8221;-154px|0px&#8221; transform_translate_phone=&#8221;-93px|0px&#8221; transform_translate_last_edited=&#8221;on|phone&#8221; transform_translate_linked=&#8221;off&#8221; transform_rotate_tablet=&#8221;&#8221; transform_rotate_phone=&#8221;&#8221; transform_rotate_last_edited=&#8221;on|phone&#8221; transform_skew_tablet=&#8221;&#8221; transform_skew_phone=&#8221;&#8221; transform_skew_last_edited=&#8221;on|phone&#8221; transform_origin_tablet=&#8221;&#8221; transform_origin_phone=&#8221;&#8221; transform_origin_last_edited=&#8221;on|phone&#8221; transform_styles_last_edited=&#8221;on|phone&#8221; width=&#8221;100%&#8221; width_tablet=&#8221;64%&#8221; width_phone=&#8221;64%&#8221; width_last_edited=&#8221;on|phone&#8221; transform_styles_tablet=&#8221;&#8221; transform_styles_phone=&#8221;&#8221; border_radii=&#8221;on|100%|100%|100%|100%&#8221; global_colors_info=&#8221;{}&#8221;][\/et_pb_image][\/et_pb_column][et_pb_column type=&#8221;3_5&#8243; _builder_version=&#8221;4.21.2&#8243; _module_preset=&#8221;default&#8221; global_colors_info=&#8221;{}&#8221;][et_pb_text _builder_version=&#8221;4.21.2&#8243; _module_preset=&#8221;default&#8221; text_line_height=&#8221;1.6em&#8221; header_3_font=&#8221;Work Sans Light||||||||&#8221; header_3_font_size=&#8221;48px&#8221; header_4_font=&#8221;Work Sans Bold||||||||&#8221; header_4_font_size=&#8221;16px&#8221; global_colors_info=&#8221;{}&#8221;]<\/p>\n<h3>Jure Robek<\/h3>\n<h4>je klarinetist in ustanovitelj <a href=\"http:\/\/musicm.at\">musicm.at.<\/a><\/h4>\n<p>[\/et_pb_text][et_pb_text _builder_version=&#8221;4.21.2&#8243; _module_preset=&#8221;default&#8221; global_colors_info=&#8221;{}&#8221;]\u017de ve\u010d kot deset let u\u010dencem pomaga tudi pri pripravi na tekmovanja in izpite, kar mu je dalo idejo za komplet Rondo. Z ustanovitvijo <a href=\"http:\/\/musicm.at\">musicm.at<\/a> \u017eeli prispevati k razvoju zdrave in uspe\u0161ne instrumentalne pedagogike.<br \/>\n[\/et_pb_text][\/et_pb_column][\/et_pb_row][\/et_pb_section][et_pb_section fb_built=&#8221;1&#8243; _builder_version=&#8221;4.22.1&#8243; _module_preset=&#8221;default&#8221; width_tablet=&#8221;&#8221; width_phone=&#8221;100%&#8221; width_last_edited=&#8221;on|phone&#8221; custom_padding=&#8221;19px|||||&#8221; global_colors_info=&#8221;{}&#8221;][et_pb_row _builder_version=&#8221;4.21.2&#8243; _module_preset=&#8221;default&#8221; width=&#8221;100%&#8221; custom_margin=&#8221;||30px||false|false&#8221; global_colors_info=&#8221;{}&#8221;][et_pb_column type=&#8221;4_4&#8243; _builder_version=&#8221;4.21.2&#8243; _module_preset=&#8221;default&#8221; global_colors_info=&#8221;{}&#8221;][et_pb_tabs active_tab_background_color=&#8221;#000000&#8243; inactive_tab_background_color=&#8221;#efefef&#8221; active_tab_text_color=&#8221;#FFFFFF&#8221; _builder_version=&#8221;4.22.1&#8243; _module_preset=&#8221;default&#8221; tab_text_color=&#8221;#000000&#8243; body_line_height=&#8221;1.6em&#8221; tab_font=&#8221;Work Sans Medium|500|||||||&#8221; width_tablet=&#8221;&#8221; width_phone=&#8221;&#8221; width_last_edited=&#8221;on|phone&#8221; custom_margin=&#8221;||||false|false&#8221; custom_padding=&#8221;|10px||10px|false|false&#8221; border_width_all=&#8221;0px&#8221; border_color_all=&#8221;#000000&#8243; global_colors_info=&#8221;{}&#8221;][et_pb_tab title=&#8221;Opis izdelka&#8221; _builder_version=&#8221;4.21.2&#8243; _module_preset=&#8221;default&#8221; global_colors_info=&#8221;{}&#8221;]Izberite karto, prepoznajte lestvice, dolo\u010dite artikulacijo in ritem ter igrajte v gibanju&#8230; <b>vadba lestvic je lahko zabavna<\/b>!<\/p>\n<p>Set Rondo, ki ga sestavljajo podloga in 55 igralnih kart, je odli\u010den pripomo\u010dek za <b>uspe\u0161en pouk in\u0161trumenta<\/b>.<\/p>\n<p>Razli\u010dne kombinacije kart in igrivost spodbujajo<b> zabavno vadbo<\/b> in so idealne za <b>individualne<\/b> in <b>skupinske u\u010dne ure<\/b>.<\/p>\n<p>Tehnika na in\u0161trumentu: spreminjanje ritmov, razli\u010dne artikulacije in dinamike, do\u017eivljanje novih telesnih zaznav&#8230; Igranje na podlagi Rondo temelji na na\u010delu <b>diferencirane vadbe<\/b>. Posledi\u010dno si zahtevana zaporedja zapomnimo bolje in hitreje. \u0160e posebej so rezultati vidni pri pripravah na izpite.<\/p>\n<p>Teoreti\u010dno znanje: S <b>prostorsko vizualizacijo<\/b> je odnos med klju\u010di viden z nove perspektive in bolj trdno zasidran.<\/p>\n<p>Zdravo muziciranje: \u0160tevilne mo\u017enosti gibanja zagotavljajo <b>telesno ravnovesje<\/b> med poukom in spodbujajo <b>dinami\u010dno dr\u017eo na instrumentu<\/b>. Seveda lahko podlogo uporabljate tudi kot podlogo za telesno vadbo\/jogo!<\/p>\n<p>Ve\u010d informacij o setu Rondo, igralnih kartah in 6 osnovnih brezpla\u010dnih vajah lahko dobite tukaj: Navodila za igro: tukaj: <a href=\"https:\/\/musicm.at\/wp-content\/uploads\/2025\/03\/Glasbena-podloga-Rondo.pdf\" target=\"_blank\" rel=\"noopener\">navodila za igro<\/a><br \/>\n[\/et_pb_tab][et_pb_tab title=&#8221;Navodila za nego&#8221; _builder_version=&#8221;4.21.2&#8243; _module_preset=&#8221;default&#8221; global_colors_info=&#8221;{}&#8221;]Uporabite mehko gobo ali mehko krpo z milnico ali blagim gospodinjskim \u010distilom.<\/p>\n<p>Za \u010di\u0161\u010denje nikakor ne smete uporabljati bencina, alkohola in komercialno dostopnih sredstev za odstranjevanje made\u017eev.<\/p>\n<p>Podloge nikoli ne perite v pralnem stroju! Podloga ni primerna za su\u0161enje v su\u0161ilnem stroju. Podloge ne \u010distite s sesalnikom, saj jo lahko po\u0161kodujete.<\/p>\n<p>Podlogo je mogo\u010de o\u010distiti z razku\u017eilom za \u010di\u0161\u010denje povr\u0161in (brez alkohola). Pri tem so se kot u\u010dinkovita izkazala dezinfekcijska \u010distila Sagrotan in Mikrozid.<br \/>\n[\/et_pb_tab][et_pb_tab title=&#8221;Dostava&#8221; _builder_version=&#8221;4.21.2&#8243; _module_preset=&#8221;default&#8221; global_colors_info=&#8221;{}&#8221;]Po\u0161iljamo po vsej Evropi. To vklju\u010duje naslednje dr\u017eave (celinske):<\/p>\n<p>Belgija, Bolgarija, Danska, Nem\u010dija, Estonija, Finska, Francija, Gr\u010dija, Irska, Italija, Hrva\u0161ka, Latvija, Litva, Luksemburg, Malta, Nizozemska, Avstrija, Poljska, Portugalska, Romunija, \u0160vedska, Slova\u0161ka, Slovenija, \u0160panija, \u010ce\u0161ka, Mad\u017earska.<\/p>\n<p>V primeru dostave v vse druge dr\u017eave nosi vse uvozne in izvozne stro\u0161ke, vklju\u010dno z vsemi carinskimi dajatvami, pristojbinami in stro\u0161ki, kupec.<\/p>\n<p>\u010ce \u017eelite dostavo v druge dr\u017eave (\u0160vica), na Ciper ali otoke, nas kontaktirajte po e-po\u0161ti in posredovali vam bomo nezavezujo\u010do ponudbo.<br \/>\n[\/et_pb_tab][et_pb_tab title=&#8221;Stro\u0161ki po\u0161iljanja&#8221; _builder_version=&#8221;4.22.1&#8243; _module_preset=&#8221;default&#8221; global_colors_info=&#8221;{}&#8221;]Komplet Rondo ali samo podloga Rondo &#8211; dostava v Avstrijo: 15 \u20ac<\/p>\n<p>Komplet Rondo ali samo podloga Rondo &#8211; po\u0161iljanje po Evropi: 25 \u20ac<\/p>\n<p>Igralne karte Rondo &#8211; Dostava v Avstrijo: brezpla\u010dna<\/p>\n<p>Igralne karte Rondo &#8211; Dostava po vsej Evropi: brezpla\u010dna<\/p>\n<p>Naro\u010dila v vrednosti nad 240 \u20ac vklju\u010dujejo <b>brezpla\u010dno dostavo.<\/b><br \/>\n[\/et_pb_tab][\/et_pb_tabs][\/et_pb_column][\/et_pb_row][\/et_pb_section]<\/p>\n","protected":false},"excerpt":{"rendered":"<h4>Vsestranska in celostna vadba lestvic na zabaven na\u010din!<\/h4>\n<ul>\n<li>1 podloga (\u00d8 150 cm, debelina 5 mm, te\u017ea 1,1 kg)<\/li>\n<li>55 igralnih kart<\/li>\n<li>6 vaj<\/li>\n<li>Z trakom za shranjevanje<\/li>\n<li>Namenjena pouku in\u0161trumenta in glasbene teorije<\/li>\n<li>Vizualno atraktivna podloga nudi prijeten prostor za vadbo in\u0161trumenta<\/li>\n<li>Plod dolgoletnih izku\u0161enj glasbenih pedagogov<\/li>\n<li>Vodo odbojna in pralno povr\u0161ina<\/li>\n<\/ul>\n","protected":false},"featured_media":48774,"template":"","meta":{"_et_pb_use_builder":"on","_et_pb_old_content":"Izberite karte, prepoznajte lestvice, dolo\u010dite artikulacijo in ritem ter igrajte v vseh polo\u017eajih... <b>Kon\u010dno je vadba lestvic zabavna<\/b>!\r\n\r\nKomplet Rondo, ki ga sestavljajo podloga in 55 igralnih kart, je odli\u010den pripomo\u010dek za <b>uspe\u0161en pouk instrumenta<\/b>.\r\n\r\nRazli\u010dne kombinacije kart in igrivost spodbujajo<b> zabavno vadbo<\/b> in so idealne za <b>individualne<\/b> in <b>skupinske u\u010dne ure<\/b>.\r\n\r\nTehnika na instrumentu: spreminjanje ritmov, razli\u010dne artikulacije in dinamike, do\u017eivljanje novih telesnih zaznav... komplet Rondo temelji na na\u010delu <b>diferencirane vadbe<\/b>. Tako si instrumentalna zaporedja zapomnimo bolje in hitreje, bodisi \"kar tako\" bodisi kot pripravo na preizkus uspe\u0161nosti.\r\n\r\nTeoreti\u010dno znanje: S <b>prostorsko vizualizacijo<\/b> je odnos med klju\u010di viden z nove perspektive in bolj trdno zasidran.\r\n\r\nZdravo muziciranje: \u0160tevilne mo\u017enosti gibanja zagotavljajo <b>telesno ravnovesje<\/b> med poukom in spodbujajo <b>dinami\u010dno dr\u017eo na instrumentu<\/b>. Seveda lahko podlogo uporabljate tudi kot podlogo za telesno vadbo\/jogo!\r\n\r\nVe\u010d informacij o kompletu Rondo, igralnih kartah in 6 osnovnih brezpla\u010dnih vajah lahko dobite tukaj: Navodila za igro: tukaj: <a href=\"https:\/\/musicm.at\/wp-content\/uploads\/2025\/03\/Glasbena-podloga-Rondo.pdf\" target=\"_blank\" rel=\"noopener\">navodila za igro<\/a>","_et_gb_content_width":""},"product_cat":[15],"product_tag":[],"class_list":{"0":"post-48837","1":"product","2":"type-product","3":"status-publish","4":"has-post-thumbnail","6":"product_cat-unkategorisiert","7":"product_shipping_class-rondo-sl","9":"first","10":"instock","11":"shipping-taxable","12":"purchasable","13":"product-type-variable","14":"has-default-attributes"},"_links":{"self":[{"href":"https:\/\/musicm.at\/sl\/wp-json\/wp\/v2\/product\/48837","targetHints":{"allow":["GET"]}}],"collection":[{"href":"https:\/\/musicm.at\/sl\/wp-json\/wp\/v2\/product"}],"about":[{"href":"https:\/\/musicm.at\/sl\/wp-json\/wp\/v2\/types\/product"}],"wp:featuredmedia":[{"embeddable":true,"href":"https:\/\/musicm.at\/sl\/wp-json\/wp\/v2\/media\/48774"}],"wp:attachment":[{"href":"https:\/\/musicm.at\/sl\/wp-json\/wp\/v2\/media?parent=48837"}],"wp:term":[{"taxonomy":"product_cat","embeddable":true,"href":"https:\/\/musicm.at\/sl\/wp-json\/wp\/v2\/product_cat?post=48837"},{"taxonomy":"product_tag","embeddable":true,"href":"https:\/\/musicm.at\/sl\/wp-json\/wp\/v2\/product_tag?post=48837"}],"curies":[{"name":"wp","href":"https:\/\/api.w.org\/{rel}","templated":true}]}}