{"id":49070,"date":"2023-08-07T09:52:51","date_gmt":"2023-08-07T09:52:51","guid":{"rendered":"https:\/\/musicm.at\/splosni-pogoji\/"},"modified":"2025-02-17T19:16:16","modified_gmt":"2025-02-17T19:16:16","slug":"splosni-pogoji","status":"publish","type":"page","link":"https:\/\/musicm.at\/sl\/splosni-pogoji\/","title":{"rendered":"Splo\u0161ni pogoji"},"content":{"rendered":"<p>[et_pb_section fb_built=&#8221;1&#8243; _builder_version=&#8221;4.21.2&#8243; _module_preset=&#8221;default&#8221; global_colors_info=&#8221;{}&#8221;][et_pb_row _builder_version=&#8221;4.22.1&#8243; _module_preset=&#8221;default&#8221; width=&#8221;70%&#8221; width_tablet=&#8221;70%&#8221; width_phone=&#8221;85%&#8221; width_last_edited=&#8221;on|phone&#8221; global_colors_info=&#8221;{}&#8221;][et_pb_column type=&#8221;4_4&#8243; _builder_version=&#8221;4.21.2&#8243; _module_preset=&#8221;default&#8221; global_colors_info=&#8221;{}&#8221;][et_pb_text _builder_version=&#8221;4.21.2&#8243; _module_preset=&#8221;default&#8221; text_font=&#8221;Work Sans Light||||||||&#8221; text_font_size=&#8221;130px&#8221; position_origin_a=&#8221;bottom_right&#8221; vertical_offset=&#8221;5px&#8221; horizontal_offset=&#8221;-80px&#8221; text_orientation=&#8221;right&#8221; width=&#8221;100%&#8221; custom_padding_tablet=&#8221;||45px||false|false&#8221; custom_padding_phone=&#8221;||45px||false|false&#8221; custom_padding_last_edited=&#8221;on|tablet&#8221; text_font_size_tablet=&#8221;100px&#8221; text_font_size_phone=&#8221;80px&#8221; text_font_size_last_edited=&#8221;on|phone&#8221; inline_fonts=&#8221;Work Sans Light&#8221; global_colors_info=&#8221;{}&#8221;]<\/p>\n<p><span style=\"font-family: 'Work Sans Light'; font-weight: normal; font-size: 130px;\">SPP<\/span><\/p>\n<p>[\/et_pb_text][et_pb_text _builder_version=&#8221;4.21.2&#8243; _module_preset=&#8221;default&#8221; global_colors_info=&#8221;{}&#8221;]<\/p>\n<p><strong>Splo\u0161ni pogoji poslovanja dru\u017ebe Jure Robek e.U.<\/strong><\/p>\n<p><strong>\u00a7 1 Splo\u0161no<\/strong><\/p>\n<p>1.1 Ti splo\u0161ni pogoji poslovanja (v nadaljnjem besedilu: SPP) veljajo za vse pogodbe, sklenjene med naro\u010dnikom dela, kupcem ali stranko (v nadaljnjem besedilu: naro\u010dnik) in na\u0161im podjetjem Jure Robek e.U. (v nadaljnjem besedilu: dobavitelj) v zvezi z na\u0161im blagom in\/ali storitvami, zlasti za pogodbe o nakupu, pogodbe o delu in storitvah ali druge naro\u010dene storitve.<\/p>\n<p>Vklju\u010ditev lastnih pogojev stranke se zavrne, razen \u010de ni druga\u010de dogovorjeno. \u010ce ima dobavitelj s stranko dalj\u0161e poslovno razmerje, se ti splo\u0161ni pogoji poslovanja uporabljajo, tudi \u010de se na njihovo veljavnost ne sklicuje posebej. Splo\u0161ni pogoji poslovanja veljajo tudi za naknadna naro\u010dila, tudi \u010de niso posebej ustno ali pisno dogovorjena.  <\/p>\n<p>1.2 Stranka v smislu teh splo\u0161nih pogojev poslovanja je fizi\u010dna ali pravna oseba ali partnerstvo s pravno sposobnostjo, ki pri sklepanju pravnega posla deluje v okviru svoje poslovne ali samostojne poklicne dejavnosti.<\/p>\n<p>1.3 Za poslovne stranke se ob sklenitvi pogodbe uporablja veljavna razli\u010dica na\u0161ih splo\u0161nih pogojev poslovanja, ki je na voljo na na\u0161i spletni strani http:\/\/musicm.at. Te bodo prav tako poslane stranki.<\/p>\n<p>1.4 Pogodbe sklepamo izklju\u010dno na podlagi na\u0161ih splo\u0161nih pogojev poslovanja.<\/p>\n<p>1.5 Pogoji stranke ali spremembe ali dopolnitve na\u0161ih splo\u0161nih pogojev poslovanja zahtevajo na\u0161e pisno soglasje, da bi bili veljavni.<\/p>\n<p>1.6 Pogoji stranke se ne priznajo, tudi \u010de jim po prejemu izrecno ne nasprotujemo.<\/p>\n<p><strong>\u00a7 2 Sklenitev pogodbe, hramba besedila pogodbe  <\/strong><\/p>\n<p>2.1 Naslednje dolo\u010dbe o sklepanju pogodb veljajo za naro\u010dila, oddana prek na\u0161e spletne trgovine http:\/\/musicm.at, in za vsa naro\u010dila, oddana prek kontaktnega obrazca ali e-po\u0161te. <\/p>\n<p>2.2 \u010ce je pogodba sklenjena, je pogodba sklenjena z<\/p>\n<p>Jure Robek e.U. Mildenbergstra\u00dfe 2B 6900 Bregenz Avstrija<\/p>\n<p>Lastnik: Jure Robek musicm.at info@musicm.at<\/p>\n<p>uresni\u010dila.<\/p>\n<p>2.3 Predstavitev blaga v na\u0161i spletni trgovini ne predstavlja pravno zavezujo\u010de pogodbene ponudbe z na\u0161e strani, temve\u010d je le nezavezujo\u010de povabilo kupcu, da naro\u010di blago. Z naro\u010dilom \u017eelenega blaga stranka predlo\u017ei zavezujo\u010do ponudbo za sklenitev kupoprodajne pogodbe.  <\/p>\n<p>2.4 Po prejemu naro\u010dila v na\u0161i spletni trgovini veljajo naslednje dolo\u010dbe: 2.4.1. Z uspe\u0161nim zaklju\u010dkom postopka naro\u010dila v na\u0161i spletni trgovini kupec odda zavezujo\u010do pogodbeno ponudbo. <\/p>\n<p>Naro\u010dilo je oddano v naslednjih korakih:<\/p>\n<p>1) Izbira \u017eelenega blaga<\/p>\n<p>2) Potrdite s klikom na gumb &#8220;Naro\u010dilo&#8221;.<\/p>\n<p>3) Preverjanje podatkov v nakupovalni ko\u0161arici<\/p>\n<p>4) Pritisnite gumb &#8220;ko\u0161arica&#8221;.<\/p>\n<p>5) Ponovno preverite ali popravite vnesene podatke.<\/p>\n<p>6) zavezujo\u010de po\u0161iljanje naro\u010dila s klikom na gumb &#8220;pla\u010dljivo naro\u010dilo&#8221; ali &#8220;nakup&#8221;.<\/p>\n<p>Pred oddajo zavezujo\u010dega naro\u010dila se lahko kupec vrne na spletno mesto, na katerem so zapisani njegovi podatki, in popravi vnosne napake ali prekli\u010de postopek naro\u010dila tako, da zapre spletni brskalnik s pritiskom na gumb &#8220;Nazaj&#8221; v spletnem brskalniku, ki ga uporablja po preverjanju svojih podatkov. Prejem naro\u010dila takoj potrdimo z avtomatsko ustvarjenim elektronskim sporo\u010dilom (&#8220;potrditev naro\u010dila&#8221;). S tem sprejmemo va\u0161o ponudbo.  <\/p>\n<p>2.5 Shranjevanje besedila pogodbe za naro\u010dila, oddana prek na\u0161e spletne trgovine: Podatke o naro\u010dilu in na\u0161e splo\u0161ne pogoje poslovanja vam bomo poslali po elektronski po\u0161ti. Splo\u0161ne pogoje poslovanja si lahko kadar koli ogledate tudi na spletni strani http:\/\/musicm.at\/AGB. Zaradi varnostnih razlogov va\u0161i podatki o naro\u010dilu niso ve\u010d dostopni prek spleta.   <\/p>\n<p><strong>\u00a7 3 Cene, pla\u010dilo, rok pla\u010dila<\/strong><\/p>\n<p>3.1 Navedena cena je skupna cena, ki ji je treba pri\u0161teti stro\u0161ke dostave. Zaradi uredbe o malem gospodarstvu v skladu s \u010dlenom 6 Abs. 1 Z 27 UStG. se prometni davek ne obra\u010duna in zato ni prikazan (uredba o malem gospodarstvu).       Poravnava poteka izklju\u010dno v evrih (\u20ac).<\/p>\n<p>3.2 Stranka ima mo\u017enost pla\u010dila vnaprej, PayPal, kreditno kartico (Visa, Mastercard). <\/p>\n<p>3.3 \u010ce se je kupec odlo\u010dil za pla\u010dilo vnaprej, se zavezuje, da bo kupnino pla\u010dal takoj po sklenitvi pogodbe. <\/p>\n<p>3.4 Pla\u010dila, ki jih stranka opravi na nakaznicah, za nas niso zavezujo\u010da. <\/p>\n<p>3.5 V skladu s \u010dlenom 456 avstrijskega trgovinskega zakonika (UGB) smo podjetnikom kot strankam upravi\u010deni zara\u010dunati 9,2 % to\u010dke nad osnovno obrestno mero, \u010de zamujajo s pla\u010dilom. Fizi\u010dnim osebam zara\u010dunavamo 4-odstotno obrestno mero.  <\/p>\n<p>3.6 Pridr\u017eujemo si pravico do uveljavljanja nadaljnjih od\u0161kodninskih zahtevkov zaradi zamude, vendar le proti fizi\u010dnim osebam kot strankam, \u010de se o tem podrobno dogovorimo. <\/p>\n<p>3.7 \u010ce podjetni\u0161ka stranka zamuja s pla\u010dili v okviru drugih pogodbenih razmerij z nami, smo upravi\u010deni do prekinitve izpolnjevanja na\u0161ih obveznosti po tej pogodbi, dokler jih stranka ne izpolni. <\/p>\n<p>3.8 V tem primeru smo upravi\u010deni tudi do prijave vseh terjatev za \u017ee opravljene storitve iz trenutnega poslovnega razmerja s stranko. <\/p>\n<p>3.9 Kupec brez na\u0161ega pisnega soglasja ne sme odstopiti terjatev in pravic, ki izhajajo iz pogodbenega razmerja. <\/p>\n<p>3.10. \u010ce je pla\u010dilni rok prekora\u010den, se morebitno odobreno nadomestilo (popusti, rabati itd.) zadr\u017ei in pri\u0161teje k ra\u010dunu. <\/p>\n<p>3.11. Za opomine, ki so potrebni in primerni za izterjavo, se stranka zavezuje, da bo v primeru krivdne zamude pla\u010dila pla\u010dala stro\u0161ke opomina v vi\u0161ini 10 EUR na opomin, \u010de je to v razumnem sorazmerju z zahtevano terjatvijo. <\/p>\n<p><strong>\u00a7 4 Dostava in stro\u0161ki po\u0161iljanja<\/strong><\/p>\n<p>4.1 \u010ce v opisu izdelka ni jasno navedeno druga\u010de, so vsi izdelki, ki jih ponujamo, pripravljeni za takoj\u0161njo odpremo. Dostava bo opravljena najpozneje v 7 delovnih dneh. V primeru pla\u010dila vnaprej se rok dobave za\u010dne naslednji dan po tem, ko je pla\u010dilni nalog poslan banki, pristojni za nakazilo, za vse druge na\u010dine pla\u010dila pa naslednji dan po sklenitvi pogodbe. \u010ce rok pade na soboto, nedeljo ali dr\u017eavni praznik v kraju dostave, se rok izte\u010de naslednji delovni dan.    <\/p>\n<p>4.2 Nevarnost naklju\u010dne izgube in naklju\u010dnega poslab\u0161anja prodanega predmeta preide na stranko \u0161ele, ko je predmet izro\u010den stranki, tudi v primeru prodaje z odpo\u0161iljanjem. <\/p>\n<p>4.3 Po\u0161iljamo po vsej Evropi. To vklju\u010duje naslednje dr\u017eave (celinske):  <\/p>\n<p>Belgija, Bolgarija, Danska, Nem\u010dija, Estonija, Finska, Francija, Gr\u010dija, Irska, Italija, Hrva\u0161ka, Latvija, Litva, Luksemburg, Malta, Nizozemska, Avstrija, Poljska, Portugalska, Romunija, \u0160vedska, Slova\u0161ka, Slovenija, \u0160panija, \u010ce\u0161ka, Mad\u017earska.<\/p>\n<p>V primeru dobave v dr\u017eavo, ki ni navedena zgoraj, stranka krije vse uvozne in izvozne stro\u0161ke, vklju\u010dno z vsemi carinskimi dajatvami, pristojbinami in stro\u0161ki.<\/p>\n<p>\u010ce \u017eelite dostavo v druge dr\u017eave (\u0160vica), na Ciper ali otoke, nas kontaktirajte po e-po\u0161ti in posredovali vam bomo nezavezujo\u010do ponudbo.<\/p>\n<p>4.4 Dostavo naro\u010denih izdelkov na naslov, ki ga je navedla stranka, opravi Austrian Post AG ali GLS v skladu z njunimi splo\u0161nimi pogoji, pri \u010demer se opravi en poskus dostave. <\/p>\n<p>\u010ce je poskus dostave neuspe\u0161en, bo po\u0161iljka oddana na po\u0161ti ali v trgovini GLS, navedeni v potrdilu o oddaji.<\/p>\n<p>\u010ce blago, ki ga je naro\u010dil kupec, po poskusu dostave in shranjevanju na po\u0161ti ni popravljeno in je vrnjeno podjetju Jure Robek e.U., lahko podjetje Jure Robek e.U. odstopi od pogodbe.<\/p>\n<p>4.5 V primeru odpovedi s strani dru\u017ebe Jure Robek e.U. bo kupcu povrnjena vsa kupnina, ki je bila \u017ee nakazana dru\u017ebi Jure Robek e.U., zmanj\u0161ana za stro\u0161ke po\u0161iljanja. <\/p>\n<p>4.6 Stro\u0161ke vrnitve vedno krije stranka. <\/p>\n<p>4.7 V primeru ovir pri dobavi s strani dobaviteljev ali proizvajalcev ne nosimo nobene odgovornosti. \u010ce zaradi okoli\u0161\u010din, za katere nismo odgovorni, dobava ali upo\u0161tevanje dogovorjenega dobavnega roka postane nemogo\u010da, imamo pravico v celoti ali delno odstopiti od pogodbe.  <\/p>\n<p>Na\u0161e stranke bodo o tem takoj obve\u0161\u010dene.<\/p>\n<p>O odstopanju od dobavnega roka vas bomo obvestili po e-po\u0161ti.<\/p>\n<p><strong>\u00a7 5 Ohranitev lastninske pravice<\/strong><\/p>\n<p>5.1 \u010ce je blago dobavljeno v okviru pogodbe z dobaviteljem (npr. podloge), ostane vse dobavljeno blago last dobavitelja, dokler niso v celoti poravnani vsi njegovi zahtevki. To blago se lahko uporabi ali porabi \u0161ele po poravnavi terjatev naro\u010dnika. Zastavljanje ali prodaja po prekinitvi pla\u010dila ni dovoljena. O zasegih je treba obvestiti servisno podjetje.    <\/p>\n<p><strong>\u00a7 6 Pravica stranke do odpovedi:<\/strong><\/p>\n<p>Stranke imajo pravico do odpovedi v skladu z naslednjimi pogoji.<\/p>\n<p>Pravilnik o odpovedi<\/p>\n<p>Pravica do preklica<\/p>\n<p>To pogodbo imate pravico odpovedati v \u0161tirinajstih dneh brez navedbe razloga.<\/p>\n<p>Rok za odpoved je \u0161tirinajst dni od dneva, ko ste vi ali tretja oseba, ki ste jo navedli in ni prevoznik, prevzeli blago.<\/p>\n<p>\u010ce \u017eelite uveljavljati pravico do preklica, nam morate poslati<\/p>\n<p>Jure Robek e.U. Mildenbergstra\u00dfe 2B 6900 Bregenz Avstrija<\/p>\n<p>E-naslov: info@musicm.at<\/p>\n<p>o svoji odlo\u010ditvi, da odstopite od te pogodbe, z nedvoumno izjavo (npr. s pismom, poslanim po po\u0161ti ali elektronski po\u0161ti). Uporabite lahko prilo\u017eeni vzorec obrazca za odstop od pogodbe, vendar to ni obvezno. <\/p>\n<p>Posledice preklica<\/p>\n<p>\u010ce odstopite od te pogodbe, vam brez nepotrebnega odla\u0161anja in v vsakem primeru najpozneje v 14 dneh od dneva, ko smo bili obve\u0161\u010deni o va\u0161i odlo\u010ditvi za odstop od te pogodbe, povrnemo vsa prejeta pla\u010dila, vklju\u010dno s stro\u0161ki dostave (razen dodatnih stro\u0161kov, ki nastanejo zaradi va\u0161e izbire vrste dostave, ki ni najcenej\u0161a vrsta standardne dostave, ki smo jo ponudili). Za to povra\u010dilo bomo uporabili isto pla\u010dilno sredstvo, kot ste ga uporabili pri prvotni transakciji, razen \u010de se z vami izrecno dogovorimo druga\u010de; v nobenem primeru vam za to povra\u010dilo ne bomo zara\u010dunali nobenih stro\u0161kov. <\/p>\n<p>Povra\u010dilo lahko zavrnemo, dokler ne prejmemo blaga nazaj. Blago mora biti vrnjeno ali predano nepo\u0161kodovano in v originalni embala\u017ei. <\/p>\n<p>Blago nam morate vrniti ali izro\u010diti takoj, v vsakem primeru pa najpozneje v \u0161tirinajstih dneh od dneva, ko nas obvestite o odpovedi te pogodbe. Rok je upo\u0161tevan, \u010de blago odpo\u0161ljete pred iztekom \u0161tirinajstdnevnega roka. <\/p>\n<p>Neposredne stro\u0161ke vra\u010dila blaga nosite vi.<\/p>\n<p>Konec pravilnika o odpovedi<\/p>\n<p><strong>\u00a7 7 Odpovedni obrazec<\/strong><\/p>\n<p>Vzorec obrazca za preklic<\/p>\n<p>(\u010ce \u017eelite odstopiti od pogodbe, izpolnite in vrnite ta obrazec.)<\/p>\n<p>Na: Jure Robek e.U. Mildenbergstra\u00dfe 2B 6900 Bregenz Avstrija<\/p>\n<p>S tem odstopam od pogodbe, ki sem jo sklenil\/-a (*) za nakup naslednjega<\/p>\n<p>Blago (*)\/izvajanje naslednje storitve (*)<\/p>\n<p>_____________________________________________________<\/p>\n<p>Naro\u010deno (*)\/prejeto (*)<\/p>\n<p>__________________<\/p>\n<p>Ime stranke (strank)<\/p>\n<p>_____________________________________________________<\/p>\n<p>Naslov stranke (strank)<\/p>\n<p>_____________________________________________________<\/p>\n<p>Podpis stranke (samo za obvestilo na papirju)<\/p>\n<p>__________________<\/p>\n<p>datum<\/p>\n<p>__________________<\/p>\n<p>(*) Ustrezno \u010drtajte.<\/p>\n<p><strong>\u00a7 8 Garancija<\/strong><\/p>\n<p>Veljajo zakonski predpisi o jamstvu.<\/p>\n<p><strong>\u00a7 9 Jezik pogodbe<\/strong><\/p>\n<p>Na voljo so nem\u0161\u010dina, sloven\u0161\u010dina, angle\u0161\u010dina in franco\u0161\u010dina kot jeziki pogodbe.<\/p>\n<p><strong>\u00a7 10 Storitve za stranke<\/strong><\/p>\n<p>Na\u0161a slu\u017eba za stranke za vpra\u0161anja, prito\u017ebe in zahtevke je na voljo ob delavnikih od 9:00 do 17:30 na naslovu<\/p>\n<p>Telefon: 00436706038584 E-naslov: info@musicm.at<\/p>\n<p>na voljo.<\/p>\n<p><strong>\u00a7 11 Kraj izpolnitve \/ kraj pristojnosti<\/strong><\/p>\n<p>\u010ce stranka ni potro\u0161nik v smislu avstrijskega zakona o varstvu potro\u0161nikov (KSchG), je za vse spore izklju\u010dno pristojno sodi\u0161\u010de na sede\u017eu storitvenega podjetja. V primeru potro\u0161nikov je pristojno sodi\u0161\u010de, v okro\u017eju katerega je stalno prebivali\u0161\u010de, obi\u010dajno prebivali\u0161\u010de ali kraj zaposlitve stranke. \u010ce stranka po sklenitvi pogodbe preseli svoje stalno ali obi\u010dajno prebivali\u0161\u010de ali kraj zaposlitve v tujino, je \u0161e naprej pristojno zgoraj navedeno sodi\u0161\u010de.  <\/p>\n<p>&nbsp;<\/p>\n<p style=\"font-size: 12px;\">Stanje GTC Julij.2023 Brezpla\u010dni GTC, ki ga je ustvaril agb.de, s predlogo WKO.<\/p>\n<p>[\/et_pb_text][et_pb_text _builder_version=&#8221;4.16&#8243; _module_preset=&#8221;default&#8221; background_size=&#8221;initial&#8221; background_position=&#8221;top_left&#8221; background_repeat=&#8221;repeat&#8221; global_colors_info=&#8221;{}&#8221;]<\/p>\n<div class=\"woocommerce woocommerce-gzd woocommerce-gzd-complaints-shortcode\">\n\t\t\t<h3>Information pursuant to \u00a7 19 (3) AStG<\/h3>\n\t\t<p>Alternative Dispute Resolution Act - Online stores<\/p>\n\t\nZur Teilnahme an einem Streitbeilegungsverfahren vor einer Verbraucherschlichtungsstelle sind wir nicht verpflichtet und nicht bereit.<\/div>\n<p>[\/et_pb_text][\/et_pb_column][\/et_pb_row][\/et_pb_section]<\/p>\n","protected":false},"excerpt":{"rendered":"<p>SPPSplo\u0161ni pogoji poslovanja dru\u017ebe Jure Robek e.U. \u00a7 1 Splo\u0161no 1.1 Ti splo\u0161ni pogoji poslovanja (v nadaljnjem besedilu: SPP) veljajo za vse pogodbe, sklenjene med naro\u010dnikom dela, kupcem ali stranko (v nadaljnjem besedilu: naro\u010dnik) in na\u0161im podjetjem Jure Robek e.U. (v nadaljnjem besedilu: dobavitelj) v zvezi z na\u0161im blagom in\/ali storitvami, zlasti za pogodbe o [&hellip;]<\/p>\n","protected":false},"author":1,"featured_media":0,"parent":0,"menu_order":0,"comment_status":"closed","ping_status":"closed","template":"","meta":{"_et_pb_use_builder":"on","_et_pb_old_content":"","_et_gb_content_width":"","footnotes":""},"class_list":["post-49070","page","type-page","status-publish","hentry"],"_links":{"self":[{"href":"https:\/\/musicm.at\/sl\/wp-json\/wp\/v2\/pages\/49070","targetHints":{"allow":["GET"]}}],"collection":[{"href":"https:\/\/musicm.at\/sl\/wp-json\/wp\/v2\/pages"}],"about":[{"href":"https:\/\/musicm.at\/sl\/wp-json\/wp\/v2\/types\/page"}],"author":[{"embeddable":true,"href":"https:\/\/musicm.at\/sl\/wp-json\/wp\/v2\/users\/1"}],"replies":[{"embeddable":true,"href":"https:\/\/musicm.at\/sl\/wp-json\/wp\/v2\/comments?post=49070"}],"version-history":[{"count":5,"href":"https:\/\/musicm.at\/sl\/wp-json\/wp\/v2\/pages\/49070\/revisions"}],"predecessor-version":[{"id":49075,"href":"https:\/\/musicm.at\/sl\/wp-json\/wp\/v2\/pages\/49070\/revisions\/49075"}],"wp:attachment":[{"href":"https:\/\/musicm.at\/sl\/wp-json\/wp\/v2\/media?parent=49070"}],"curies":[{"name":"wp","href":"https:\/\/api.w.org\/{rel}","templated":true}]}}