{"id":49066,"date":"2023-06-06T14:03:06","date_gmt":"2023-06-06T14:03:06","guid":{"rendered":"https:\/\/musicm.at\/pravilnik-o-zasebnosti\/"},"modified":"2025-02-17T19:06:22","modified_gmt":"2025-02-17T19:06:22","slug":"pravilnik-o-zasebnosti","status":"publish","type":"page","link":"https:\/\/musicm.at\/sl\/pravilnik-o-zasebnosti\/","title":{"rendered":"Pravilnik o zasebnosti"},"content":{"rendered":"<p>[et_pb_section admin_label=&#8221;section&#8221;]<br \/>\n\t\t\t[et_pb_row admin_label=&#8221;vrstica&#8221;]<br \/>\n\t\t\t\t[et_pb_column type=&#8221;4_4&#8243;][et_pb_text admin_label=&#8221;Text&#8221;]<\/p><h2 class=\"wp-block-heading\">1. Varstvo podatkov na kratko<\/h2><h3 class=\"wp-block-heading\">Splo\u0161ne informacije<\/h3><p>Naslednje informacije zagotavljajo preprost pregled nad tem, kaj se zgodi z va\u0161imi osebnimi podatki, ko obi\u0161\u010dete to spletno mesto. Osebni podatki so vsi podatki, na podlagi katerih vas je mogo\u010de osebno identificirati. Podrobne informacije o varstvu podatkov so na voljo v na\u0161i izjavi o varstvu podatkov, navedeni pod tem besedilom.  <\/p><h3 class=\"wp-block-heading\">Zbiranje podatkov na tem spletnem mestu<\/h3><h4 class=\"wp-block-heading\">Kdo je odgovoren za zbiranje podatkov na tem spletnem mestu?<\/h4><p>Obdelavo podatkov na tem spletnem mestu izvaja upravljavec spletnega mesta. Kontaktne podatke upravljavca najdete v razdelku &#8220;Informacije o upravljavcu&#8221; te politike zasebnosti. <\/p><h4 class=\"wp-block-heading\">Kako zbiramo va\u0161e podatke?<\/h4><p>Po eni strani so va\u0161i podatki zbrani, ko nam jih posredujete. To so lahko na primer podatki, ki jih vnesete v kontaktni obrazec. <\/p><p>Druge podatke zbirajo na\u0161i informacijski sistemi samodejno ali z va\u0161im soglasjem, ko obi\u0161\u010dete spletno mesto. To so predvsem tehni\u010dni podatki (npr. spletni brskalnik, operacijski sistem ali \u010das ogleda strani). Ti podatki se samodejno zberejo takoj, ko vstopite na to spletno mesto.  <\/p><h4 class=\"wp-block-heading\">Za kaj uporabljamo va\u0161e podatke?<\/h4><p>Nekateri podatki se zbirajo za zagotavljanje brezhibnega delovanja spletnega mesta. Drugi podatki se lahko uporabijo za analizo va\u0161ega uporabni\u0161kega vedenja. <\/p><h4 class=\"wp-block-heading\">Katere pravice imate v zvezi s svojimi podatki?<\/h4><p>Pravico imate, da kadar koli brezpla\u010dno prejmete informacije o izvoru, prejemniku in namenu shranjenih osebnih podatkov. Prav tako imate pravico zahtevati popravek ali izbris teh podatkov. \u010ce ste dali soglasje za obdelavo podatkov, lahko to soglasje kadar koli v prihodnosti prekli\u010dete. Prav tako imate v dolo\u010denih okoli\u0161\u010dinah pravico zahtevati omejitev obdelave va\u0161ih osebnih podatkov. Poleg tega imate pravico vlo\u017eiti prito\u017ebo pri pristojnem nadzornem organu.    <\/p><p>\u010ce imate dodatna vpra\u0161anja v zvezi z varstvom podatkov, se lahko kadar koli obrnete na nas.<\/p><h2 class=\"wp-block-heading\">2. Gostovanje<\/h2><p>Vsebino na\u0161ega spletnega mesta gostimo pri naslednjem ponudniku:<\/p><h3 class=\"wp-block-heading\">Zunanje gostovanje<\/h3><p>To spletno mesto gostuje zunaj. Osebni podatki, zbrani na tem spletnem mestu, so shranjeni na stre\u017enikih gostiteljev. To lahko vklju\u010duje naslove IP, zahteve za stik, meta in komunikacijske podatke, pogodbene podatke, kontaktne podatke, imena, dostope do spletnega mesta in druge podatke, ustvarjene prek spletnega mesta.  <\/p><p>Zunanje gostovanje se izvaja zaradi izpolnjevanja pogodb z na\u0161imi potencialnimi in obstoje\u010dimi strankami (\u010dlen 6(1)(b) GDPR) ter zaradi varnega, hitrega in u\u010dinkovitega zagotavljanja na\u0161e spletne ponudbe s strani profesionalnega ponudnika (\u010dlen 6(1)(f) GDPR). \u010ce je bilo zahtevano ustrezno soglasje, se obdelava izvaja izklju\u010dno na podlagi \u010dlena 6(1)(a) GDPR in \u010dlena 25(1) TTDSG, \u010de soglasje vklju\u010duje shranjevanje pi\u0161kotkov ali dostop do informacij v uporabnikovi kon\u010dni napravi (npr. prstni odtis naprave) v smislu TTDSG. Soglasje je mogo\u010de kadar koli preklicati.     <\/p><p>Na\u0161(-i) gostitelj(-i) bo(-do) va\u0161e podatke obdeloval(-i) le v obsegu, ki je potreben za izpolnjevanje njegovih obveznosti in upo\u0161tevanje na\u0161ih navodil v zvezi s temi podatki.<\/p><p>Uporabljamo naslednje gostitelje:<\/p><p><br\/>Podjetje: easyname GmbH Naslov:<br\/><br\/><br\/><br\/><br\/><br\/><br\/>Canettistra\u00dfe 5\/10, A-1100 Dunaj \u0161tevilka UID: ATU68122177 \u0161tevilka UID (\u0160vica): CHE-275.913.227 MWST registrska \u0161tevilka podjetja: 402196s registrsko sodi\u0161\u010de: Handelsgericht Wien direktorja: Uwe Stadelbauer, Marcel Chorengel telefonska \u0161tevilka: 01 353 2222 elektronski naslov: office@easyname.com<\/p><h2 class=\"wp-block-heading\">3 Splo\u0161ne opombe in obvezne informacije<\/h2><h3 class=\"wp-block-heading\">Varstvo podatkov<\/h3><p>Upravljavci teh strani zelo resno jemljejo varstvo va\u0161ih osebnih podatkov. Va\u0161e osebne podatke obravnavamo zaupno in v skladu z zakonskimi predpisi o varstvu podatkov ter tem pravilnikom o zasebnosti. <\/p><p>Ko uporabljate to spletno mesto, se zbirajo razli\u010dni osebni podatki. Osebni podatki so podatki, na podlagi katerih vas je mogo\u010de osebno identificirati. Ta pravilnik o zasebnosti pojasnjuje, katere podatke zbiramo in za kaj jih uporabljamo. Pojasnjuje tudi, kako in s kak\u0161nim namenom to po\u010dnemo.   <\/p><p>Opozarjamo, da je prenos podatkov prek interneta (npr. pri komuniciranju po e-po\u0161ti) lahko podvr\u017een varnostnim ranljivostim. Popolna za\u0161\u010dita podatkov pred dostopom tretjih oseb ni mogo\u010da. <\/p><h3 class=\"wp-block-heading\">Opomba o pristojnem organu<\/h3><p>Upravljavec, odgovoren za obdelavo podatkov na tem spletnem mestu, je<\/p><p>Jure Robek<br\/>Mildenbergstrasse 2b<br\/>6900 Bregenz<br\/>Avstrija<\/p><p><br\/>Telefon: +43 (0)6706038584 E-naslov: info@jurerobek.com<\/p><p>Upravljavec je fizi\u010dna ali pravna oseba, ki sama ali skupaj z drugimi dolo\u010da namene in sredstva obdelave osebnih podatkov (npr. imen, e-po\u0161tnih naslovov itd.).<\/p><h3 class=\"wp-block-heading\">Trajanje shranjevanja<\/h3><p>\u010ce v tem pravilniku o zasebnosti ni dolo\u010deno natan\u010dnej\u0161e obdobje hrambe, bodo va\u0161i osebni podatki ostali pri nas, dokler ne preneha veljati namen obdelave podatkov. \u010ce vlo\u017eite upravi\u010deno zahtevo za izbris ali prekli\u010dete soglasje za obdelavo podatkov, bodo va\u0161i podatki izbrisani, razen \u010de imamo druge pravno dopustne razloge za hrambo va\u0161ih osebnih podatkov (npr. obdobja hrambe v skladu z dav\u010dno ali gospodarsko zakonodajo); v slednjem primeru bo izbris opravljen, ko ti razlogi ne bodo ve\u010d veljali. <\/p><h3 class=\"wp-block-heading\">Splo\u0161ne informacije o pravni podlagi za obdelavo podatkov na tem spletnem mestu<\/h3><p>\u010ce ste privolili v obdelavo podatkov, va\u0161e osebne podatke obdelujemo na podlagi \u010dlena 6(1)(a) GDPR ali \u010dlena 9(2)(a) GDPR, \u010de se obdelujejo posebne vrste podatkov v skladu s \u010dlenom 9(1) GDPR. V primeru izrecne privolitve za prenos osebnih podatkov v tretje dr\u017eave se obdelava podatkov izvaja tudi na podlagi \u010dlena 49(1)(a) GDPR. \u010ce ste privolili v shranjevanje pi\u0161kotkov ali dostop do informacij v va\u0161i kon\u010dni napravi (npr. s prstnim odtisom naprave), se obdelava podatkov izvaja tudi na podlagi \u010dlena 25(1) TTDSG. Soglasje lahko kadar koli prekli\u010dete. \u010ce so va\u0161i podatki potrebni za izpolnitev pogodbe ali izvedbo predpogodbenih ukrepov, va\u0161e podatke obdelujemo na podlagi \u010dlena 6(1)(b) GDPR. Poleg tega va\u0161e podatke obdelujemo, \u010de je to potrebno za izpolnitev pravne obveznosti na podlagi \u010dlena 6(1)(c) GDPR. Obdelava podatkov se lahko izvaja tudi na podlagi na\u0161ega zakonitega interesa v skladu s \u010dlenom 6(1)(f) GDPR. Informacije o ustreznih pravnih podlagah v vsakem posameznem primeru so navedene v naslednjih odstavkih te politike zasebnosti.                     <\/p><h3 class=\"wp-block-heading\">Preklic soglasja za obdelavo podatkov<\/h3><p>Veliko postopkov obdelave podatkov je mogo\u010dih le z va\u0161o izrecno privolitvijo. Svoje soglasje lahko kadar koli prekli\u010dete. Preklic ne vpliva na zakonitost obdelave podatkov, ki je bila izvedena do preklica.  <\/p><h3 class=\"wp-block-heading\">Pravica do ugovora zbiranju podatkov v posebnih primerih in neposrednemu tr\u017eenju (21. \u010dlen GDPR)<\/h3><p>\u010cE OBDELAVA PODATKOV TEMELJI NA \u010cLENU. 6 ABS. 1 LIT. E ALI F GDPR, IMATE PRAVICO KADAR KOLI UGOVARJATI OBDELAVI SVOJIH OSEBNIH PODATKOV IZ RAZLOGOV, POVEZANIH Z VA\u0160IM POSEBNIM POLO\u017dAJEM; TO VELJA TUDI ZA PROFILIRANJE NA PODLAGI TEH DOLO\u010cB. USTREZNE PRAVNE PODLAGE, NA KATERIH TEMELJI OBDELAVA, SO NA VOLJO V TEJ POLITIKI ZASEBNOSTI. \u010cE UGOVARJATE, ZADEVNIH OSEBNIH PODATKOV NE BOMO VE\u010c OBDELOVALI, RAZEN \u010cE LAHKO DOKA\u017dEMO NUJNE ZAKONITE RAZLOGE ZA OBDELAVO, KI PREVLADAJO NAD VA\u0160IMI INTERESI, PRAVICAMI IN SVOBO\u0160\u010cINAMI, ALI \u010cE OBDELAVA SLU\u017dI UVELJAVLJANJU, IZVAJANJU ALI OBRAMBI PRAVNIH ZAHTEVKOV (UGOVOR V SKLADU S \u010cLENOM 21(1) GDPR).    <\/p><p>\u010cE SE VA\u0160I OSEBNI PODATKI OBDELUJEJO ZA NAMEN NEPOSREDNEGA TR\u017dENJA, IMATE PRAVICO, DA KADAR KOLI UGOVARJATE OBDELAVI OSEBNIH PODATKOV V ZVEZI Z VAMI ZA NAMEN TAKEGA TR\u017dENJA; TO VELJA TUDI ZA PROFILIRANJE, \u010cE JE POVEZANO S TAKIM NEPOSREDNIM TR\u017dENJEM. \u010cE UGOVARJATE, SE VA\u0160I OSEBNI PODATKI POZNEJE NE BODO VE\u010c UPORABLJALI ZA NAMEN NEPOSREDNEGA TR\u017dENJA (UGOVOR V SKLADU S \u010cLENOM 21(2) GDPR). <\/p><h3 class=\"wp-block-heading\">Pravica do vlo\u017eitve prito\u017ebe pri pristojnem nadzornem organu<\/h3><p>V primeru kr\u0161itev SUVP imajo posamezniki, na katere se nana\u0161ajo osebni podatki, pravico vlo\u017eiti prito\u017ebo pri nadzornem organu, zlasti v dr\u017eavi \u010dlanici njihovega obi\u010dajnega prebivali\u0161\u010da, kraja dela ali kraja domnevne kr\u0161itve. Pravica do vlo\u017eitve prito\u017ebe ne posega v druga upravna ali sodna pravna sredstva. <\/p><h3 class=\"wp-block-heading\">Pravica do prenosljivosti podatkov<\/h3><p>Pravico imate, da podatke, ki jih obdelujemo samodejno na podlagi va\u0161e privolitve ali pri izpolnjevanju pogodbe, posredujemo vam ali tretji osebi v splo\u0161no uporabljani, strojno berljivi obliki. \u010ce zahtevate neposreden prenos podatkov drugemu upravljavcu, bo to storjeno le, \u010de je to tehni\u010dno izvedljivo. <\/p><h3 class=\"wp-block-heading\">Informacije, popravki in izbris<\/h3><p>V okviru veljavnih zakonskih dolo\u010db imate kadar koli pravico do brezpla\u010dnih informacij o shranjenih osebnih podatkih, njihovem izvoru in prejemniku ter namenu obdelave podatkov in po potrebi pravico do popravka ali izbrisa teh podatkov. \u010ce imate dodatna vpra\u0161anja v zvezi z osebnimi podatki, se lahko kadar koli obrnete na nas. <\/p><h3 class=\"wp-block-heading\">Pravica do omejitve obdelave<\/h3><p>Imate pravico zahtevati omejitev obdelave va\u0161ih osebnih podatkov. Za to se lahko kadar koli obrnete na nas. Pravica do omejitve obdelave obstaja v naslednjih primerih:  <\/p><ul class=\"wp-block-list\"><li>\u010ce izpodbijate to\u010dnost svojih osebnih podatkov, ki jih hranimo, obi\u010dajno potrebujemo \u010das, da to preverimo. V \u010dasu trajanja preverjanja imate pravico zahtevati, da se obdelava va\u0161ih osebnih podatkov omeji. <\/li>\n\n<li>\u010ce je bila obdelava va\u0161ih osebnih podatkov nezakonita, lahko namesto izbrisa zahtevate omejitev obdelave podatkov.<\/li>\n\n<li>\u010ce va\u0161ih osebnih podatkov ne potrebujemo ve\u010d, vi pa jih potrebujete za uveljavljanje, obrambo ali uveljavljanje pravnih zahtevkov, imate pravico zahtevati omejitev obdelave va\u0161ih osebnih podatkov namesto njihovega izbrisa.<\/li>\n\n<li>\u010ce ste vlo\u017eili ugovor v skladu s \u010dlenom 21(1) SUVP, je treba vzpostaviti ravnovesje med va\u0161imi in na\u0161imi interesi. Dokler \u0161e ni dolo\u010deno, \u010digavi interesi prevladajo, imate pravico zahtevati omejitev obdelave va\u0161ih osebnih podatkov.  <\/li><\/ul><p>\u010ce ste omejili obdelavo svojih osebnih podatkov, se ti podatki &#8211; razen njihovega shranjevanja &#8211; lahko obdelujejo le z va\u0161o privolitvijo ali za uveljavljanje, izvajanje ali obrambo pravnih zahtevkov ali za za\u0161\u010dito pravic druge fizi\u010dne ali pravne osebe ali iz razlogov pomembnega javnega interesa Evropske unije ali dr\u017eave \u010dlanice.<\/p><h3 class=\"wp-block-heading\">\u0161ifriranje SSL ali TLS<\/h3><p>To spletno mesto uporablja \u0161ifriranje SSL ali TLS iz varnostnih razlogov in za za\u0161\u010dito prenosa zaupne vsebine, kot so naro\u010dila ali poizvedbe, ki jih po\u0161ljete nam kot upravljavcu spletnega mesta. \u0160ifrirano povezavo prepoznate po tem, da se naslovna vrstica brskalnika spremeni iz &#8220;http:\/\/&#8221; v &#8220;https:\/\/&#8221;, in po simbolu klju\u010davnice v vrstici brskalnika. <\/p><p>\u010ce je aktivirano \u0161ifriranje SSL ali TLS, tretje osebe ne morejo prebrati podatkov, ki nam jih posredujete.<\/p><h2 class=\"wp-block-heading\">4. zbiranje podatkov na tem spletnem mestu<\/h2><h3 class=\"wp-block-heading\">Pi\u0161kotki<\/h3><p>Na\u0161e spletne strani uporabljajo tako imenovane &#8220;pi\u0161kotke&#8221;. Pi\u0161kotki so majhni podatkovni paketi in ne povzro\u010dajo nobene \u0161kode va\u0161i kon\u010dni napravi. V va\u0161i napravi so shranjeni za\u010dasno za \u010das trajanja seje (sejni pi\u0161kotki) ali trajno (trajni pi\u0161kotki). Sejni pi\u0161kotki se samodejno izbri\u0161ejo ob koncu va\u0161ega obiska. Trajni pi\u0161kotki ostanejo shranjeni v va\u0161i kon\u010dni napravi, dokler jih ne izbri\u0161ete sami ali dokler jih samodejno ne izbri\u0161e va\u0161 spletni brskalnik.    <\/p><p>Pi\u0161kotki lahko izvirajo od nas (pi\u0161kotki prve osebe) ali od podjetij tretjih oseb (tako imenovani pi\u0161kotki tretjih oseb). Pi\u0161kotki tretjih oseb omogo\u010dajo vklju\u010ditev dolo\u010denih storitev podjetij tretjih oseb v spletna mesta (npr. pi\u0161kotki za obdelavo pla\u010dilnih storitev). <\/p><p>Pi\u0161kotki imajo razli\u010dne funkcije. \u0160tevilni pi\u0161kotki so tehni\u010dno potrebni, saj nekatere funkcije spletnega mesta brez njih ne bi delovale (npr. funkcija nakupovalne ko\u0161arice ali prikaz videoposnetkov). Drugi pi\u0161kotki se lahko uporabljajo za analizo vedenja uporabnikov ali za namene ogla\u0161evanja.  <\/p><p>Pi\u0161kotki, ki so potrebni za izvajanje postopka elektronske komunikacije, zagotavljanje dolo\u010denih funkcij, ki ste jih zahtevali (npr. za funkcijo nakupovalne ko\u0161arice), ali za optimizacijo spletnega mesta (npr. pi\u0161kotki za merjenje spletnega ob\u010dinstva) (potrebni pi\u0161kotki), se shranjujejo na podlagi \u010dlena 6(1)(f) GDPR, razen \u010de je navedena druga pravna podlaga. Upravljavec spletnega mesta ima zakonit interes za shranjevanje nujnih pi\u0161kotkov za tehni\u010dno brezhibno in optimizirano zagotavljanje svojih storitev. \u010ce je bilo zahtevano soglasje za shranjevanje pi\u0161kotkov in primerljivih tehnologij prepoznavanja, se obdelava izvaja izklju\u010dno na podlagi tega soglasja (\u010dlen 6(1)(a) GDPR in \u010dlen 25(1) TTDSG); soglasje je mogo\u010de kadar koli preklicati.    <\/p><p>Svoj brskalnik lahko nastavite tako, da ste obve\u0161\u010deni o nastavitvi pi\u0161kotkov in jih dovolite le v posameznih primerih, izklju\u010dite sprejemanje pi\u0161kotkov za dolo\u010dene primere ali na splo\u0161no in aktivirate samodejno brisanje pi\u0161kotkov ob zaprtju brskalnika. \u010ce so pi\u0161kotki deaktivirani, je lahko funkcionalnost tega spletnega mesta omejena. <\/p><p>Kateri pi\u0161kotki in storitve se uporabljajo na tem spletnem mestu, si lahko preberete v tem pravilniku o zasebnosti.<\/p><h3 class=\"wp-block-heading\">Kontaktni obrazec<\/h3><p>\u010ce nam po\u0161ljete poizvedbe prek kontaktnega obrazca, bomo va\u0161e podatke iz obrazca za poizvedbe, vklju\u010dno s kontaktnimi podatki, ki jih tam navedete, shranili za obdelavo poizvedbe in v primeru nadaljnjih vpra\u0161anj. Teh podatkov ne bomo posredovali naprej brez va\u0161ega soglasja. <\/p><p>Ti podatki se obdelujejo na podlagi \u010dlena 6(1)(b) GDPR, \u010de je va\u0161e povpra\u0161evanje povezano z izpolnjevanjem pogodbe ali je potrebno za izvajanje predpogodbenih ukrepov. V vseh drugih primerih obdelava temelji na na\u0161em zakonitem interesu za u\u010dinkovito obdelavo na nas naslovljenih poizvedb (\u010dlen 6(1)(f) GDPR) ali na va\u0161i privolitvi (\u010dlen 6(1)(a) GDPR), \u010de je bila ta zahtevana; privolitev lahko kadar koli prekli\u010dete.   <\/p><p>Podatke, ki jih posredujete v kontaktnem obrazcu, bomo hranili, dokler ne boste zahtevali njihovega izbrisa, preklicali soglasja za njihovo hrambo ali dokler ne preneha namen njihove hrambe (npr. po izpolnitvi va\u0161e zahteve). Obvezne zakonske dolo\u010dbe &#8211; zlasti obdobja hrambe &#8211; ostanejo nespremenjene. <\/p><h2 class=\"wp-block-heading\">5. vti\u010dniki in orodja<\/h2><h3 class=\"wp-block-heading\">Googlove pisave (lokalno gostovanje)<\/h3><p>To spletno mesto za standardiziran prikaz pisav uporablja tako imenovane Googlove pisave, ki jih zagotavlja Google. Pisave Google so name\u0161\u010dene lokalno. Povezava z Googlovimi stre\u017eniki ni vzpostavljena.  <\/p><p>Dodatne informacije o Googlovih pisavah so na voljo na naslovu <a href=\"https:\/\/developers.google.com\/fonts\/faq\" target=\"_blank\" rel=\"noreferrer noopener\">https:\/\/developers.google.com\/fonts\/faq<\/a> in v Googlovem pravilniku o zasebnosti: <a href=\"https:\/\/policies.google.com\/privacy?hl=de\" target=\"_blank\" rel=\"noreferrer noopener\">https:\/\/policies.google.com\/privacy?hl=de<\/a>.<\/p><p>Vir: https: <a href=\"https:\/\/www.e-recht24.de\">\/\/www.e-recht24.de<\/a><\/p><p>[\/et_pb_text][\/et_pb_column]<br \/>\n\t\t\t[\/et_pb_row]<br \/>\n\t\t[\/et_pb_section]<\/p>","protected":false},"excerpt":{"rendered":"<p>1. Varstvo podatkov na kratko Splo\u0161ne informacije Naslednje informacije zagotavljajo preprost pregled nad tem, kaj se zgodi z va\u0161imi osebnimi podatki, ko obi\u0161\u010dete to spletno mesto. Osebni podatki so vsi podatki, na podlagi katerih vas je mogo\u010de osebno identificirati. Podrobne informacije o varstvu podatkov so na voljo v na\u0161i izjavi o varstvu podatkov, navedeni pod [&hellip;]<\/p>\n","protected":false},"author":1,"featured_media":0,"parent":0,"menu_order":0,"comment_status":"closed","ping_status":"closed","template":"","meta":{"_et_pb_use_builder":"on","_et_pb_old_content":"","_et_gb_content_width":"","footnotes":""},"class_list":["post-49066","page","type-page","status-publish","hentry"],"_links":{"self":[{"href":"https:\/\/musicm.at\/sl\/wp-json\/wp\/v2\/pages\/49066","targetHints":{"allow":["GET"]}}],"collection":[{"href":"https:\/\/musicm.at\/sl\/wp-json\/wp\/v2\/pages"}],"about":[{"href":"https:\/\/musicm.at\/sl\/wp-json\/wp\/v2\/types\/page"}],"author":[{"embeddable":true,"href":"https:\/\/musicm.at\/sl\/wp-json\/wp\/v2\/users\/1"}],"replies":[{"embeddable":true,"href":"https:\/\/musicm.at\/sl\/wp-json\/wp\/v2\/comments?post=49066"}],"version-history":[{"count":1,"href":"https:\/\/musicm.at\/sl\/wp-json\/wp\/v2\/pages\/49066\/revisions"}],"predecessor-version":[{"id":49067,"href":"https:\/\/musicm.at\/sl\/wp-json\/wp\/v2\/pages\/49066\/revisions\/49067"}],"wp:attachment":[{"href":"https:\/\/musicm.at\/sl\/wp-json\/wp\/v2\/media?parent=49066"}],"curies":[{"name":"wp","href":"https:\/\/api.w.org\/{rel}","templated":true}]}}