{"id":48834,"date":"2024-10-19T16:37:50","date_gmt":"2024-10-19T16:37:50","guid":{"rendered":"https:\/\/musicm.at\/pravilnik-o-vracilih-in-vracilih\/"},"modified":"2025-02-17T19:08:53","modified_gmt":"2025-02-17T19:08:53","slug":"pravilnik-o-vracilih-in-vracilih","status":"publish","type":"page","link":"https:\/\/musicm.at\/sl\/pravilnik-o-vracilih-in-vracilih\/","title":{"rendered":"Pravilnik o vra\u010dilih in vra\u010dilih"},"content":{"rendered":"<p><b>To je vzor\u010dna stran.<\/b><\/p><h2 class=\"wp-block-heading\">Pregled<\/h2><p>Na\u0161a politika vra\u010dil in vra\u010dil traja 30 dni. \u010ce je od va\u0161ega nakupa minilo 30 dni, vam ne moremo ponuditi celotnega povra\u010dila ali zamenjave. <\/p><p>\u010ce \u017eelite, da je izdelek upravi\u010den do vra\u010dila, mora biti neuporabljen in v enakem stanju, kot ste ga prejeli. Prav tako mora biti v originalni embala\u017ei. <\/p><p>Ve\u010d vrst blaga je izvzeto iz vra\u010dila. Hitro pokvarljivega blaga, kot so hrana, cvetje, \u010dasopisi ali revije, ni mogo\u010de vrniti. Prav tako ne sprejemamo izdelkov, ki so intimno ali sanitarno blago, nevarnih materialov ali vnetljivih teko\u010din ali plinov.  <\/p><p>Dodatni predmeti, ki jih ni mogo\u010de vrniti:<\/p><ul class=\"wp-block-list\">\n<li>Darilne kartice<\/li>\n<li>Programski izdelki, ki jih je mogo\u010de prenesti<\/li>\n<li>Nekateri izdelki za zdravje in osebno nego<\/li>\n<\/ul><p>Za dokon\u010danje vra\u010dila potrebujemo ra\u010dun ali dokazilo o nakupu.<\/p><p>Nakupa ne po\u0161iljajte nazaj proizvajalcu.<\/p><p>V nekaterih primerih se odobrijo le delna povra\u010dila:<\/p><ul class=\"wp-block-list\">\n<li>Knjiga z o\u010ditnimi znaki uporabe<\/li>\n<li>CD, DVD, kaseta VHS, programska oprema, videoigra, kaseta ali vinilna plo\u0161\u010da, ki je bila odprta.<\/li>\n<li>Vsak izdelek, ki ni v prvotnem stanju, je po\u0161kodovan ali mu manjkajo deli iz razlogov, ki niso posledica na\u0161e napake.<\/li>\n<li>Vsak izdelek, ki je vrnjen ve\u010d kot 30 dni po dostavi.<\/li>\n<\/ul><h2>Nadomestila<\/h2><p>Ko bomo prejeli in pregledali va\u0161 vrnjeni izdelek, vam bomo poslali e-po\u0161tno sporo\u010dilo, v katerem vas bomo obvestili, da smo prejeli va\u0161 vrnjeni izdelek. Obvestili vas bomo tudi o odobritvi ali zavrnitvi vra\u010dila. <\/p><p>\u010ce boste odobreni, bo va\u0161e povra\u010dilo obdelano in v dolo\u010denem \u0161tevilu dni bo na va\u0161o kreditno kartico ali prvotni na\u010din pla\u010dila samodejno nakazano dobroimetje.<\/p><h3 class=\"wp-block-heading\">Zamujena ali manjkajo\u010da nadomestila<\/h3><p>\u010ce vra\u010dila \u0161e niste prejeli, najprej \u0161e enkrat preverite svoj ban\u010dni ra\u010dun.<\/p><p>Nato se obrnite na podjetje za kreditne kartice, saj lahko traja nekaj \u010dasa, preden bo povra\u010dilo uradno objavljeno.<\/p><p>Nato se obrnite na svojo banko. Pred knji\u017eenjem povra\u010dila pogosto prete\u010de nekaj \u010dasa za obdelavo. <\/p><p>\u010ce ste storili vse to in \u0161e vedno niste prejeli povra\u010dila, nam pi\u0161ite na {e-po\u0161tni naslov}.<\/p><h3 class=\"wp-block-heading\">Prodajni artikli<\/h3><p>Vra\u010dilo se lahko vrne samo za izdelke z redno ceno. Izdelkov iz razprodaje ni mogo\u010de povrniti. <\/p><h2>Izmenjave<\/h2><p>Izdelke zamenjamo le, \u010de so okvarjeni ali po\u0161kodovani. \u010ce ga \u017eelite zamenjati za enak izdelek, nam po\u0161ljite e-po\u0161tno sporo\u010dilo na {po\u0161tni naslov} in svoj izdelek po\u0161ljite na: Po\u0161ljite svoj izdelek na naslov: {fizi\u010dni naslov}. <\/p><h2>Darila<\/h2><p>\u010ce je bil izdelek ob nakupu ozna\u010den kot darilo in poslan neposredno vam, boste prejeli dobropis za darilo v vrednosti vra\u010dila. Po prejemu vrnjenega izdelka vam bomo po po\u0161ti poslali darilni bon. <\/p><p>\u010ce izdelek ob nakupu ni bil ozna\u010den kot darilo ali \u010de je obdarovanec naro\u010dilo poslal sebi, da bi ga pozneje podaril vam, bomo obdarovancu poslali povra\u010dilo in on bo izvedel za va\u0161o vrnitev.<\/p><h2>Vra\u010dila po\u0161iljk<\/h2><p>\u010ce \u017eelite izdelek vrniti, ga po\u0161ljite na naslov: Izdelek po\u0161ljite na naslov: {fizi\u010dni naslov}.<\/p><p>Za vra\u010dilo izdelka boste morali sami pla\u010dati stro\u0161ke po\u0161iljanja. Stro\u0161ki po\u0161iljanja se ne povrnejo. \u010ce prejmete povra\u010dilo, bodo stro\u0161ki povratnega po\u0161iljanja od\u0161teti od povra\u010dila.  <\/p><p>Glede na to, kje \u017eivite, lahko traja, da izmenjani izdelek prispe do vas.<\/p><p>\u010ce vra\u010date dra\u017eje predmete, lahko razmislite o uporabi storitve za sledenje po\u0161iljk ali o nakupu zavarovanja po\u0161iljke. Ne jam\u010dimo, da bomo prejeli va\u0161 vrnjeni izdelek. <\/p><h2>Potrebujete pomo\u010d?<\/h2><p>{email} Za vpra\u0161anja v zvezi z vra\u010dili in vra\u010dili nas kontaktirajte na naslovu.<\/p>","protected":false},"excerpt":{"rendered":"<p>To je vzor\u010dna stran. Pregled Na\u0161a politika vra\u010dil in vra\u010dil traja 30 dni. \u010ce je od va\u0161ega nakupa minilo 30 dni, vam ne moremo ponuditi celotnega povra\u010dila ali zamenjave. \u010ce \u017eelite, da je izdelek upravi\u010den do vra\u010dila, mora biti neuporabljen in v enakem stanju, kot ste ga prejeli. Prav tako mora biti v originalni embala\u017ei. [&hellip;]<\/p>\n","protected":false},"author":1,"featured_media":0,"parent":0,"menu_order":0,"comment_status":"closed","ping_status":"closed","template":"","meta":{"_et_pb_use_builder":"","_et_pb_old_content":"","_et_gb_content_width":"","footnotes":""},"class_list":["post-48834","page","type-page","status-publish","hentry"],"_links":{"self":[{"href":"https:\/\/musicm.at\/sl\/wp-json\/wp\/v2\/pages\/48834","targetHints":{"allow":["GET"]}}],"collection":[{"href":"https:\/\/musicm.at\/sl\/wp-json\/wp\/v2\/pages"}],"about":[{"href":"https:\/\/musicm.at\/sl\/wp-json\/wp\/v2\/types\/page"}],"author":[{"embeddable":true,"href":"https:\/\/musicm.at\/sl\/wp-json\/wp\/v2\/users\/1"}],"replies":[{"embeddable":true,"href":"https:\/\/musicm.at\/sl\/wp-json\/wp\/v2\/comments?post=48834"}],"version-history":[{"count":3,"href":"https:\/\/musicm.at\/sl\/wp-json\/wp\/v2\/pages\/48834\/revisions"}],"predecessor-version":[{"id":49069,"href":"https:\/\/musicm.at\/sl\/wp-json\/wp\/v2\/pages\/48834\/revisions\/49069"}],"wp:attachment":[{"href":"https:\/\/musicm.at\/sl\/wp-json\/wp\/v2\/media?parent=48834"}],"curies":[{"name":"wp","href":"https:\/\/api.w.org\/{rel}","templated":true}]}}