{"id":48824,"date":"2023-07-13T16:58:25","date_gmt":"2023-07-13T16:58:25","guid":{"rendered":"https:\/\/musicm.at\/pisite-nam\/"},"modified":"2025-02-17T19:19:55","modified_gmt":"2025-02-17T19:19:55","slug":"pisite-nam","status":"publish","type":"page","link":"https:\/\/musicm.at\/sl\/pisite-nam\/","title":{"rendered":"Pi\u0161ite nam"},"content":{"rendered":"<p>[et_pb_section fb_built=&#8221;1&#8243; fullwidth=&#8221;on&#8221; _builder_version=&#8221;4.22.0&#8243; _module_preset=&#8221;default&#8221; min_height_tablet=&#8221;&#8221; min_height_phone=&#8221;&#8221; min_height_last_edited=&#8221;on|desktop&#8221; custom_margin=&#8221;|50px||50px|false|false&#8221; custom_margin_tablet=&#8221;|30px||30px|false|false&#8221; custom_margin_phone=&#8221;|20px||20px|false|false&#8221; custom_margin_last_edited=&#8221;on|phone&#8221; locked=&#8221;off&#8221; global_colors_info=&#8221;{}&#8221;][et_pb_fullwidth_slider arrows_custom_color=&#8221;#FFFFFF&#8221; dot_nav_custom_color=&#8221;#FFFFFF&#8221; module_id=&#8221;slider-shop&#8221; _builder_version=&#8221;4.22.0&#8243; _module_preset=&#8221;default&#8221; body_font=&#8221;Work Sans Light||||||||&#8221; module_alignment=&#8221;left&#8221; content_width=&#8221;100%&#8221; height=&#8221;448px&#8221; height_tablet=&#8221;400px&#8221; height_phone=&#8221;400px&#8221; height_last_edited=&#8221;on|desktop&#8221; custom_margin=&#8221;||||false|false&#8221; custom_padding=&#8221;0px|||13%|false|false&#8221; custom_padding_tablet=&#8221;0px|||10%|false|false&#8221; custom_padding_phone=&#8221;0px|||5%|false|false&#8221; custom_padding_last_edited=&#8221;on|phone&#8221; global_colors_info=&#8221;{}&#8221;][et_pb_slide use_bg_overlay=&#8221;off&#8221; use_text_overlay=&#8221;off&#8221; alignment=&#8221;bottom&#8221; _builder_version=&#8221;4.22.0&#8243; _module_preset=&#8221;default&#8221; header_level=&#8221;h1&#8243; header_font=&#8221;Work Sans Thin|300|||||||&#8221; header_text_align=&#8221;left&#8221; header_text_color=&#8221;#ffffff&#8221; header_font_size=&#8221;100px&#8221; body_font=&#8221;Work Sans||||||||&#8221; body_text_align=&#8221;left&#8221; body_text_color=&#8221;#ffffff&#8221; body_font_size=&#8221;20px&#8221; body_line_height=&#8221;1.3em&#8221; background_color=&#8221;#000000&#8243; background_enable_color=&#8221;on&#8221; background_image=&#8221;https:\/\/musicm.at\/wp-content\/uploads\/2023\/08\/sophies_fuss_auf_matte_klein.jpg&#8221; background_enable_image=&#8221;on&#8221; transform_scale_linked=&#8221;off&#8221; transform_translate_linked=&#8221;off&#8221; z_index=&#8221;0&#8243; background_layout=&#8221;light&#8221; custom_padding_tablet=&#8221;||||false|false&#8221; custom_padding_phone=&#8221;||||false|false&#8221; custom_padding_last_edited=&#8221;on|tablet&#8221; header_font_size_tablet=&#8221;60px&#8221; header_font_size_phone=&#8221;50px&#8221; header_font_size_last_edited=&#8221;on|phone&#8221; body_font_tablet=&#8221;Work Sans||||||||&#8221; body_font_phone=&#8221;Work Sans||||||||&#8221; body_font_last_edited=&#8221;off|desktop&#8221; body_font_size_tablet=&#8221;16px&#8221; body_font_size_phone=&#8221;15px&#8221; body_font_size_last_edited=&#8221;on|phone&#8221; body_text_shadow_style=&#8221;preset3&#8243; body_text_shadow_blur_strength=&#8221;0.71em&#8221; body_text_shadow_color=&#8221;rgba(76,76,76,0.26)&#8221; global_colors_info=&#8221;{}&#8221; sticky_transition=&#8221;on&#8221;][\/et_pb_slide][\/et_pb_fullwidth_slider][\/et_pb_section][et_pb_section fb_built=&#8221;1&#8243; module_id=&#8221;Kontakt&#8221; _builder_version=&#8221;4.21.0&#8243; _module_preset=&#8221;default&#8221; custom_padding=&#8221;40px||202px|||&#8221; global_colors_info=&#8221;{}&#8221;][et_pb_row _builder_version=&#8221;4.22.1&#8243; _module_preset=&#8221;default&#8221; width=&#8221;900px&#8221; width_tablet=&#8221;80%&#8221; width_phone=&#8221;85%&#8221; width_last_edited=&#8221;on|phone&#8221; custom_padding=&#8221;50px|||||&#8221; global_colors_info=&#8221;{}&#8221;][et_pb_column type=&#8221;4_4&#8243; _builder_version=&#8221;4.20.4&#8243; _module_preset=&#8221;default&#8221; global_colors_info=&#8221;{}&#8221;][et_pb_text _builder_version=&#8221;4.22.1&#8243; _module_preset=&#8221;default&#8221; text_font=&#8221;Work Sans Light||||||||&#8221; header_font_size=&#8221;110px&#8221; header_6_font=&#8221;Work Sans Bold||||||||&#8221; header_6_font_size=&#8221;16px&#8221; header_6_line_height=&#8221;1.4em&#8221; width=&#8221;63%&#8221; width_tablet=&#8221;63%&#8221; width_phone=&#8221;95%&#8221; width_last_edited=&#8221;on|phone&#8221; header_font_size_tablet=&#8221;110px&#8221; header_font_size_phone=&#8221;75px&#8221; header_font_size_last_edited=&#8221;on|phone&#8221; inline_fonts=&#8221;Work Sans Light&#8221; global_colors_info=&#8221;{}&#8221;]<\/p>\n<h1><span style=\"font-family: 'Work Sans Light'; font-weight: normal;\">Pozdravljeni.<\/span><\/h1>\n<p>\u010ce \u017eelite stopiti v stik z nami, izpolnite naslednji obrazec ali po\u0161ljite e-po\u0161to neposredno na naslov <a href=\"mailto:info@musicm.at?subject=Anfrage\">info@musicm.at<\/a>. Lahko nas pokli\u010dete tudi na telefonsko \u0161tevilko +43 670 603 85 84. <\/p>\n<h6><\/h6>\n<h6>Veselimo se va\u0161ega sporo\u010dila!<\/h6>\n<p>[\/et_pb_text][et_pb_contact_form success_message=&#8221;Sporo\u010dilo poslano!&#8221; submit_button_text=&#8221;Po\u0161lji&#8221; _builder_version=&#8221;4.22.1&#8243; _module_preset=&#8221;default&#8221; _unique_id=&#8221;a215f504-6320-4fa0-8543-1fe29871da3e&#8221; custom_button=&#8221;on&#8221; button_border_radius=&#8221;0px&#8221; hover_enabled=&#8221;0&#8243; global_colors_info=&#8221;{}&#8221; sticky_enabled=&#8221;0&#8243;][et_pb_contact_field field_id=&#8221;Name&#8221; field_title=&#8221;Ime&#8221; _builder_version=&#8221;4.16&#8243; global_colors_info=&#8221;{}&#8221; button_text_size__hover_enabled=&#8221;off&#8221; button_one_text_size__hover_enabled=&#8221;off&#8221; button_two_text_size__hover_enabled=&#8221;off&#8221; button_text_color__hover_enabled=&#8221;off&#8221; button_one_text_color__hover_enabled=&#8221;off&#8221; button_two_text_color__hover_enabled=&#8221;off&#8221; button_border_width__hover_enabled=&#8221;off&#8221; button_one_border_width__hover_enabled=&#8221;off&#8221; button_two_border_width__hover_enabled=&#8221;off&#8221; button_border_color__hover_enabled=&#8221;off&#8221; button_one_border_color__hover_enabled=&#8221;off&#8221; button_two_border_color__hover_enabled=&#8221;off&#8221; button_border_radius__hover_enabled=&#8221;off&#8221; button_one_border_radius__hover_enabled=&#8221;off&#8221; button_two_border_radius__hover_enabled=&#8221;off&#8221; button_letter_spacing__hover_enabled=&#8221;off&#8221; button_one_letter_spacing__hover_enabled=&#8221;off&#8221; button_two_letter_spacing__hover_enabled=&#8221;off&#8221; button_bg_color__hover_enabled=&#8221;off&#8221; button_one_bg_color__hover_enabled=&#8221;off&#8221; button_two_bg_color__hover_enabled=&#8221;off&#8221;][\/et_pb_contact_field][et_pb_contact_field field_id=&#8221;Email&#8221; field_title=&#8221;E-po\u0161tni naslov&#8221; field_type=&#8221;email&#8221; _builder_version=&#8221;4.16&#8243; global_colors_info=&#8221;{}&#8221; button_text_size__hover_enabled=&#8221;off&#8221; button_one_text_size__hover_enabled=&#8221;off&#8221; button_two_text_size__hover_enabled=&#8221;off&#8221; button_text_color__hover_enabled=&#8221;off&#8221; button_one_text_color__hover_enabled=&#8221;off&#8221; button_two_text_color__hover_enabled=&#8221;off&#8221; button_border_width__hover_enabled=&#8221;off&#8221; button_one_border_width__hover_enabled=&#8221;off&#8221; button_two_border_width__hover_enabled=&#8221;off&#8221; button_border_color__hover_enabled=&#8221;off&#8221; button_one_border_color__hover_enabled=&#8221;off&#8221; button_two_border_color__hover_enabled=&#8221;off&#8221; button_border_radius__hover_enabled=&#8221;off&#8221; button_one_border_radius__hover_enabled=&#8221;off&#8221; button_two_border_radius__hover_enabled=&#8221;off&#8221; button_letter_spacing__hover_enabled=&#8221;off&#8221; button_one_letter_spacing__hover_enabled=&#8221;off&#8221; button_two_letter_spacing__hover_enabled=&#8221;off&#8221; button_bg_color__hover_enabled=&#8221;off&#8221; button_one_bg_color__hover_enabled=&#8221;off&#8221; button_two_bg_color__hover_enabled=&#8221;off&#8221;][\/et_pb_contact_field][et_pb_contact_field field_id=&#8221;Message&#8221; field_title=&#8221;Sporo\u010dilo&#8221; field_type=&#8221;text&#8221; fullwidth_field=&#8221;on&#8221; _builder_version=&#8221;4.16&#8243; global_colors_info=&#8221;{}&#8221; button_text_size__hover_enabled=&#8221;off&#8221; button_one_text_size__hover_enabled=&#8221;off&#8221; button_two_text_size__hover_enabled=&#8221;off&#8221; button_text_color__hover_enabled=&#8221;off&#8221; button_one_text_color__hover_enabled=&#8221;off&#8221; button_two_text_color__hover_enabled=&#8221;off&#8221; button_border_width__hover_enabled=&#8221;off&#8221; button_one_border_width__hover_enabled=&#8221;off&#8221; button_two_border_width__hover_enabled=&#8221;off&#8221; button_border_color__hover_enabled=&#8221;off&#8221; button_one_border_color__hover_enabled=&#8221;off&#8221; button_two_border_color__hover_enabled=&#8221;off&#8221; button_border_radius__hover_enabled=&#8221;off&#8221; button_one_border_radius__hover_enabled=&#8221;off&#8221; button_two_border_radius__hover_enabled=&#8221;off&#8221; button_letter_spacing__hover_enabled=&#8221;off&#8221; button_one_letter_spacing__hover_enabled=&#8221;off&#8221; button_two_letter_spacing__hover_enabled=&#8221;off&#8221; button_bg_color__hover_enabled=&#8221;off&#8221; button_one_bg_color__hover_enabled=&#8221;off&#8221; button_two_bg_color__hover_enabled=&#8221;off&#8221;][\/et_pb_contact_field][\/et_pb_contact_form][et_pb_text _builder_version=&#8221;4.22.1&#8243; _module_preset=&#8221;default&#8221; text_font=&#8221;Work Sans Light||||||||&#8221; header_font_size=&#8221;100px&#8221; header_2_font_size=&#8221;30px&#8221; header_2_line_height=&#8221;1.4em&#8221; header_6_font=&#8221;Work Sans Bold||||||||&#8221; header_6_font_size=&#8221;16px&#8221; header_6_line_height=&#8221;1.4em&#8221; width=&#8221;67%&#8221; width_tablet=&#8221;67%&#8221; width_phone=&#8221;95%&#8221; width_last_edited=&#8221;on|phone&#8221; custom_margin=&#8221;100px||||false|false&#8221; header_font_size_tablet=&#8221;100px&#8221; header_font_size_phone=&#8221;85px&#8221; header_font_size_last_edited=&#8221;on|tablet&#8221; locked=&#8221;off&#8221; inline_fonts=&#8221;Work Sans Light&#8221; global_colors_info=&#8221;{}&#8221;]<\/p>\n<h2><span style=\"font-family: 'Work Sans Light'; font-weight: normal;\">Ali ostanemo v stiku?<\/span><\/h2>\n<p><span>\u010ce se naro\u010dite na na\u0161e novice, boste redno prejemali datume na\u0161ih delavnic, priporo\u010dila in nasvete za ve\u010d gibanja pri u\u010denju glasbe.<\/span><\/p>\n<p><span><\/span><\/p>\n<h6><span>V zahvalo z vami delimo na\u0161ih 6 najljub\u0161ih virov (podcastov, knjig in videoposnetkov) za zdravo ustvarjanje glasbe!<\/span><\/h6>\n<p>[\/et_pb_text][et_pb_signup provider=&#8221;mailerlite&#8221; mailerlite_list=&#8221;info@musicmat|67234673184474536&#8243; layout=&#8221;top_bottom&#8221; name_field=&#8221;on&#8221; name_fullwidth=&#8221;off&#8221; first_name_fullwidth=&#8221;off&#8221; last_name_fullwidth=&#8221;off&#8221; email_fullwidth=&#8221;off&#8221; success_message=&#8221;Zahvaljujemo se vam za prijavo!&#8221; title=&#8221;Naro\u010dite se na novice&#8221; button_text=&#8221;Prijavite se&#8221; _builder_version=&#8221;4.22.1&#8243; _module_preset=&#8221;default&#8221; form_field_background_color=&#8221;#efefef&#8221; header_font=&#8221;Work Sans Light|300|||||||&#8221; header_line_height=&#8221;1em&#8221; result_message_text_color=&#8221;#000000&#8243; form_field_font_size=&#8221;14px&#8221; use_background_color=&#8221;off&#8221; custom_button=&#8221;on&#8221; button_border_radius=&#8221;0px&#8221; button_font=&#8221;Work Sans Light||||||||&#8221; background_layout=&#8221;light&#8221; custom_margin=&#8221;24px||||false|false&#8221; hover_enabled=&#8221;0&#8243; border_radii_fields=&#8221;on|0px|0px|0px|0px&#8221; border_color_all_fields=&#8221;#000000&#8243; locked=&#8221;off&#8221; global_colors_info=&#8221;{}&#8221; sticky_enabled=&#8221;0&#8243;][\/et_pb_signup][\/et_pb_column][\/et_pb_row][\/et_pb_section]<\/p>\n","protected":false},"excerpt":{"rendered":"<p>Pozdravljeni. \u010ce \u017eelite stopiti v stik z nami, izpolnite naslednji obrazec ali po\u0161ljite e-po\u0161to neposredno na naslov info@musicm.at. Lahko nas pokli\u010dete tudi na telefonsko \u0161tevilko +43 670 603 85 84. Veselimo se va\u0161ega sporo\u010dila!Ali ostanemo v stiku? \u010ce se naro\u010dite na na\u0161e novice, boste redno prejemali datume na\u0161ih delavnic, priporo\u010dila in nasvete za ve\u010d gibanja [&hellip;]<\/p>\n","protected":false},"author":1,"featured_media":0,"parent":0,"menu_order":0,"comment_status":"closed","ping_status":"closed","template":"","meta":{"_et_pb_use_builder":"on","_et_pb_old_content":"","_et_gb_content_width":"","footnotes":""},"class_list":["post-48824","page","type-page","status-publish","hentry"],"_links":{"self":[{"href":"https:\/\/musicm.at\/sl\/wp-json\/wp\/v2\/pages\/48824","targetHints":{"allow":["GET"]}}],"collection":[{"href":"https:\/\/musicm.at\/sl\/wp-json\/wp\/v2\/pages"}],"about":[{"href":"https:\/\/musicm.at\/sl\/wp-json\/wp\/v2\/types\/page"}],"author":[{"embeddable":true,"href":"https:\/\/musicm.at\/sl\/wp-json\/wp\/v2\/users\/1"}],"replies":[{"embeddable":true,"href":"https:\/\/musicm.at\/sl\/wp-json\/wp\/v2\/comments?post=48824"}],"version-history":[{"count":7,"href":"https:\/\/musicm.at\/sl\/wp-json\/wp\/v2\/pages\/48824\/revisions"}],"predecessor-version":[{"id":49081,"href":"https:\/\/musicm.at\/sl\/wp-json\/wp\/v2\/pages\/48824\/revisions\/49081"}],"wp:attachment":[{"href":"https:\/\/musicm.at\/sl\/wp-json\/wp\/v2\/media?parent=48824"}],"curies":[{"name":"wp","href":"https:\/\/api.w.org\/{rel}","templated":true}]}}