{"id":48815,"date":"2023-06-06T14:20:25","date_gmt":"2023-06-06T14:20:25","guid":{"rendered":"https:\/\/musicm.at\/odtis\/"},"modified":"2025-02-17T18:58:29","modified_gmt":"2025-02-17T18:58:29","slug":"odtis","status":"publish","type":"page","link":"https:\/\/musicm.at\/sl\/odtis\/","title":{"rendered":"Impresum"},"content":{"rendered":"<p>[et_pb_section fb_built=&#8221;1&#8243; admin_label=&#8221;section&#8221; _builder_version=&#8221;4.16&#8243; global_colors_info=&#8221;{}&#8221;][et_pb_row admin_label=&#8221;vrstica&#8221; _builder_version=&#8221;4.22.1&#8243; background_size=&#8221;initial&#8221; background_position=&#8221;top_left&#8221; background_repeat=&#8221;repeat&#8221; width=&#8221;70%&#8221; hover_enabled=&#8221;0&#8243; global_colors_info=&#8221;{}&#8221; width_last_edited=&#8221;on|phone&#8221; sticky_enabled=&#8221;0&#8243; width_phone=&#8221;85%&#8221; width_tablet=&#8221;70%&#8221;][et_pb_column type=&#8221;4_4&#8243; _builder_version=&#8221;4.16&#8243; custom_padding=&#8221;|||&#8221; global_colors_info=&#8221;{}&#8221; custom_padding__hover=&#8221;|||&#8221;][et_pb_text admin_label=&#8221;Text&#8221; _builder_version=&#8221;4.16&#8243; background_size=&#8221;initial&#8221; background_position=&#8221;top_left&#8221; background_repeat=&#8221;repeat&#8221; global_colors_info=&#8221;{}&#8221;]<\/p><h2 class=\"wp-block-heading\">Informacije v skladu s \u00a7 5 TMG<\/h2><p>Jure Robek<br\/>Mildenbergstrasse 2b<br\/>6900 Bregenz<\/p><h2 class=\"wp-block-heading\">Pi\u0161ite nam<\/h2><p><br\/>Telefon: +43 (0)6706038584 E-naslov: info@jurerobek.com<\/p><h2 class=\"wp-block-heading\">Re\u0161evanje potro\u0161ni\u0161kih sporov\/univerzalni arbitra\u017eni center<\/h2><p>Nismo pripravljeni ali dol\u017eni sodelovati v postopku re\u0161evanja sporov pred potro\u0161ni\u0161ko arbitra\u017eo.<\/p><p>Vir: <a href=\"https:\/\/www.e-recht24.de\">e-recht24.de<\/a><\/p><p>[\/et_pb_text][et_pb_text _builder_version=&#8221;4.16&#8243; _module_preset=&#8221;default&#8221; background_size=&#8221;initial&#8221; background_position=&#8221;top_left&#8221; background_repeat=&#8221;repeat&#8221; global_colors_info=&#8221;{}&#8221;]<\/p>\n<div class=\"woocommerce woocommerce-gzd woocommerce-gzd-complaints-shortcode\">\n\t\t\t<h3>Information pursuant to \u00a7 19 (3) AStG<\/h3>\n\t\t<p>Alternative Dispute Resolution Act - Online stores<\/p>\n\t\nZur Teilnahme an einem Streitbeilegungsverfahren vor einer Verbraucherschlichtungsstelle sind wir nicht verpflichtet und nicht bereit.<\/div>\n<p>[\/et_pb_text][\/et_pb_column][\/et_pb_row][\/et_pb_section]<\/p>","protected":false},"excerpt":{"rendered":"<p>Informacije v skladu s \u00a7 5 TMG Jure RobekMildenbergstrasse 2b6900 Bregenz Pi\u0161ite nam Telefon: +43 (0)6706038584 E-naslov: info@jurerobek.com Re\u0161evanje potro\u0161ni\u0161kih sporov\/univerzalni arbitra\u017eni center Nismo pripravljeni ali dol\u017eni sodelovati v postopku re\u0161evanja sporov pred potro\u0161ni\u0161ko arbitra\u017eo. Vir: e-recht24.de <div class=\"woocommerce woocommerce-gzd woocommerce-gzd-complaints-shortcode\">\n\t\t\t<h3>Information pursuant to \u00a7 19 (3) AStG<\/h3>\n\t\t<p>Alternative Dispute Resolution Act - Online stores<\/p>\n\t\nZur Teilnahme an einem Streitbeilegungsverfahren vor einer Verbraucherschlichtungsstelle sind wir nicht verpflichtet und nicht bereit.<\/div><\/p>\n","protected":false},"author":1,"featured_media":0,"parent":0,"menu_order":0,"comment_status":"closed","ping_status":"closed","template":"","meta":{"_et_pb_use_builder":"on","_et_pb_old_content":"","_et_gb_content_width":"","footnotes":""},"class_list":["post-48815","page","type-page","status-publish","hentry"],"_links":{"self":[{"href":"https:\/\/musicm.at\/sl\/wp-json\/wp\/v2\/pages\/48815","targetHints":{"allow":["GET"]}}],"collection":[{"href":"https:\/\/musicm.at\/sl\/wp-json\/wp\/v2\/pages"}],"about":[{"href":"https:\/\/musicm.at\/sl\/wp-json\/wp\/v2\/types\/page"}],"author":[{"embeddable":true,"href":"https:\/\/musicm.at\/sl\/wp-json\/wp\/v2\/users\/1"}],"replies":[{"embeddable":true,"href":"https:\/\/musicm.at\/sl\/wp-json\/wp\/v2\/comments?post=48815"}],"version-history":[{"count":3,"href":"https:\/\/musicm.at\/sl\/wp-json\/wp\/v2\/pages\/48815\/revisions"}],"predecessor-version":[{"id":49062,"href":"https:\/\/musicm.at\/sl\/wp-json\/wp\/v2\/pages\/48815\/revisions\/49062"}],"wp:attachment":[{"href":"https:\/\/musicm.at\/sl\/wp-json\/wp\/v2\/media?parent=48815"}],"curies":[{"name":"wp","href":"https:\/\/api.w.org\/{rel}","templated":true}]}}