{"id":48808,"date":"2023-07-12T21:02:39","date_gmt":"2023-07-12T21:02:39","guid":{"rendered":"https:\/\/musicm.at\/domov\/"},"modified":"2025-05-13T07:03:07","modified_gmt":"2025-05-13T07:03:07","slug":"domov","status":"publish","type":"page","link":"https:\/\/musicm.at\/sl\/","title":{"rendered":"Domov"},"content":{"rendered":"<p>[et_pb_section fb_built=&#8221;1&#8243; fullwidth=&#8221;on&#8221; _builder_version=&#8221;4.21.2&#8243; _module_preset=&#8221;default&#8221; custom_margin=&#8221;|50px||50px|false|false&#8221; custom_margin_tablet=&#8221;|30px||30px|false|false&#8221; custom_margin_phone=&#8221;|20px||20px|false|false&#8221; custom_margin_last_edited=&#8221;on|phone&#8221; global_colors_info=&#8221;{}&#8221;][et_pb_fullwidth_slider arrows_custom_color=&#8221;#FFFFFF&#8221; dot_nav_custom_color=&#8221;#FFFFFF&#8221; _builder_version=&#8221;4.27.2&#8243; _module_preset=&#8221;default&#8221; body_font=&#8221;||||||||&#8221; module_alignment=&#8221;left&#8221; content_width=&#8221;100%&#8221; height=&#8221;680px&#8221; height_tablet=&#8221;400px&#8221; height_phone=&#8221;400px&#8221; height_last_edited=&#8221;on|tablet&#8221; custom_margin=&#8221;||||false|false&#8221; custom_padding=&#8221;10%|||13%|false|false&#8221; custom_padding_tablet=&#8221;2%|||10%|false|false&#8221; custom_padding_phone=&#8221;2%|||5%|false|false&#8221; custom_padding_last_edited=&#8221;on|phone&#8221; global_colors_info=&#8221;{}&#8221;][et_pb_slide use_bg_overlay=&#8221;off&#8221; use_text_overlay=&#8221;off&#8221; alignment=&#8221;bottom&#8221; _builder_version=&#8221;4.27.2&#8243; _module_preset=&#8221;default&#8221; header_level=&#8221;h2&#8243; header_font=&#8221;Work Sans Light|300|||||||&#8221; header_text_align=&#8221;right&#8221; header_text_color=&#8221;#000000&#8243; header_font_size=&#8221;63px&#8221; body_font=&#8221;Work Sans Thin|300|||||||&#8221; body_text_align=&#8221;left&#8221; body_text_color=&#8221;#000000&#8243; body_font_size=&#8221;83px&#8221; body_line_height=&#8221;0.8em&#8221; background_color=&#8221;RGBA(255,255,255,0)&#8221; background_enable_color=&#8221;on&#8221; background_image=&#8221;https:\/\/musicm.at\/wp-content\/uploads\/2023\/07\/header_bilder8neu-scaled.jpg&#8221; background_enable_image=&#8221;on&#8221; background_position=&#8221;bottom_center&#8221; background_blend=&#8221;multiply&#8221; transform_scale_linked=&#8221;off&#8221; transform_translate_linked=&#8221;off&#8221; z_index=&#8221;0&#8243; background_layout=&#8221;light&#8221; body_font_tablet=&#8221;Work Sans Thin|300|||||||&#8221; body_font_phone=&#8221;Work Sans Thin|300|||||||&#8221; body_font_last_edited=&#8221;on|phone&#8221; body_font_size_tablet=&#8221;47px&#8221; body_font_size_phone=&#8221;32px&#8221; body_font_size_last_edited=&#8221;on|tablet&#8221; global_colors_info=&#8221;{}&#8221; sticky_transition=&#8221;on&#8221;]<\/p>\n<p style=\"text-align: left;\">igranje<br \/>lestvic<br \/>z u\u017eitkom<\/p>\n<p>[\/et_pb_slide][et_pb_slide use_bg_overlay=&#8221;off&#8221; use_text_overlay=&#8221;off&#8221; alignment=&#8221;bottom&#8221; _builder_version=&#8221;4.27.2&#8243; _module_preset=&#8221;default&#8221; header_level=&#8221;h2&#8243; header_font=&#8221;Work Sans Light|300|||||||&#8221; header_text_align=&#8221;right&#8221; header_text_color=&#8221;#000000&#8243; header_font_size=&#8221;63px&#8221; body_font=&#8221;Work Sans Thin|300|||||||&#8221; body_text_align=&#8221;left&#8221; body_text_color=&#8221;#000000&#8243; body_font_size=&#8221;83px&#8221; body_line_height=&#8221;0.8em&#8221; background_color=&#8221;RGBA(255,255,255,0)&#8221; background_enable_color=&#8221;on&#8221; background_image=&#8221;https:\/\/musicm.at\/wp-content\/uploads\/2023\/07\/header_bilder7neu.jpg&#8221; background_enable_image=&#8221;on&#8221; background_position=&#8221;bottom_center&#8221; transform_scale_linked=&#8221;off&#8221; transform_translate_linked=&#8221;off&#8221; z_index=&#8221;0&#8243; background_layout=&#8221;light&#8221; body_font_tablet=&#8221;Work Sans Thin|300|||||||&#8221; body_font_phone=&#8221;Work Sans Thin|300|||||||&#8221; body_font_last_edited=&#8221;on|phone&#8221; body_font_size_tablet=&#8221;47px&#8221; body_font_size_phone=&#8221;32px&#8221; body_font_size_last_edited=&#8221;on|phone&#8221; global_colors_info=&#8221;{}&#8221; sticky_transition=&#8221;on&#8221;]<\/p>\n<p>celovito u\u010denje v gibanju<\/p>\n<p>[\/et_pb_slide][et_pb_slide use_bg_overlay=&#8221;off&#8221; use_text_overlay=&#8221;off&#8221; alignment=&#8221;bottom&#8221; _builder_version=&#8221;4.27.2&#8243; _module_preset=&#8221;default&#8221; header_level=&#8221;h2&#8243; header_font=&#8221;Work Sans Light|300|||||||&#8221; header_text_align=&#8221;right&#8221; header_text_color=&#8221;#000000&#8243; header_font_size=&#8221;63px&#8221; body_font=&#8221;Work Sans Thin|300|||||||&#8221; body_text_align=&#8221;left&#8221; body_text_color=&#8221;#FFFFFF&#8221; body_font_size=&#8221;83px&#8221; body_line_height=&#8221;0.8em&#8221; background_color=&#8221;RGBA(255,255,255,0)&#8221; background_enable_color=&#8221;on&#8221; background_image=&#8221;https:\/\/musicm.at\/wp-content\/uploads\/2023\/07\/header_bilder9.jpg&#8221; background_enable_image=&#8221;on&#8221; transform_scale_linked=&#8221;off&#8221; transform_translate_linked=&#8221;off&#8221; z_index=&#8221;0&#8243; background_layout=&#8221;light&#8221; body_font_tablet=&#8221;Work Sans Thin|300|||||||&#8221; body_font_phone=&#8221;Work Sans Thin|300|||||||&#8221; body_font_last_edited=&#8221;on|phone&#8221; body_font_size_tablet=&#8221;47px&#8221; body_font_size_phone=&#8221;32px&#8221; body_font_size_last_edited=&#8221;on|phone&#8221; global_colors_info=&#8221;{}&#8221; sticky_transition=&#8221;on&#8221;]<\/p>\n<p style=\"text-align: left;\">zabavni<br \/>izzivi<\/p>\n<p>[\/et_pb_slide][\/et_pb_fullwidth_slider][\/et_pb_section][et_pb_section fb_built=&#8221;1&#8243; _builder_version=&#8221;4.27.4&#8243; _module_preset=&#8221;default&#8221; module_alignment=&#8221;center&#8221; custom_margin=&#8221;60px||99px||false|false&#8221; custom_margin_tablet=&#8221;30px|50px||50px|false|false&#8221; custom_margin_phone=&#8221;|0px||0px|false|false&#8221; custom_margin_last_edited=&#8221;on|phone&#8221; custom_padding=&#8221;23px||25px||false|false&#8221; hover_enabled=&#8221;0&#8243; locked=&#8221;off&#8221; global_colors_info=&#8221;{}&#8221; sticky_enabled=&#8221;0&#8243;][et_pb_row custom_padding_last_edited=&#8221;on|phone&#8221; _builder_version=&#8221;4.21.0&#8243; _module_preset=&#8221;default&#8221; vertical_offset=&#8221;0px&#8221; width=&#8221;900px&#8221; custom_margin=&#8221;||||false|false&#8221; custom_padding=&#8221;||0px||false|false&#8221; custom_padding_tablet=&#8221;|30px|0px|30px|false|false&#8221; custom_padding_phone=&#8221;|20px||20px|false|false&#8221; global_colors_info=&#8221;{}&#8221;][et_pb_column type=&#8221;4_4&#8243; _builder_version=&#8221;4.21.0&#8243; _module_preset=&#8221;default&#8221; global_colors_info=&#8221;{}&#8221;][et_pb_text _builder_version=&#8221;4.22.1&#8243; _module_preset=&#8221;default&#8221; text_font=&#8221;Work Sans Thin|100|||||||&#8221; header_font=&#8221;Work Sans Light|100|||||||&#8221; header_font_size=&#8221;87px&#8221; width_tablet=&#8221;&#8221; width_phone=&#8221;42%&#8221; width_last_edited=&#8221;on|tablet&#8221; custom_margin=&#8221;||||false|false&#8221; custom_padding=&#8221;||10px||false|false&#8221; header_font_size_tablet=&#8221;78px&#8221; header_font_size_phone=&#8221;60px&#8221; header_font_size_last_edited=&#8221;on|phone&#8221; inline_fonts=&#8221;Work Sans Light&#8221; global_colors_info=&#8221;{}&#8221;]<\/p>\n<h1>na\u0161i izdelki.<\/h1>\n<p>[\/et_pb_text][\/et_pb_column][\/et_pb_row][et_pb_row column_structure=&#8221;1_2,1_2&#8243; use_custom_gutter=&#8221;on&#8221; gutter_width=&#8221;2&#8243; make_equal=&#8221;on&#8221; _builder_version=&#8221;4.27.4&#8243; _module_preset=&#8221;default&#8221; width=&#8221;900px&#8221; width_tablet=&#8221;90%&#8221; width_phone=&#8221;90%&#8221; width_last_edited=&#8221;on|tablet&#8221; max_width_tablet=&#8221;100%&#8221; max_width_phone=&#8221;100%&#8221; max_width_last_edited=&#8221;on|tablet&#8221; module_alignment=&#8221;center&#8221; custom_margin=&#8221;0px||||false|false&#8221; custom_margin_tablet=&#8221;0px||||false|false&#8221; custom_margin_phone=&#8221;0px|0px||0px|false|false&#8221; custom_margin_last_edited=&#8221;on|phone&#8221; custom_padding=&#8221;0px|0px||0px|false|false&#8221; hover_enabled=&#8221;0&#8243; module_alignment_tablet=&#8221;center&#8221; module_alignment_phone=&#8221;center&#8221; module_alignment_last_edited=&#8221;on|desktop&#8221; locked=&#8221;off&#8221; global_colors_info=&#8221;{}&#8221; sticky_enabled=&#8221;0&#8243;][et_pb_column type=&#8221;1_2&#8243; _builder_version=&#8221;4.22.1&#8243; _module_preset=&#8221;default&#8221; background_color=&#8221;#f4f4f4&#8243; position_origin_a=&#8221;top_center&#8221; vertical_offset_tablet=&#8221;&#8221; vertical_offset_phone=&#8221;&#8221; vertical_offset_last_edited=&#8221;on|tablet&#8221; custom_padding=&#8221;30px|30px|20px|30px|false|false&#8221; custom_padding_tablet=&#8221;30px|30px|20px|30px|false|false&#8221; custom_padding_phone=&#8221;|20px||20px|false|false&#8221; custom_padding_last_edited=&#8221;on|phone&#8221; border_color_all=&#8221;#FFFFFF&#8221; global_colors_info=&#8221;{}&#8221;][et_pb_image src=&#8221;https:\/\/musicm.at\/wp-content\/uploads\/2023\/08\/rondo_matte_klein.png&#8221; title_text=&#8221;rondo_matte_small&#8221; url=&#8221;@ET-DC@eyJkeW5hbWljIjp0cnVlLCJjb250ZW50IjoicG9zdF9saW5rX3VybF9wcm9kdWN0Iiwic2V0dGluZ3MiOnsicG9zdF9pZCI6IjQ4MDA1In19@&#8221; align=&#8221;center&#8221; _builder_version=&#8221;4.21.2&#8243; _dynamic_attributes=&#8221;url&#8221; _module_preset=&#8221;default&#8221; width=&#8221;95%&#8221; global_colors_info=&#8221;{}&#8221;][\/et_pb_image][et_pb_text _builder_version=&#8221;4.22.1&#8243; _dynamic_attributes=&#8221;link_option_url&#8221; _module_preset=&#8221;default&#8221; text_font=&#8221;Work Sans Light||||||||&#8221; header_font=&#8221;Work Sans Thin||||||||&#8221; header_font_size=&#8221;75px&#8221; header_line_height=&#8221;0.5em&#8221; background_color=&#8221;RGBA(255,255,255,0)&#8221; custom_margin_tablet=&#8221;&#8221; custom_margin_phone=&#8221;&#8221; custom_margin_last_edited=&#8221;on|phone&#8221; custom_padding=&#8221;0px|10px|20px|10px|false|false&#8221; link_option_url=&#8221;@ET-DC@eyJkeW5hbWljIjp0cnVlLCJjb250ZW50IjoicG9zdF9saW5rX3VybF9wcm9kdWN0Iiwic2V0dGluZ3MiOnsicG9zdF9pZCI6IjQ4MDA1In19@&#8221; header_font_size_tablet=&#8221;75px&#8221; header_font_size_phone=&#8221;50px&#8221; header_font_size_last_edited=&#8221;on|phone&#8221; header_line_height_tablet=&#8221;0.5em&#8221; header_line_height_phone=&#8221;0.8em&#8221; header_line_height_last_edited=&#8221;on|phone&#8221; locked=&#8221;off&#8221; inline_fonts=&#8221;Work Sans Light,Work Sans Bold,Work Sans Medium&#8221; global_colors_info=&#8221;{}&#8221;]<\/p>\n<h2><span style=\"font-family: 'Work Sans Bold'; font-weight: normal; font-size: 24px;\">Model<\/span><\/h2>\n<h1 class=\"page\" title=\"Stran 1\"><span style=\"font-family: 'Work Sans Thin'; font-weight: normal; font-size: 68px;\">Rondo<\/span><\/h1>\n<p>[\/et_pb_text][et_pb_text _builder_version=&#8221;4.27.4&#8243; _dynamic_attributes=&#8221;link_option_url&#8221; _module_preset=&#8221;default&#8221; text_font=&#8221;Work Sans Light|100|||||||&#8221; link_font=&#8221;Work Sans Light||||||||&#8221; header_font=&#8221;Work Sans Thin||||||||&#8221; header_font_size=&#8221;75px&#8221; header_line_height=&#8221;0.5em&#8221; background_color=&#8221;#f4f4f4&#8243; positioning=&#8221;relative&#8221; vertical_offset=&#8221;0px&#8221; vertical_offset_tablet=&#8221;0px&#8221; vertical_offset_phone=&#8221;0px&#8221; vertical_offset_last_edited=&#8221;on|phone&#8221; custom_margin=&#8221;||40px||false|false&#8221; custom_margin_tablet=&#8221;||40px||false|false&#8221; custom_margin_phone=&#8221;||40px||false|false&#8221; custom_margin_last_edited=&#8221;on|phone&#8221; custom_padding=&#8221;0px|10px|0px|10px|false|false&#8221; link_option_url=&#8221;@ET-DC@eyJkeW5hbWljIjp0cnVlLCJjb250ZW50IjoicG9zdF9saW5rX3VybF9wcm9kdWN0Iiwic2V0dGluZ3MiOnsicG9zdF9pZCI6IjQ4MDA1In19@&#8221; locked=&#8221;off&#8221; inline_fonts=&#8221;Work Sans Light,Work Sans Bold,Work Sans Medium&#8221; global_colors_info=&#8221;{}&#8221;]<\/p>\n<p style=\"font-family: Work Sans Bold;\"><span>Glasbena podlaga Rondo je v vrsti namenjena pouku in\u0161trumenta in pouku glasbene teorije.<\/span><\/p>\n<p><span>Lahko naro\u010dite le podlogo, samo igralne karte ali pa tudi kot set in tako zdru\u017eite oba elementa za \u0161e ve\u010dji u\u010dinek.<\/span><\/p>\n<p>[\/et_pb_text][et_pb_button button_url=&#8221;@ET-DC@eyJkeW5hbWljIjp0cnVlLCJjb250ZW50IjoicG9zdF9saW5rX3VybF9wcm9kdWN0Iiwic2V0dGluZ3MiOnsicG9zdF9pZCI6IjQ4MDA1In19@&#8221; button_text=&#8221;Preberite ve\u010d&#8230;&#8221; button_alignment=&#8221;right&#8221; _builder_version=&#8221;4.27.4&#8243; _dynamic_attributes=&#8221;button_url&#8221; _module_preset=&#8221;default&#8221; custom_button=&#8221;on&#8221; button_text_size=&#8221;22px&#8221; button_border_radius=&#8221;0px&#8221; button_font=&#8221;Work Sans Light||||||||&#8221; transform_scale_tablet=&#8221;&#8221; transform_scale_phone=&#8221;&#8221; transform_scale_last_edited=&#8221;on|desktop&#8221; transform_translate_tablet=&#8221;&#8221; transform_translate_phone=&#8221;&#8221; transform_translate_last_edited=&#8221;on|phone&#8221; transform_translate_linked=&#8221;off&#8221; transform_rotate_tablet=&#8221;&#8221; transform_rotate_phone=&#8221;&#8221; transform_rotate_last_edited=&#8221;on|desktop&#8221; transform_skew_tablet=&#8221;&#8221; transform_skew_phone=&#8221;&#8221; transform_skew_last_edited=&#8221;on|desktop&#8221; transform_origin_tablet=&#8221;&#8221; transform_origin_phone=&#8221;&#8221; transform_origin_last_edited=&#8221;on|desktop&#8221; transform_styles_last_edited=&#8221;on|phone&#8221; positioning=&#8221;absolute&#8221; position_origin_a=&#8221;bottom_right&#8221; position_origin_f=&#8221;center_center&#8221; position_origin_r=&#8221;bottom_right&#8221; vertical_offset=&#8221;-16px&#8221; horizontal_offset=&#8221;35px&#8221; custom_margin=&#8221;||||false|false&#8221; transform_styles_tablet=&#8221;&#8221; transform_styles_phone=&#8221;&#8221; global_colors_info=&#8221;{}&#8221;][\/et_pb_button][\/et_pb_column][et_pb_column type=&#8221;1_2&#8243; _builder_version=&#8221;4.21.2&#8243; _module_preset=&#8221;default&#8221; background_color=&#8221;#f4f4f4&#8243; position_origin_a=&#8221;top_center&#8221; vertical_offset_tablet=&#8221;&#8221; vertical_offset_phone=&#8221;&#8221; vertical_offset_last_edited=&#8221;on|tablet&#8221; custom_padding=&#8221;30px|30px|20px|30px|false|false&#8221; custom_padding_tablet=&#8221;30px|30px|20px|30px|false|false&#8221; custom_padding_phone=&#8221;|20px||20px|false|false&#8221; custom_padding_last_edited=&#8221;on|phone&#8221; border_color_all=&#8221;#FFFFFF&#8221; global_colors_info=&#8221;{}&#8221;][et_pb_image src=&#8221;https:\/\/musicm.at\/wp-content\/uploads\/2023\/08\/invention-matte_klein.png&#8221; title_text=&#8221;invention-matte_small&#8221; url=&#8221;@ET-DC@eyJkeW5hbWljIjp0cnVlLCJjb250ZW50IjoicG9zdF9saW5rX3VybF9wcm9kdWN0Iiwic2V0dGluZ3MiOnsicG9zdF9pZCI6IjQ4MDA2In19@&#8221; align=&#8221;center&#8221; _builder_version=&#8221;4.22.0&#8243; _dynamic_attributes=&#8221;url&#8221; _module_preset=&#8221;default&#8221; width=&#8221;95%&#8221; global_colors_info=&#8221;{}&#8221;][\/et_pb_image][et_pb_text _builder_version=&#8221;4.22.1&#8243; _dynamic_attributes=&#8221;link_option_url&#8221; _module_preset=&#8221;default&#8221; text_font=&#8221;Work Sans Light||||||||&#8221; header_font=&#8221;Work Sans Thin||||||||&#8221; header_font_size=&#8221;75px&#8221; header_line_height=&#8221;0.5em&#8221; background_color=&#8221;RGBA(255,255,255,0)&#8221; custom_padding=&#8221;0px|10px|20px|10px|false|false&#8221; link_option_url=&#8221;@ET-DC@eyJkeW5hbWljIjp0cnVlLCJjb250ZW50IjoicG9zdF9saW5rX3VybF9wcm9kdWN0Iiwic2V0dGluZ3MiOnsicG9zdF9pZCI6IjQ4MDA2In19@&#8221; header_font_size_tablet=&#8221;75px&#8221; header_font_size_phone=&#8221;50px&#8221; header_font_size_last_edited=&#8221;on|phone&#8221; header_line_height_tablet=&#8221;0.5em&#8221; header_line_height_phone=&#8221;0.8em&#8221; header_line_height_last_edited=&#8221;on|phone&#8221; locked=&#8221;off&#8221; inline_fonts=&#8221;Work Sans Light,Work Sans Bold,Work Sans Medium&#8221; global_colors_info=&#8221;{}&#8221;]<\/p>\n<h2><span style=\"font-family: 'Work Sans Bold'; font-weight: normal; font-size: 24px;\">Model<\/span><\/h2>\n<h1 class=\"page\" title=\"Stran 1\"><span style=\"font-family: 'Work Sans Thin'; font-weight: normal; font-size: 68px;\">Invention<\/span><\/h1>\n<p>[\/et_pb_text][et_pb_text _builder_version=&#8221;4.27.4&#8243; _dynamic_attributes=&#8221;link_option_url&#8221; _module_preset=&#8221;default&#8221; text_font=&#8221;Work Sans Light|100|||||||&#8221; link_font=&#8221;Work Sans Light||||||||&#8221; header_font=&#8221;Work Sans Thin||||||||&#8221; header_font_size=&#8221;75px&#8221; header_line_height=&#8221;0.5em&#8221; background_color=&#8221;#f4f4f4&#8243; positioning=&#8221;relative&#8221; vertical_offset=&#8221;0px&#8221; vertical_offset_tablet=&#8221;0px&#8221; vertical_offset_phone=&#8221;0px&#8221; vertical_offset_last_edited=&#8221;on|phone&#8221; custom_margin=&#8221;||40px||false|false&#8221; custom_margin_tablet=&#8221;||40px||false|false&#8221; custom_margin_phone=&#8221;||40px||false|false&#8221; custom_margin_last_edited=&#8221;on|desktop&#8221; custom_padding=&#8221;0px|10px|0px|10px|false|false&#8221; link_option_url=&#8221;@ET-DC@eyJkeW5hbWljIjp0cnVlLCJjb250ZW50IjoicG9zdF9saW5rX3VybF9wcm9kdWN0Iiwic2V0dGluZ3MiOnsicG9zdF9pZCI6IjQ4MDA1In19@&#8221; locked=&#8221;off&#8221; inline_fonts=&#8221;Work Sans Light,Work Sans Bold,Work Sans Medium&#8221; global_colors_info=&#8221;{}&#8221;]<\/p>\n<p><span style=\"font-family: Work Sans Bold;\">Glasbena podloga Invention je namenjena pouku harmonike.<\/span><\/p>\n<p>Z veseljem do bolj\u0161e orientacije in predstave klaviature.<\/p>\n<p>[\/et_pb_text][et_pb_button button_url=&#8221;@ET-DC@eyJkeW5hbWljIjp0cnVlLCJjb250ZW50IjoicG9zdF9saW5rX3VybF9wcm9kdWN0Iiwic2V0dGluZ3MiOnsicG9zdF9pZCI6IjQ4MTgyIn19@&#8221; button_text=&#8221;Preberite ve\u010d&#8230;&#8221; button_alignment=&#8221;right&#8221; button_alignment_tablet=&#8221;right&#8221; button_alignment_last_edited=&#8221;off|tablet&#8221; _builder_version=&#8221;4.27.4&#8243; _dynamic_attributes=&#8221;button_url&#8221; _module_preset=&#8221;default&#8221; custom_button=&#8221;on&#8221; button_text_size=&#8221;22px&#8221; button_border_radius=&#8221;0px&#8221; button_font=&#8221;Work Sans Light||||||||&#8221; transform_scale_tablet=&#8221;&#8221; transform_scale_phone=&#8221;&#8221; transform_scale_last_edited=&#8221;on|desktop&#8221; transform_translate_tablet=&#8221;&#8221; transform_translate_phone=&#8221;&#8221; transform_translate_last_edited=&#8221;on|phone&#8221; transform_translate_linked=&#8221;off&#8221; transform_rotate_tablet=&#8221;&#8221; transform_rotate_phone=&#8221;&#8221; transform_rotate_last_edited=&#8221;on|desktop&#8221; transform_skew_tablet=&#8221;&#8221; transform_skew_phone=&#8221;&#8221; transform_skew_last_edited=&#8221;on|desktop&#8221; transform_origin_tablet=&#8221;&#8221; transform_origin_phone=&#8221;&#8221; transform_origin_last_edited=&#8221;on|desktop&#8221; transform_styles_last_edited=&#8221;on|phone&#8221; positioning=&#8221;absolute&#8221; position_origin_a=&#8221;bottom_right&#8221; position_origin_r=&#8221;bottom_right&#8221; vertical_offset=&#8221;-16px&#8221; horizontal_offset=&#8221;35px&#8221; z_index=&#8221;118&#8243; custom_margin=&#8221;||||false|false&#8221; transform_styles_tablet=&#8221;&#8221; transform_styles_phone=&#8221;&#8221; global_colors_info=&#8221;{}&#8221;][\/et_pb_button][\/et_pb_column][\/et_pb_row][\/et_pb_section][et_pb_section fb_built=&#8221;1&#8243; module_id=&#8221;Kontakt&#8221; _builder_version=&#8221;4.22.1&#8243; _module_preset=&#8221;default&#8221; module_alignment=&#8221;center&#8221; custom_margin_tablet=&#8221;|50px||50px|false|false&#8221; custom_margin_phone=&#8221;|20px||20px|false|false&#8221; custom_margin_last_edited=&#8221;on|phone&#8221; custom_padding=&#8221;6px||113px|||&#8221; locked=&#8221;off&#8221; global_colors_info=&#8221;{}&#8221;][et_pb_row _builder_version=&#8221;4.22.1&#8243; _module_preset=&#8221;default&#8221; width=&#8221;900px&#8221; width_tablet=&#8221;&#8221; width_phone=&#8221;85%&#8221; width_last_edited=&#8221;on|phone&#8221; max_width_tablet=&#8221;85%&#8221; max_width_phone=&#8221;85%&#8221; max_width_last_edited=&#8221;on|tablet&#8221; custom_padding=&#8221;50px||50px||false|false&#8221; global_colors_info=&#8221;{}&#8221;][et_pb_column type=&#8221;4_4&#8243; _builder_version=&#8221;4.20.4&#8243; _module_preset=&#8221;default&#8221; global_colors_info=&#8221;{}&#8221;][et_pb_text _builder_version=&#8221;4.22.1&#8243; _module_preset=&#8221;default&#8221; text_font=&#8221;Work Sans Light||||||||&#8221; header_font_size=&#8221;100px&#8221; header_2_line_height=&#8221;1.4em&#8221; header_6_font=&#8221;Work Sans Bold||||||||&#8221; header_6_font_size=&#8221;16px&#8221; header_6_line_height=&#8221;1.4em&#8221; width=&#8221;67%&#8221; width_tablet=&#8221;67%&#8221; width_phone=&#8221;95%&#8221; width_last_edited=&#8221;on|phone&#8221; custom_margin_tablet=&#8221;&#8221; custom_margin_phone=&#8221;&#8221; custom_margin_last_edited=&#8221;on|desktop&#8221; header_font_size_tablet=&#8221;100px&#8221; header_font_size_phone=&#8221;75px&#8221; header_font_size_last_edited=&#8221;on|tablet&#8221; locked=&#8221;off&#8221; inline_fonts=&#8221;Work Sans Light&#8221; global_colors_info=&#8221;{}&#8221;]<\/p>\n<h1><span style=\"font-family: 'Work Sans Light'; font-weight: normal;\">Pozdravljeni.<\/span><\/h1>\n<h2><span style=\"font-family: 'Work Sans Light'; font-weight: normal;\">Ali ostanemo v stiku?<\/span><\/h2>\n<p><span>\u010ce se naro\u010dite na na\u0161e novice, boste redno prejemali datume na\u0161ih delavnic, priporo\u010dila in nasvete za ve\u010d gibanja pri u\u010denju glasbe.<\/span><\/p>\n<p><span><\/span><\/p>\n<h6><span>V zahvalo z vami delimo na\u0161ih 6 najljub\u0161ih virov (podcastov, knjig in videoposnetkov) za zdravo ustvarjanje glasbe!<\/span><\/h6>\n<p>[\/et_pb_text][et_pb_signup provider=&#8221;mailerlite&#8221; mailerlite_list=&#8221;info@musicmat|67234673184474536&#8243; layout=&#8221;top_bottom&#8221; name_field=&#8221;on&#8221; name_fullwidth=&#8221;off&#8221; first_name_fullwidth=&#8221;off&#8221; last_name_fullwidth=&#8221;off&#8221; email_fullwidth=&#8221;off&#8221; success_message=&#8221;Zahvaljujemo se vam za prijavo!&#8221; title=&#8221;Naro\u010dite se na novice&#8221; button_text=&#8221;Prijavite se&#8221; _builder_version=&#8221;4.22.1&#8243; _module_preset=&#8221;default&#8221; form_field_background_color=&#8221;#efefef&#8221; header_font=&#8221;Work Sans Light|300|||||||&#8221; header_line_height=&#8221;1em&#8221; result_message_text_color=&#8221;#000000&#8243; form_field_font_size=&#8221;14px&#8221; use_background_color=&#8221;off&#8221; custom_button=&#8221;on&#8221; button_border_radius=&#8221;0px&#8221; background_layout=&#8221;light&#8221; custom_margin=&#8221;50px||||false|false&#8221; border_radii_fields=&#8221;on|0px|0px|0px|0px&#8221; border_color_all_fields=&#8221;#000000&#8243; global_colors_info=&#8221;{}&#8221;][\/et_pb_signup][\/et_pb_column][\/et_pb_row][\/et_pb_section]<\/p>\n","protected":false},"excerpt":{"rendered":"<p>igranjelestvicz u\u017eitkomcelovito u\u010denje v gibanjuzabavniizzivina\u0161i izdelki.Model RondoGlasbena podlaga Rondo je v vrsti namenjena pouku in\u0161trumenta in pouku glasbene teorije. Lahko naro\u010dite le podlogo, samo igralne karte ali pa tudi kot set in tako zdru\u017eite oba elementa za \u0161e ve\u010dji u\u010dinek.Model InventionGlasbena podloga Invention je namenjena pouku harmonike. Z veseljem do bolj\u0161e orientacije in predstave klaviature.Pozdravljeni. [&hellip;]<\/p>\n","protected":false},"author":1,"featured_media":0,"parent":0,"menu_order":0,"comment_status":"closed","ping_status":"closed","template":"","meta":{"_et_pb_use_builder":"on","_et_pb_old_content":"","_et_gb_content_width":"","footnotes":""},"class_list":["post-48808","page","type-page","status-publish","hentry"],"_links":{"self":[{"href":"https:\/\/musicm.at\/sl\/wp-json\/wp\/v2\/pages\/48808","targetHints":{"allow":["GET"]}}],"collection":[{"href":"https:\/\/musicm.at\/sl\/wp-json\/wp\/v2\/pages"}],"about":[{"href":"https:\/\/musicm.at\/sl\/wp-json\/wp\/v2\/types\/page"}],"author":[{"embeddable":true,"href":"https:\/\/musicm.at\/sl\/wp-json\/wp\/v2\/users\/1"}],"replies":[{"embeddable":true,"href":"https:\/\/musicm.at\/sl\/wp-json\/wp\/v2\/comments?post=48808"}],"version-history":[{"count":29,"href":"https:\/\/musicm.at\/sl\/wp-json\/wp\/v2\/pages\/48808\/revisions"}],"predecessor-version":[{"id":49158,"href":"https:\/\/musicm.at\/sl\/wp-json\/wp\/v2\/pages\/48808\/revisions\/49158"}],"wp:attachment":[{"href":"https:\/\/musicm.at\/sl\/wp-json\/wp\/v2\/media?parent=48808"}],"curies":[{"name":"wp","href":"https:\/\/api.w.org\/{rel}","templated":true}]}}