{"id":48799,"date":"2023-08-07T09:47:41","date_gmt":"2023-08-07T09:47:41","guid":{"rendered":"https:\/\/musicm.at\/pogosta-vprasanja\/"},"modified":"2025-02-17T18:52:17","modified_gmt":"2025-02-17T18:52:17","slug":"pogosta-vprasanja","status":"publish","type":"page","link":"https:\/\/musicm.at\/sl\/pogosta-vprasanja\/","title":{"rendered":"Pogosta vpra\u0161anja"},"content":{"rendered":"<p>[et_pb_section fb_built=&#8221;1&#8243; fullwidth=&#8221;on&#8221; _builder_version=&#8221;4.21.2&#8243; _module_preset=&#8221;default&#8221; custom_margin=&#8221;|50px||50px|false|false&#8221; custom_margin_tablet=&#8221;|30px||30px|false|false&#8221; custom_margin_phone=&#8221;|20px||20px|false|false&#8221; custom_margin_last_edited=&#8221;on|phone&#8221; locked=&#8221;off&#8221; global_colors_info=&#8221;{}&#8221;][et_pb_fullwidth_slider arrows_custom_color=&#8221;#FFFFFF&#8221; dot_nav_custom_color=&#8221;#FFFFFF&#8221; module_id=&#8221;slider-shop&#8221; _builder_version=&#8221;4.22.0&#8243; _module_preset=&#8221;default&#8221; body_font=&#8221;Work Sans Light||||||||&#8221; module_alignment=&#8221;left&#8221; content_width=&#8221;100%&#8221; height=&#8221;448px&#8221; height_tablet=&#8221;400px&#8221; height_phone=&#8221;400px&#8221; height_last_edited=&#8221;on|desktop&#8221; custom_margin=&#8221;||||false|false&#8221; custom_padding=&#8221;0px|||13%|false|false&#8221; custom_padding_tablet=&#8221;0px|||10%|false|false&#8221; custom_padding_phone=&#8221;0px|||5%|false|false&#8221; custom_padding_last_edited=&#8221;on|phone&#8221; global_colors_info=&#8221;{}&#8221;][et_pb_slide use_bg_overlay=&#8221;off&#8221; use_text_overlay=&#8221;off&#8221; alignment=&#8221;bottom&#8221; _builder_version=&#8221;4.22.0&#8243; _module_preset=&#8221;default&#8221; header_level=&#8221;h1&#8243; header_font=&#8221;Work Sans Thin|300|||||||&#8221; header_text_align=&#8221;left&#8221; header_text_color=&#8221;#ffffff&#8221; header_font_size=&#8221;100px&#8221; body_font=&#8221;Work Sans||||||||&#8221; body_text_align=&#8221;left&#8221; body_text_color=&#8221;#ffffff&#8221; body_font_size=&#8221;20px&#8221; body_line_height=&#8221;1.3em&#8221; background_color=&#8221;#000000&#8243; background_enable_color=&#8221;on&#8221; background_image=&#8221;https:\/\/musicm.at\/wp-content\/uploads\/2023\/08\/invention_matte_closeup_klein.jpg&#8221; background_enable_image=&#8221;on&#8221; background_position=&#8221;bottom_center&#8221; transform_scale_linked=&#8221;off&#8221; transform_translate_linked=&#8221;off&#8221; z_index=&#8221;0&#8243; background_layout=&#8221;light&#8221; custom_padding_tablet=&#8221;||||false|false&#8221; custom_padding_phone=&#8221;||||false|false&#8221; custom_padding_last_edited=&#8221;on|tablet&#8221; header_font_size_tablet=&#8221;60px&#8221; header_font_size_phone=&#8221;50px&#8221; header_font_size_last_edited=&#8221;on|phone&#8221; body_font_tablet=&#8221;Work Sans||||||||&#8221; body_font_phone=&#8221;Work Sans||||||||&#8221; body_font_last_edited=&#8221;off|desktop&#8221; body_font_size_tablet=&#8221;16px&#8221; body_font_size_phone=&#8221;15px&#8221; body_font_size_last_edited=&#8221;on|phone&#8221; body_text_shadow_style=&#8221;preset3&#8243; body_text_shadow_blur_strength=&#8221;0.71em&#8221; body_text_shadow_color=&#8221;rgba(76,76,76,0.26)&#8221; global_colors_info=&#8221;{}&#8221; sticky_transition=&#8221;on&#8221;][\/et_pb_slide][\/et_pb_fullwidth_slider][\/et_pb_section][et_pb_section fb_built=&#8221;1&#8243; _builder_version=&#8221;4.22.1&#8243; _module_preset=&#8221;default&#8221; width_tablet=&#8221;&#8221; width_phone=&#8221;&#8221; width_last_edited=&#8221;on|phone&#8221; max_width_tablet=&#8221;&#8221; max_width_phone=&#8221;&#8221; max_width_last_edited=&#8221;on|desktop&#8221; module_alignment=&#8221;center&#8221; custom_margin=&#8221;80px||||false|false&#8221; hover_enabled=&#8221;0&#8243; global_colors_info=&#8221;{}&#8221; sticky_enabled=&#8221;0&#8243;][et_pb_row module_id=&#8221;faq&#8221; _builder_version=&#8221;4.22.1&#8243; _module_preset=&#8221;default&#8221; width=&#8221;900px&#8221; width_tablet=&#8221;70%&#8221; width_phone=&#8221;95%&#8221; width_last_edited=&#8221;on|phone&#8221; module_alignment=&#8221;center&#8221; hover_enabled=&#8221;0&#8243; global_colors_info=&#8221;{}&#8221; sticky_enabled=&#8221;0&#8243;][et_pb_column type=&#8221;4_4&#8243; _builder_version=&#8221;4.20.4&#8243; _module_preset=&#8221;default&#8221; global_colors_info=&#8221;{}&#8221;][et_pb_text _builder_version=&#8221;4.22.1&#8243; _module_preset=&#8221;default&#8221; text_font=&#8221;Work Sans Light||||||||&#8221; text_font_size=&#8221;130px&#8221; positioning=&#8221;absolute&#8221; position_origin_a=&#8221;bottom_right&#8221; vertical_offset=&#8221;5px&#8221; horizontal_offset=&#8221;6px&#8221; text_orientation=&#8221;right&#8221; width=&#8221;100%&#8221; hover_enabled=&#8221;0&#8243; text_font_size_tablet=&#8221;90px&#8221; text_font_size_phone=&#8221;50px&#8221; text_font_size_last_edited=&#8221;on|phone&#8221; inline_fonts=&#8221;Work Sans Light&#8221; global_colors_info=&#8221;{}&#8221; sticky_enabled=&#8221;0&#8243; custom_margin_last_edited=&#8221;on|phone&#8221; vertical_offset_last_edited=&#8221;on|phone&#8221; vertical_offset_tablet=&#8221;5px&#8221; vertical_offset_phone=&#8221;5px&#8221;]<\/p>\n<p><span style=\"font-family: 'Work Sans Light'; font-weight: normal; font-size: 130px;\">f.a.q.<\/span><\/p>\n<p>[\/et_pb_text][\/et_pb_column][\/et_pb_row][et_pb_row _builder_version=&#8221;4.22.1&#8243; _module_preset=&#8221;default&#8221; width=&#8221;900px&#8221; width_tablet=&#8221;73%&#8221; width_phone=&#8221;90%&#8221; width_last_edited=&#8221;on|phone&#8221; hover_enabled=&#8221;0&#8243; global_colors_info=&#8221;{}&#8221; sticky_enabled=&#8221;0&#8243;][et_pb_column type=&#8221;4_4&#8243; _builder_version=&#8221;4.22.1&#8243; _module_preset=&#8221;default&#8221; hover_enabled=&#8221;0&#8243; global_colors_info=&#8221;{}&#8221; sticky_enabled=&#8221;0&#8243;][et_pb_accordion closed_toggle_text_color=&#8221;#000000&#8243; _builder_version=&#8221;4.22.1&#8243; _module_preset=&#8221;default&#8221; toggle_level=&#8221;h3&#8243; toggle_font=&#8221;Work Sans Bold||||||||&#8221; toggle_font_size=&#8221;18px&#8221; closed_toggle_font=&#8221;Work Sans Medium|500|||||||&#8221; closed_toggle_font_size=&#8221;17px&#8221; body_font=&#8221;Work Sans Light||||||||&#8221; body_line_height=&#8221;1.6em&#8221; background_color=&#8221;RGBA(255,255,255,0)&#8221; custom_margin=&#8221;||112px|||&#8221; global_colors_info=&#8221;{}&#8221;][et_pb_accordion_item title=&#8221;Kako skrbim za svojo podlogo?&#8221; open=&#8221;on&#8221; open_toggle_background_color=&#8221;#f5f6f6&#8243; closed_toggle_background_color=&#8221;#cecfd1&#8243; icon_color=&#8221;#000000&#8243; _builder_version=&#8221;4.21.2&#8243; _module_preset=&#8221;default&#8221; background_color=&#8221;RGBA(255,255,255,0)&#8221; background_enable_color=&#8221;on&#8221; border_style_all=&#8221;none&#8221; global_colors_info=&#8221;{}&#8221;]<\/p>\n<p>Uporabite mehko gobo ali mehko krpo z milnico ali blagim gospodinjskim \u010distilom. Za \u010di\u0161\u010denje nikakor ne smete uporabljati bencina, alkohola in komercialno dostopnih sredstev za odstranjevanje made\u017eev. <\/p>\n<p><strong>Podloge nikoli ne perite v pralnem stroju!<\/strong>  Podloga ni primerna za su\u0161enje v su\u0161ilnem stroju. Podloge ne \u010distite s sesalnikom, saj jo lahko po\u0161kodujete. Podlogo lahko o\u010distite z dezinfekcijskim sredstvom za \u010di\u0161\u010denje povr\u0161in (brez alkohola). Pri tem so se kot u\u010dinkovita izkazala dezinfekcijska \u010distila Sagrotan in Mikrozid.   <\/p>\n<p>[\/et_pb_accordion_item][et_pb_accordion_item title=&#8221;Ali cene vklju\u010dujejo DDV?&#8221; open_toggle_background_color=&#8221;#f5f6f6&#8243; closed_toggle_background_color=&#8221;#cecfd1&#8243; icon_color=&#8221;#000000&#8243; _builder_version=&#8221;4.21.2&#8243; _module_preset=&#8221;default&#8221; background_color=&#8221;#f5f6f6&#8243; background_enable_color=&#8221;on&#8221; border_style_all=&#8221;none&#8221; global_colors_info=&#8221;{}&#8221; open=&#8221;off&#8221;]<\/p>\n<p>Navedena cena je skupna cena brez stro\u0161kov dostave. Zaradi ureditve za mala podjetja v skladu s \u00a7 6 Abs. 1 Z 27 UStG. se davek na dodano vrednost ne obra\u010duna in zato ni prikazan (ureditev za mala podjetja).     <\/p>\n<p>[\/et_pb_accordion_item][et_pb_accordion_item title=&#8221;Katere mo\u017enosti pla\u010dila so na voljo?&#8221; open_toggle_background_color=&#8221;#f5f6f6&#8243; closed_toggle_background_color=&#8221;#cecfd1&#8243; icon_color=&#8221;#000000&#8243; _builder_version=&#8221;4.22.1&#8243; _module_preset=&#8221;default&#8221; background_color=&#8221;#f5f6f6&#8243; background_enable_color=&#8221;on&#8221; border_style_all=&#8221;none&#8221; global_colors_info=&#8221;{}&#8221; open=&#8221;off&#8221;]<\/p>\n<p>Pla\u010date lahko z Apple Pay, Paypalom, kreditno kartico (Visa, Mastercard), Pay Now (Klarna), ban\u010dnim nakazilom SOFORT in EPS.<\/p>\n<p>[\/et_pb_accordion_item][et_pb_accordion_item title=&#8221;Kam dostavlja MusicM.at?&#8221; open_toggle_background_color=&#8221;#f5f6f6&#8243; closed_toggle_background_color=&#8221;#cecfd1&#8243; icon_color=&#8221;#000000&#8243; _builder_version=&#8221;4.21.2&#8243; _module_preset=&#8221;default&#8221; background_color=&#8221;#f5f6f6&#8243; background_enable_color=&#8221;on&#8221; border_style_all=&#8221;none&#8221; global_colors_info=&#8221;{}&#8221; open=&#8221;off&#8221;]<\/p>\n<p>Po\u0161iljamo po vsej Evropi.<\/p>\n<p>To vklju\u010duje naslednje dr\u017eave (celinske): Belgija, Bolgarija, Danska, Nem\u010dija, Estonija, Finska, Francija, Gr\u010dija, Irska, Italija, Hrva\u0161ka, Latvija, Litva, Luksemburg, Malta, Nizozemska, Avstrija, Poljska, Portugalska, Romunija, \u0160vedska, Slova\u0161ka, Slovenija, \u0160panija, \u010ce\u0161ka, Mad\u017earska. <\/p>\n<p>\u010ce \u017eelite dostavo v druge dr\u017eave (\u0160vica), na Ciper ali otoke, nas kontaktirajte po e-po\u0161ti in posredovali vam bomo nezavezujo\u010do ponudbo.<\/p>\n<p>V primeru dostave v dr\u017eavo, ki ni dr\u017eava ERW, stranka nosi vse uvozne in izvozne stro\u0161ke, vklju\u010dno z vsemi carinskimi dajatvami, pristojbinami in stro\u0161ki.<\/p>\n<p>[\/et_pb_accordion_item][et_pb_accordion_item title=&#8221;Kako visoki so stro\u0161ki po\u0161iljanja?&#8221; open_toggle_background_color=&#8221;#f5f6f6&#8243; closed_toggle_background_color=&#8221;#cecfd1&#8243; icon_color=&#8221;#000000&#8243; _builder_version=&#8221;4.22.1&#8243; _module_preset=&#8221;default&#8221; background_color=&#8221;#f5f6f6&#8243; background_enable_color=&#8221;on&#8221; border_style_all=&#8221;none&#8221; global_colors_info=&#8221;{}&#8221; open=&#8221;off&#8221;]<\/p>\n<p>Stro\u0161ki dostave za 1 izdelek oz. set:<\/p>\n<p>Podloga Invention &#8211; po\u0161iljanje v Avstrijo: 6 \u20ac<br \/>Podloga Invention &#8211; po\u0161iljanje po vsej Evropi: 16 \u20ac<\/p>\n<p>Set Rondo ali samo podloga Rondo &#8211; po\u0161iljanje v Avstrijo: 15 \u20ac<br \/>Set Rondo ali samo podloga Rondo &#8211; po\u0161iljanje po vsej Evropi: 25 \u20ac<\/p>\n<p>Igralne karte Rondo &#8211; po\u0161iljanje v Avstrijo: brezpla\u010dno<br \/>Igralne karte Rondo &#8211; po\u0161iljanje po vsej Evropi: brezpla\u010dno<\/p>\n<p>Naro\u010dila v vrednosti nad 240 \u20ac vklju\u010dujejo <strong>brezpla\u010dno dostavo.<\/strong><\/p>\n<p>[\/et_pb_accordion_item][et_pb_accordion_item title=&#8221;Kako so izdelki dobavljeni?&#8221; open_toggle_background_color=&#8221;#f5f6f6&#8243; closed_toggle_background_color=&#8221;#cecfd1&#8243; icon_color=&#8221;#000000&#8243; _builder_version=&#8221;4.21.2&#8243; _module_preset=&#8221;default&#8221; background_color=&#8221;#f5f6f6&#8243; background_enable_color=&#8221;on&#8221; border_style_all=&#8221;none&#8221; global_colors_info=&#8221;{}&#8221; open=&#8221;off&#8221;]<\/p>\n<p>Dostavo naro\u010denih izdelkov na naslov, ki ga je navedla stranka, opravita Austrian Post AG ali GLS v skladu s svojimi splo\u0161nimi pogoji, pri \u010demer se opravi en poskus dostave.<\/p>\n<p>\u010ce je poskus dostave neuspe\u0161en, bo po\u0161iljka oddana na po\u0161ti ali v trgovini GLS, navedeni v potrdilu o oddaji.<\/p>\n<p>[\/et_pb_accordion_item][et_pb_accordion_item title=&#8221;Kako dolgi so dobavni roki?&#8221; open_toggle_background_color=&#8221;#f5f6f6&#8243; closed_toggle_background_color=&#8221;#cecfd1&#8243; icon_color=&#8221;#000000&#8243; _builder_version=&#8221;4.21.2&#8243; _module_preset=&#8221;default&#8221; background_color=&#8221;#f5f6f6&#8243; background_enable_color=&#8221;on&#8221; border_style_all=&#8221;none&#8221; global_colors_info=&#8221;{}&#8221; open=&#8221;off&#8221;]<\/p>\n<p>\u010ce v opisu izdelka ni jasno navedeno druga\u010de, so vsi izdelki, ki jih ponujamo, pripravljeni za takoj\u0161njo odpremo. Dostava bo opravljena najpozneje v 7 delovnih dneh. V primeru pla\u010dila vnaprej se rok dobave za\u010dne naslednji dan po tem, ko je pla\u010dilni nalog poslan banki, pristojni za nakazilo, za vse druge na\u010dine pla\u010dila pa naslednji dan po sklenitvi pogodbe. \u010ce rok pade na soboto, nedeljo ali dr\u017eavni praznik v kraju dostave, se rok izte\u010de naslednji delovni dan.   <\/p>\n<p>[\/et_pb_accordion_item][et_pb_accordion_item title=&#8221;Ali lahko podlogo prevzamem na kraju samem?&#8221; open_toggle_background_color=&#8221;#f5f6f6&#8243; closed_toggle_background_color=&#8221;#cecfd1&#8243; icon_color=&#8221;#000000&#8243; _builder_version=&#8221;4.21.2&#8243; _module_preset=&#8221;default&#8221; background_color=&#8221;#f5f6f6&#8243; background_enable_color=&#8221;on&#8221; border_style_all=&#8221;none&#8221; global_colors_info=&#8221;{}&#8221; open=&#8221;off&#8221;]<\/p>\n<p>Prevzem je mogo\u010d tudi na kraju samem in poteka po dogovoru v Bregenzu v Avstriji.<\/p>\n<p>[\/et_pb_accordion_item][et_pb_accordion_item title=&#8221;Kaj pa pravica do odpovedi?&#8221; open_toggle_background_color=&#8221;#f5f6f6&#8243; closed_toggle_background_color=&#8221;#cecfd1&#8243; icon_color=&#8221;#000000&#8243; _builder_version=&#8221;4.21.2&#8243; _module_preset=&#8221;default&#8221; background_color=&#8221;#f5f6f6&#8243; background_enable_color=&#8221;on&#8221; border_style_all=&#8221;none&#8221; global_colors_info=&#8221;{}&#8221; open=&#8221;off&#8221;]<\/p>\n<p>To pogodbo imate pravico odpovedati v \u0161tirinajstih dneh brez navedbe razloga.<\/p>\n<p>Rok za odpoved je \u0161tirinajst dni od dneva, ko ste vi ali tretja oseba, ki ste jo navedli in ni prevoznik, prevzeli blago.<\/p>\n<p><span style=\"font-size: 18px;\">\u010ce \u017eelite uveljavljati pravico do odpovedi, nas morate o svoji odlo\u010ditvi za odpoved te pogodbe obvestiti z jasno izjavo (npr. s pismom, poslanim po po\u0161ti ali elektronski po\u0161ti). Uporabite lahko vzor\u010dni obrazec za odpoved, ki ga najdete v na\u0161ih splo\u0161nih pogojih, ki pa ni obvezen. <\/span><\/p>\n<p>\u010ce odstopite od te pogodbe, vam brez nepotrebnega odla\u0161anja in v vsakem primeru najpozneje v 14 dneh od dneva, ko smo bili obve\u0161\u010deni o va\u0161i odlo\u010ditvi za odstop od te pogodbe, povrnemo vsa prejeta pla\u010dila, vklju\u010dno s stro\u0161ki dostave (razen dodatnih stro\u0161kov, ki nastanejo zaradi va\u0161e izbire vrste dostave, ki ni najcenej\u0161a vrsta standardne dostave, ki smo jo ponudili). Za to povra\u010dilo bomo uporabili isto pla\u010dilno sredstvo, kot ste ga uporabili pri prvotni transakciji, razen \u010de se z vami izrecno dogovorimo druga\u010de; v nobenem primeru vam za to povra\u010dilo ne bomo zara\u010dunali nobenih stro\u0161kov. <\/p>\n<p>Povra\u010dilo lahko zavrnemo, dokler ne prejmemo blaga nazaj. Blago mora biti vrnjeno ali predano nepo\u0161kodovano in v originalni embala\u017ei. <\/p>\n<p>Blago nam morate vrniti ali izro\u010diti takoj, v vsakem primeru pa najpozneje v \u0161tirinajstih dneh od dneva, ko nas obvestite o odpovedi te pogodbe. Rok je upo\u0161tevan, \u010de blago odpo\u0161ljete pred iztekom \u0161tirinajstdnevnega roka. <\/p>\n<p><strong>Neposredne stro\u0161ke vra\u010dila blaga nosite vi.<\/strong><\/p>\n<p>[\/et_pb_accordion_item][et_pb_accordion_item title=&#8221;Kaj storiti v primeru prito\u017ebe?&#8221; open_toggle_background_color=&#8221;#f5f6f6&#8243; closed_toggle_background_color=&#8221;#cecfd1&#8243; icon_color=&#8221;#000000&#8243; _builder_version=&#8221;4.21.2&#8243; _module_preset=&#8221;default&#8221; background_color=&#8221;#f5f6f6&#8243; background_enable_color=&#8221;on&#8221; border_style_all=&#8221;none&#8221; global_colors_info=&#8221;{}&#8221; open=&#8221;off&#8221;]<\/p>\n<p>Napi\u0161ite nam e-po\u0161to (info@musicm.at) ali nas pokli\u010dite na +43 6706038584.<\/p>\n<p>[\/et_pb_accordion_item][\/et_pb_accordion][\/et_pb_column][\/et_pb_row][\/et_pb_section]<\/p>\n","protected":false},"excerpt":{"rendered":"<p>f.a.q.Uporabite mehko gobo ali mehko krpo z milnico ali blagim gospodinjskim \u010distilom. Za \u010di\u0161\u010denje nikakor ne smete uporabljati bencina, alkohola in komercialno dostopnih sredstev za odstranjevanje made\u017eev. Podloge nikoli ne perite v pralnem stroju! Podloga ni primerna za su\u0161enje v su\u0161ilnem stroju. Podloge ne \u010distite s sesalnikom, saj jo lahko po\u0161kodujete. Podlogo lahko o\u010distite z [&hellip;]<\/p>\n","protected":false},"author":1,"featured_media":0,"parent":0,"menu_order":0,"comment_status":"closed","ping_status":"closed","template":"","meta":{"_et_pb_use_builder":"on","_et_pb_old_content":"","_et_gb_content_width":"","footnotes":""},"class_list":["post-48799","page","type-page","status-publish","hentry"],"_links":{"self":[{"href":"https:\/\/musicm.at\/sl\/wp-json\/wp\/v2\/pages\/48799","targetHints":{"allow":["GET"]}}],"collection":[{"href":"https:\/\/musicm.at\/sl\/wp-json\/wp\/v2\/pages"}],"about":[{"href":"https:\/\/musicm.at\/sl\/wp-json\/wp\/v2\/types\/page"}],"author":[{"embeddable":true,"href":"https:\/\/musicm.at\/sl\/wp-json\/wp\/v2\/users\/1"}],"replies":[{"embeddable":true,"href":"https:\/\/musicm.at\/sl\/wp-json\/wp\/v2\/comments?post=48799"}],"version-history":[{"count":5,"href":"https:\/\/musicm.at\/sl\/wp-json\/wp\/v2\/pages\/48799\/revisions"}],"predecessor-version":[{"id":49059,"href":"https:\/\/musicm.at\/sl\/wp-json\/wp\/v2\/pages\/48799\/revisions\/49059"}],"wp:attachment":[{"href":"https:\/\/musicm.at\/sl\/wp-json\/wp\/v2\/media?parent=48799"}],"curies":[{"name":"wp","href":"https:\/\/api.w.org\/{rel}","templated":true}]}}