{"id":48850,"date":"2023-08-15T06:22:34","date_gmt":"2023-08-15T06:22:34","guid":{"rendered":"https:\/\/musicm.at\/produkt\/invention\/"},"modified":"2025-03-06T11:39:24","modified_gmt":"2025-03-06T11:39:24","slug":"invention","status":"publish","type":"product","link":"https:\/\/musicm.at\/fr\/produkt\/invention\/","title":{"rendered":"Invention"},"content":{"rendered":"<p>[et_pb_section fb_built=\u00a0\u00bb1&Prime; _builder_version=\u00a0\u00bb4.22.1&Prime; width_tablet=\u00a0\u00bb\u00a0\u00bb width_phone=\u00a0\u00bb100%\u00a0\u00bb width_last_edited=\u00a0\u00bbon|phone\u00a0\u00bb module_alignment=\u00a0\u00bbcenter\u00a0\u00bb custom_padding=\u00a0\u00bb0px||0px||false|false\u00a0\u00bb global_colors_info=\u00a0\u00bb{}\u00a0\u00bb][et_pb_row _builder_version=\u00a0\u00bb4.16&Prime; background_size=\u00a0\u00bbinitial\u00a0\u00bb background_position=\u00a0\u00bbtop_left\u00a0\u00bb background_repeat=\u00a0\u00bbrepeat\u00a0\u00bb width=\u00a0\u00bb100%\u00a0\u00bb custom_padding=\u00a0\u00bb0px||0px||false|false\u00a0\u00bb global_colors_info=\u00a0\u00bb{}\u00a0\u00bb][et_pb_column type=\u00a0\u00bb4_4&Prime; _builder_version=\u00a0\u00bb4.16&Prime; custom_padding=\u00a0\u00bb|||\u00a0\u00bb global_colors_info=\u00a0\u00bb{}\u00a0\u00bb custom_padding__hover=\u00a0\u00bb|||\u00a0\u00bb][et_pb_wc_cart_notice _builder_version=\u00a0\u00bb4.22.0&Prime; background_color=\u00a0\u00bb#d1d1d1&Prime; custom_button=\u00a0\u00bbon\u00a0\u00bb button_border_radius=\u00a0\u00bb0px\u00a0\u00bb global_colors_info=\u00a0\u00bb{}\u00a0\u00bb][\/et_pb_wc_cart_notice][\/et_pb_column][\/et_pb_row][et_pb_row column_structure=\u00a0\u00bb3_5,2_5&Prime; use_custom_gutter=\u00a0\u00bbon\u00a0\u00bb gutter_width=\u00a0\u00bb4&Prime; _builder_version=\u00a0\u00bb4.22.0&Prime; background_size=\u00a0\u00bbinitial\u00a0\u00bb background_position=\u00a0\u00bbtop_left\u00a0\u00bb background_repeat=\u00a0\u00bbrepeat\u00a0\u00bb width=\u00a0\u00bb100%\u00a0\u00bb custom_margin=\u00a0\u00bb20px||||false|false\u00a0\u00bb custom_padding=\u00a0\u00bb0px||0px||false|false\u00a0\u00bb global_colors_info=\u00a0\u00bb{}\u00a0\u00bb][et_pb_column type=\u00a0\u00bb3_5&Prime; _builder_version=\u00a0\u00bb4.16&Prime; custom_padding=\u00a0\u00bb|||\u00a0\u00bb global_colors_info=\u00a0\u00bb{}\u00a0\u00bb custom_padding__hover=\u00a0\u00bb|||\u00a0\u00bb][et_pb_wc_images _builder_version=\u00a0\u00bb4.21.2&Prime; global_colors_info=\u00a0\u00bb{}\u00a0\u00bb][\/et_pb_wc_images][\/et_pb_column][et_pb_column type=\u00a0\u00bb2_5&Prime; _builder_version=\u00a0\u00bb4.16&Prime; custom_padding=\u00a0\u00bb|||\u00a0\u00bb global_colors_info=\u00a0\u00bb{}\u00a0\u00bb custom_padding__hover=\u00a0\u00bb|||\u00a0\u00bb][et_pb_wc_title _builder_version=\u00a0\u00bb4.22.1&Prime; header_font=\u00a0\u00bbWork Sans Thin||||||||\u00a0\u00bb header_font_size=\u00a0\u00bb82px\u00a0\u00bb header_font_size_tablet=\u00a0\u00bb82px\u00a0\u00bb header_font_size_phone=\u00a0\u00bb70px\u00a0\u00bb header_font_size_last_edited=\u00a0\u00bbon|phone\u00a0\u00bb global_colors_info=\u00a0\u00bb{}\u00a0\u00bb][\/et_pb_wc_title][et_pb_wc_description _builder_version=\u00a0\u00bb4.21.2&Prime; header_4_font=\u00a0\u00bbWork Sans Medium||||||||\u00a0\u00bb header_4_font_size=\u00a0\u00bb20px\u00a0\u00bb header_4_line_height=\u00a0\u00bb1.4em\u00a0\u00bb custom_margin=\u00a0\u00bb13px||18px||false|false\u00a0\u00bb global_colors_info=\u00a0\u00bb{}\u00a0\u00bb][\/et_pb_wc_description][et_pb_divider _builder_version=\u00a0\u00bb4.21.2&Prime; _module_preset=\u00a0\u00bbdefault\u00a0\u00bb custom_margin=\u00a0\u00bb10px||0px||false|false\u00a0\u00bb custom_padding=\u00a0\u00bb0px||0px||false|false\u00a0\u00bb locked=\u00a0\u00bboff\u00a0\u00bb global_colors_info=\u00a0\u00bb{}\u00a0\u00bb][\/et_pb_divider][et_pb_wc_price _builder_version=\u00a0\u00bb4.22.0&Prime; body_font=\u00a0\u00bbWork Sans Bold||||||||\u00a0\u00bb body_text_color=\u00a0\u00bb#000000&Prime; body_font_size=\u00a0\u00bb30px\u00a0\u00bb width_tablet=\u00a0\u00bb\u00a0\u00bb width_phone=\u00a0\u00bb\u00a0\u00bb width_last_edited=\u00a0\u00bbon|desktop\u00a0\u00bb custom_margin=\u00a0\u00bb||14px|||\u00a0\u00bb custom_padding=\u00a0\u00bb||||false|false\u00a0\u00bb global_colors_info=\u00a0\u00bb{}\u00a0\u00bb][\/et_pb_wc_price][et_pb_divider _builder_version=\u00a0\u00bb4.22.0&Prime; _module_preset=\u00a0\u00bbdefault\u00a0\u00bb custom_margin=\u00a0\u00bb20px||10px||false|false\u00a0\u00bb custom_padding=\u00a0\u00bb0px||0px||false|false\u00a0\u00bb locked=\u00a0\u00bboff\u00a0\u00bb global_colors_info=\u00a0\u00bb{}\u00a0\u00bb][\/et_pb_divider][et_pb_wc_add_to_cart show_stock=\u00a0\u00bboff\u00a0\u00bb field_label_position=\u00a0\u00bbinline\u00a0\u00bb _builder_version=\u00a0\u00bb4.21.2&Prime; dropdown_menus_font_size=\u00a0\u00bb16px\u00a0\u00bb custom_button=\u00a0\u00bbon\u00a0\u00bb button_border_radius=\u00a0\u00bb0px\u00a0\u00bb custom_padding=\u00a0\u00bb||20px||false|false\u00a0\u00bb custom_padding_tablet=\u00a0\u00bb||20px||false|false\u00a0\u00bb custom_padding_phone=\u00a0\u00bb||20px||false|false\u00a0\u00bb custom_padding_last_edited=\u00a0\u00bbon|phone\u00a0\u00bb global_colors_info=\u00a0\u00bb{}\u00a0\u00bb][\/et_pb_wc_add_to_cart][et_pb_text _builder_version=\u00a0\u00bb4.22.0&Prime; _module_preset=\u00a0\u00bbdefault\u00a0\u00bb text_font=\u00a0\u00bbWork Sans Light||||||||\u00a0\u00bb text_text_color=\u00a0\u00bb#000000&Prime; text_font_size=\u00a0\u00bb17px\u00a0\u00bb text_line_height=\u00a0\u00bb1.5em\u00a0\u00bb ul_font_size=\u00a0\u00bb22px\u00a0\u00bb ul_line_height=\u00a0\u00bb1.5em\u00a0\u00bb header_5_font=\u00a0\u00bbWork Sans Bold||||||||\u00a0\u00bb header_5_text_color=\u00a0\u00bb#000000&Prime; header_5_font_size=\u00a0\u00bb20px\u00a0\u00bb background_color=\u00a0\u00bb#dcf2b0&Prime; background_enable_image=\u00a0\u00bboff\u00a0\u00bb background_blend=\u00a0\u00bbdarken\u00a0\u00bb transform_translate_linked=\u00a0\u00bboff\u00a0\u00bb custom_padding=\u00a0\u00bb30px|30px|10px|30px|false|false\u00a0\u00bb custom_padding_tablet=\u00a0\u00bb30px|30px|10px|30px|false|false\u00a0\u00bb custom_padding_phone=\u00a0\u00bb50px|30px|30px|20px|false|false\u00a0\u00bb custom_padding_last_edited=\u00a0\u00bbon|phone\u00a0\u00bb text_font_tablet=\u00a0\u00bbWork Sans Light||||||||\u00a0\u00bb text_font_phone=\u00a0\u00bbWork Sans Light||||||||\u00a0\u00bb text_font_last_edited=\u00a0\u00bbon|phone\u00a0\u00bb text_font_size_tablet=\u00a0\u00bb17px\u00a0\u00bb text_font_size_phone=\u00a0\u00bb20px\u00a0\u00bb text_font_size_last_edited=\u00a0\u00bbon|desktop\u00a0\u00bb ul_font_size_tablet=\u00a0\u00bb22px\u00a0\u00bb ul_font_size_phone=\u00a0\u00bb25px\u00a0\u00bb ul_font_size_last_edited=\u00a0\u00bbon|phone\u00a0\u00bb header_5_font_size_tablet=\u00a0\u00bb20px\u00a0\u00bb header_5_font_size_phone=\u00a0\u00bb17px\u00a0\u00bb header_5_font_size_last_edited=\u00a0\u00bbon|phone\u00a0\u00bb border_color_all=\u00a0\u00bb#ededed\u00a0\u00bb locked=\u00a0\u00bboff\u00a0\u00bb global_colors_info=\u00a0\u00bb{}\u00a0\u00bb]<\/p>\n<h5>Nos tapis sont<\/h5>\n<ul>\n<li>Production durable et r\u00e9gionale<\/li>\n<li>100 % caoutchouc<\/li>\n<li>Sans phtalate<\/li>\n<li>Test\u00e9 sur les substances nocives<\/li>\n<\/ul>\n<p>[\/et_pb_text][et_pb_image src=\u00a0\u00bbhttps:\/\/musicm.at\/wp-content\/uploads\/2023\/05\/musical_element1.png\u00a0\u00bb title_text=\u00a0\u00bbmusical_element1&Prime; _builder_version=\u00a0\u00bb4.21.2&Prime; _module_preset=\u00a0\u00bbdefault\u00a0\u00bb transform_scale_tablet=\u00a0\u00bb\u00a0\u00bb transform_scale_phone=\u00a0\u00bb\u00a0\u00bb transform_scale_last_edited=\u00a0\u00bbon|desktop\u00a0\u00bb transform_translate=\u00a0\u00bb-28px|-120px\u00a0\u00bb transform_translate_tablet=\u00a0\u00bb-43px|-152px\u00a0\u00bb transform_translate_phone=\u00a0\u00bb-17px|-92px\u00a0\u00bb transform_translate_last_edited=\u00a0\u00bbon|phone\u00a0\u00bb transform_translate_linked=\u00a0\u00bboff\u00a0\u00bb transform_rotate_tablet=\u00a0\u00bb\u00a0\u00bb transform_rotate_phone=\u00a0\u00bb\u00a0\u00bb transform_rotate_last_edited=\u00a0\u00bbon|desktop\u00a0\u00bb transform_skew_tablet=\u00a0\u00bb\u00a0\u00bb transform_skew_phone=\u00a0\u00bb\u00a0\u00bb transform_skew_last_edited=\u00a0\u00bbon|desktop\u00a0\u00bb transform_origin_tablet=\u00a0\u00bb\u00a0\u00bb transform_origin_phone=\u00a0\u00bb\u00a0\u00bb transform_origin_last_edited=\u00a0\u00bbon|desktop\u00a0\u00bb transform_styles_last_edited=\u00a0\u00bbon|phone\u00a0\u00bb width=\u00a0\u00bb18%\u00a0\u00bb width_tablet=\u00a0\u00bb18%\u00a0\u00bb width_phone=\u00a0\u00bb17%\u00a0\u00bb width_last_edited=\u00a0\u00bbon|tablet\u00a0\u00bb module_alignment=\u00a0\u00bbright\u00a0\u00bb filter_brightness=\u00a0\u00bb0%\u00a0\u00bb transform_styles_tablet=\u00a0\u00bb\u00a0\u00bb transform_styles_phone=\u00a0\u00bb\u00a0\u00bb locked=\u00a0\u00bboff\u00a0\u00bb global_colors_info=\u00a0\u00bb{}\u00a0\u00bb][\/et_pb_image][\/et_pb_column][\/et_pb_row][\/et_pb_section][et_pb_section fb_built=\u00a0\u00bb1&Prime; _builder_version=\u00a0\u00bb4.22.1&Prime; _module_preset=\u00a0\u00bbdefault\u00a0\u00bb width_tablet=\u00a0\u00bb\u00a0\u00bb width_phone=\u00a0\u00bb100%\u00a0\u00bb width_last_edited=\u00a0\u00bbon|phone\u00a0\u00bb custom_margin=\u00a0\u00bb-191px||||false|false\u00a0\u00bb custom_margin_tablet=\u00a0\u00bb-150px||||false|false\u00a0\u00bb custom_margin_phone=\u00a0\u00bb-100px||||false|false\u00a0\u00bb custom_margin_last_edited=\u00a0\u00bbon|phone\u00a0\u00bb custom_padding=\u00a0\u00bb0px||1px|||\u00a0\u00bb global_colors_info=\u00a0\u00bb{}\u00a0\u00bb][et_pb_row _builder_version=\u00a0\u00bb4.21.2&Prime; _module_preset=\u00a0\u00bbdefault\u00a0\u00bb transform_scale_tablet=\u00a0\u00bb\u00a0\u00bb transform_scale_phone=\u00a0\u00bb\u00a0\u00bb transform_scale_last_edited=\u00a0\u00bbon|desktop\u00a0\u00bb transform_translate=\u00a0\u00bb125px|87px\u00a0\u00bb transform_translate_tablet=\u00a0\u00bb101px|87px\u00a0\u00bb transform_translate_phone=\u00a0\u00bb-1px|31px\u00a0\u00bb transform_translate_last_edited=\u00a0\u00bbon|phone\u00a0\u00bb transform_translate_linked=\u00a0\u00bboff\u00a0\u00bb transform_rotate_tablet=\u00a0\u00bb\u00a0\u00bb transform_rotate_phone=\u00a0\u00bb\u00a0\u00bb transform_rotate_last_edited=\u00a0\u00bbon|desktop\u00a0\u00bb transform_skew_tablet=\u00a0\u00bb\u00a0\u00bb transform_skew_phone=\u00a0\u00bb\u00a0\u00bb transform_skew_last_edited=\u00a0\u00bbon|desktop\u00a0\u00bb transform_origin_tablet=\u00a0\u00bb\u00a0\u00bb transform_origin_phone=\u00a0\u00bb\u00a0\u00bb transform_origin_last_edited=\u00a0\u00bbon|desktop\u00a0\u00bb transform_styles_last_edited=\u00a0\u00bbon|phone\u00a0\u00bb transform_styles_tablet=\u00a0\u00bb\u00a0\u00bb transform_styles_phone=\u00a0\u00bb\u00a0\u00bb locked=\u00a0\u00bboff\u00a0\u00bb global_colors_info=\u00a0\u00bb{}\u00a0\u00bb][et_pb_column type=\u00a0\u00bb4_4&Prime; _builder_version=\u00a0\u00bb4.21.2&Prime; _module_preset=\u00a0\u00bbdefault\u00a0\u00bb global_colors_info=\u00a0\u00bb{}\u00a0\u00bb][et_pb_text _builder_version=\u00a0\u00bb4.22.1&Prime; _module_preset=\u00a0\u00bbdefault\u00a0\u00bb text_font=\u00a0\u00bbWork Sans Bold||||||||\u00a0\u00bb header_font=\u00a0\u00bbWork Sans Thin|100|||||||\u00a0\u00bb header_text_align=\u00a0\u00bbleft\u00a0\u00bb header_font_size=\u00a0\u00bb60px\u00a0\u00bb header_2_font=\u00a0\u00bbWork Sans Thin||||||||\u00a0\u00bb header_2_line_height=\u00a0\u00bb1.4em\u00a0\u00bb transform_scale_tablet=\u00a0\u00bb\u00a0\u00bb transform_scale_phone=\u00a0\u00bb\u00a0\u00bb transform_scale_last_edited=\u00a0\u00bbon|phone\u00a0\u00bb transform_translate_tablet=\u00a0\u00bb\u00a0\u00bb transform_translate_phone=\u00a0\u00bb\u00a0\u00bb transform_translate_last_edited=\u00a0\u00bbon|desktop\u00a0\u00bb transform_rotate_tablet=\u00a0\u00bb\u00a0\u00bb transform_rotate_phone=\u00a0\u00bb\u00a0\u00bb transform_rotate_last_edited=\u00a0\u00bbon|phone\u00a0\u00bb transform_skew_tablet=\u00a0\u00bb\u00a0\u00bb transform_skew_phone=\u00a0\u00bb\u00a0\u00bb transform_skew_last_edited=\u00a0\u00bbon|phone\u00a0\u00bb transform_origin_tablet=\u00a0\u00bb\u00a0\u00bb transform_origin_phone=\u00a0\u00bb\u00a0\u00bb transform_origin_last_edited=\u00a0\u00bbon|phone\u00a0\u00bb transform_styles_last_edited=\u00a0\u00bbon|desktop\u00a0\u00bb width=\u00a0\u00bb44%\u00a0\u00bb width_tablet=\u00a0\u00bb74%\u00a0\u00bb width_phone=\u00a0\u00bb100%\u00a0\u00bb width_last_edited=\u00a0\u00bbon|tablet\u00a0\u00bb max_width_tablet=\u00a0\u00bb\u00a0\u00bb max_width_phone=\u00a0\u00bb\u00a0\u00bb max_width_last_edited=\u00a0\u00bbon|tablet\u00a0\u00bb module_alignment=\u00a0\u00bbcenter\u00a0\u00bb custom_margin=\u00a0\u00bb||||false|false\u00a0\u00bb custom_padding=\u00a0\u00bb||||false|false\u00a0\u00bb header_font_size_tablet=\u00a0\u00bb60px\u00a0\u00bb header_font_size_phone=\u00a0\u00bb45px\u00a0\u00bb header_font_size_last_edited=\u00a0\u00bbon|phone\u00a0\u00bb transform_styles_tablet=\u00a0\u00bb\u00a0\u00bb transform_styles_phone=\u00a0\u00bb\u00a0\u00bb inline_fonts=\u00a0\u00bbWork Sans Light\u00a0\u00bb global_colors_info=\u00a0\u00bb{}\u00a0\u00bb width__hover_enabled=\u00a0\u00bboff|desktop\u00a0\u00bb]<\/p>\n<h1><span style=\"font-family: 'Work Sans Light'; font-weight: normal;\">Le site<br \/>\nInspiration<br \/>\nderri\u00e8re<br \/>\nInvention<\/span><span style=\"font-family: 'Work Sans Light'; font-weight: normal;\">.<\/span><\/h1>\n<p>[\/et_pb_text][\/et_pb_column][\/et_pb_row][et_pb_row column_structure=\u00a0\u00bb2_5,3_5&Prime; _builder_version=\u00a0\u00bb4.21.2&Prime; _module_preset=\u00a0\u00bbdefault\u00a0\u00bb custom_margin=\u00a0\u00bb100px||||false|false\u00a0\u00bb custom_margin_tablet=\u00a0\u00bb0px||||false|false\u00a0\u00bb custom_margin_phone=\u00a0\u00bb0px||||false|false\u00a0\u00bb custom_margin_last_edited=\u00a0\u00bbon|phone\u00a0\u00bb global_colors_info=\u00a0\u00bb{}\u00a0\u00bb][et_pb_column type=\u00a0\u00bb2_5&Prime; _builder_version=\u00a0\u00bb4.21.2&Prime; _module_preset=\u00a0\u00bbdefault\u00a0\u00bb global_colors_info=\u00a0\u00bb{}\u00a0\u00bb][et_pb_image src=\u00a0\u00bbhttps:\/\/musicm.at\/wp-content\/uploads\/2023\/08\/fanny_web_klein.jpg\u00a0\u00bb title_text=\u00a0\u00bbfanny_web_petit\u00a0\u00bb _builder_version=\u00a0\u00bb4.21.2&Prime; _module_preset=\u00a0\u00bbdefault\u00a0\u00bb transform_scale_tablet=\u00a0\u00bb\u00a0\u00bb transform_scale_phone=\u00a0\u00bb\u00a0\u00bb transform_scale_last_edited=\u00a0\u00bbon|phone\u00a0\u00bb transform_translate=\u00a0\u00bb1px|-176px\u00a0\u00bb transform_translate_tablet=\u00a0\u00bb-154px|0px\u00a0\u00bb transform_translate_phone=\u00a0\u00bb-93px|0px\u00a0\u00bb transform_translate_last_edited=\u00a0\u00bbon|phone\u00a0\u00bb transform_translate_linked=\u00a0\u00bboff\u00a0\u00bb transform_rotate_tablet=\u00a0\u00bb\u00a0\u00bb transform_rotate_phone=\u00a0\u00bb\u00a0\u00bb transform_rotate_last_edited=\u00a0\u00bbon|phone\u00a0\u00bb transform_skew_tablet=\u00a0\u00bb\u00a0\u00bb transform_skew_phone=\u00a0\u00bb\u00a0\u00bb transform_skew_last_edited=\u00a0\u00bbon|phone\u00a0\u00bb transform_origin_tablet=\u00a0\u00bb\u00a0\u00bb transform_origin_phone=\u00a0\u00bb\u00a0\u00bb transform_origin_last_edited=\u00a0\u00bbon|phone\u00a0\u00bb transform_styles_last_edited=\u00a0\u00bbon|phone\u00a0\u00bb width=\u00a0\u00bb100%\u00a0\u00bb width_tablet=\u00a0\u00bb64%\u00a0\u00bb width_phone=\u00a0\u00bb64%\u00a0\u00bb width_last_edited=\u00a0\u00bbon|phone\u00a0\u00bb transform_styles_tablet=\u00a0\u00bb\u00a0\u00bb transform_styles_phone=\u00a0\u00bb\u00a0\u00bb border_radii=\u00a0\u00bbon|100%|100%|100%|100%\u00a0\u00bb global_colors_info=\u00a0\u00bb{}\u00a0\u00bb][\/et_pb_image][\/et_pb_column][et_pb_column type=\u00a0\u00bb3_5&Prime; _builder_version=\u00a0\u00bb4.21.2&Prime; _module_preset=\u00a0\u00bbdefault\u00a0\u00bb global_colors_info=\u00a0\u00bb{}\u00a0\u00bb][et_pb_text _builder_version=\u00a0\u00bb4.21.2&Prime; _module_preset=\u00a0\u00bbdefault\u00a0\u00bb text_line_height=\u00a0\u00bb1.6em\u00a0\u00bb header_3_font=\u00a0\u00bbWork Sans Light||||||||\u00a0\u00bb header_3_font_size=\u00a0\u00bb48px\u00a0\u00bb header_4_font=\u00a0\u00bbWork Sans Bold||||||||\u00a0\u00bb header_4_font_size=\u00a0\u00bb16px\u00a0\u00bb global_colors_info=\u00a0\u00bb{}\u00a0\u00bb]<\/p>\n<h3>Fanny Mas<\/h3>\n<p>enseigne la didactique de la m\u00e9thodologie de l&rsquo;accord\u00e9on au Conservatoire sup\u00e9rieur de musique de Trossingen, est professeur d&rsquo;instrument \u00e0 l&rsquo;\u00e9cole de musique de Bregenz et fondatrice de la plate-forme <a href=\"http:\/\/www.ipaia.eu\">www.ipaia.eu.<\/a><br \/>\n[\/et_pb_text][et_pb_text _builder_version=\u00a0\u00bb4.21.2&Prime; _module_preset=\u00a0\u00bbdefault\u00a0\u00bb global_colors_info=\u00a0\u00bb{}\u00a0\u00bb]Depuis plus de dix ans, elle est \u00e0 la recherche d&rsquo;une p\u00e9dagogie instrumentale saine et efficace et d\u00e9veloppe pour cela des m\u00e9thodes, des structures et des outils &#8211; dont l&rsquo;Invention Matte.<br \/>\n[\/et_pb_text][\/et_pb_column][\/et_pb_row][\/et_pb_section][et_pb_section fb_built=\u00a0\u00bb1&Prime; custom_padding_last_edited=\u00a0\u00bbon|phone\u00a0\u00bb _builder_version=\u00a0\u00bb4.22.1&Prime; _module_preset=\u00a0\u00bbdefault\u00a0\u00bb width_tablet=\u00a0\u00bb\u00a0\u00bb width_phone=\u00a0\u00bb100%\u00a0\u00bb width_last_edited=\u00a0\u00bbon|phone\u00a0\u00bb min_height=\u00a0\u00bb791px\u00a0\u00bb custom_padding=\u00a0\u00bb19px|||||\u00a0\u00bb custom_padding_tablet=\u00a0\u00bb30px||||false|false\u00a0\u00bb custom_padding_phone=\u00a0\u00bb30px||||false|false\u00a0\u00bb global_colors_info=\u00a0\u00bb{}\u00a0\u00bb][et_pb_row _builder_version=\u00a0\u00bb4.21.2&Prime; _module_preset=\u00a0\u00bbdefault\u00a0\u00bb width=\u00a0\u00bb100%\u00a0\u00bb custom_margin=\u00a0\u00bb||30px||false|false\u00a0\u00bb global_colors_info=\u00a0\u00bb{}\u00a0\u00bb][et_pb_column type=\u00a0\u00bb4_4&Prime; _builder_version=\u00a0\u00bb4.21.2&Prime; _module_preset=\u00a0\u00bbdefault\u00a0\u00bb global_colors_info=\u00a0\u00bb{}\u00a0\u00bb][et_pb_tabs active_tab_background_color=\u00a0\u00bb#000000&Prime; inactive_tab_background_color=\u00a0\u00bb#efefef\u00a0\u00bb active_tab_text_color=\u00a0\u00bb#FFFFFF\u00a0\u00bb _builder_version=\u00a0\u00bb4.22.1&Prime; _module_preset=\u00a0\u00bbdefault\u00a0\u00bb tab_text_color=\u00a0\u00bb#000000&Prime; body_line_height=\u00a0\u00bb1.6em\u00a0\u00bb tab_font=\u00a0\u00bbWork Sans Medium|500|||||||\u00a0\u00bb custom_padding=\u00a0\u00bb|10px||10px|false|false\u00a0\u00bb border_width_all=\u00a0\u00bb0px\u00a0\u00bb border_color_all=\u00a0\u00bb#000000&Prime; global_colors_info=\u00a0\u00bb{}\u00a0\u00bb][et_pb_tab title=\u00a0\u00bbDescription du produit\u00a0\u00bb _builder_version=\u00a0\u00bb4.21.2&Prime; _module_preset=\u00a0\u00bbdefault\u00a0\u00bb global_colors_info=\u00a0\u00bb{}\u00a0\u00bb]<\/p>\n<p>D\u00e9shabiller l&rsquo;accord\u00e9on et chercher des notes, s&rsquo;entra\u00eener \u00e0 faire des sauts litt\u00e9ralement ou faire des gammes&#8230; les possibilit\u00e9s sont infinies !<\/p>\n<p>Le tapis souple Invention <b>dynamise l&rsquo;apprentissage de l&rsquo;accord\u00e9on<\/b> et favorise<b>une meilleure orientation sur le clavier<\/b>, que ce soit de la main droite ou de la main gauche*.<\/p>\n<p>En effet, la <b>repr\u00e9sentation spatiale<\/b> permet d&rsquo;envisager l&rsquo;ordre des sons sous un angle nouveau et de l&rsquo;<b>ancrer plus s\u00fbrement<\/b>. Les mouvements dans son propre corps aident les accord\u00e9onistes* \u00e0 <b>int\u00e9rioriser la relation spatiale entre les sons<\/b>.<\/p>\n<p>Faire de la musique en bonne sant\u00e9 : En se levant r\u00e9guli\u00e8rement et en pratiquant sans instrument, le corps est <b>soulag\u00e9<\/b> et <b>m\u00e9nag\u00e9<\/b>. Le tapis Invention cr\u00e9e un <b>\u00e9quilibre<\/b> &#8211; pour une pratique musicale saine \u00e0 long terme !<\/p>\n<p>P\u00e9dagogie : le tapis Invention permet de s <b>&lsquo;amuser<\/b> et <b>de bouger<\/b> dans la <b>salle de classe<\/b>.<\/p>\n<p>C&rsquo;est avec plaisir que les \u00e9l\u00e8ves accord\u00e9onistes* prennent <b>la<\/b> <b>responsabilit\u00e9<\/b> de s&rsquo;orienter sur le clavier.<\/p>\n<p>Au revoir l&rsquo;apprentissage passif, place \u00e0 la r\u00e9flexion active !<\/p>\n<p>*Le tapis Invention a \u00e9t\u00e9 con\u00e7u pour les claviers \u00e0 boutons \u00e0 poign\u00e9e en C avec marquage sur C et F. Si n\u00e9cessaire, le tapis Invention peut \u00e9galement \u00eatre imprim\u00e9 avec un autre marquage de bouton, moyennant un suppl\u00e9ment. N&rsquo;h\u00e9sitez pas \u00e0 nous faire part de votre souhait par e-mail \u00e0 <a href=\"mailto:info@musicm.at\">info@musicm.at<\/a>.<\/p>\n<p>[\/et_pb_tab][et_pb_tab title=\u00a0\u00bbConseils d&rsquo;entretien\u00a0\u00bb _builder_version=\u00a0\u00bb4.21.2&Prime; _module_preset=\u00a0\u00bbdefault\u00a0\u00bb global_colors_info=\u00a0\u00bb{}\u00a0\u00bb]Utilisez une \u00e9ponge ou un chiffon doux avec de l&rsquo;eau savonneuse ou un nettoyant m\u00e9nager doux.<\/p>\n<p>L&rsquo;essence, l&rsquo;alcool et les d\u00e9tachants du commerce ne doivent en aucun cas \u00eatre utilis\u00e9s pour le nettoyage.<\/p>\n<p>Ne lavez en aucun cas le tapis dans la machine \u00e0 laver ! Le tapis n&rsquo;est pas adapt\u00e9 au s\u00e8che-linge. N&rsquo;utilisez pas d&rsquo;aspirateur pour nettoyer le tapis, cela pourrait l&rsquo;endommager.<\/p>\n<p>Il est possible de nettoyer le tapis avec un d\u00e9sinfectant pour nettoyage de surface (sans alcool). Les nettoyants d\u00e9sinfectants de Sagrotan et Mikrozid ont fait leurs preuves dans ce domaine.<br \/>\n[\/et_pb_tab][et_pb_tab title=\u00a0\u00bbExp\u00e9dition\u00a0\u00bb _builder_version=\u00a0\u00bb4.21.2&Prime; _module_preset=\u00a0\u00bbdefault\u00a0\u00bb global_colors_info=\u00a0\u00bb{}\u00a0\u00bb]Nous exp\u00e9dions dans toute l&rsquo;Europe. On entend par l\u00e0 les pays suivants (continentaux) :<\/p>\n<p>Allemagne, Autriche, Belgique, Bulgarie, Croatie, Danemark, Espagne, Estonie, Finlande, France, Gr\u00e8ce, Hongrie, Irlande, Italie, Lettonie, Lituanie, Luxembourg, Malte, Pays-Bas, Pologne, Portugal, R\u00e9publique tch\u00e8que, Roumanie, Slovaquie, Slov\u00e9nie, Su\u00e8de.<\/p>\n<p>En cas de livraison pour tous les autres pays, le client doit supporter tous les frais d&rsquo;importation et d&rsquo;exportation, y compris les droits de douane, taxes et redevances applicables.<\/p>\n<p>Contactez-nous par e-mail si vous souhaitez une livraison dans d&rsquo;autres pays (Suisse), \u00e0 Chypre ou dans les \u00eeles et nous vous ferons parvenir un devis sans engagement.<br \/>\n[\/et_pb_tab][et_pb_tab title=\u00a0\u00bbFrais d&rsquo;exp\u00e9dition\u00a0\u00bb _builder_version=\u00a0\u00bb4.22.1&Prime; _module_preset=\u00a0\u00bbdefault\u00a0\u00bb global_colors_info=\u00a0\u00bb{}\u00a0\u00bb]Invention-Matte &#8211; Exp\u00e9dition vers l&rsquo;Autriche : 6 \u20ac<\/p>\n<p>Invention-Matte &#8211; Exp\u00e9dition dans toute l&rsquo;Europe : 16 \u20ac<\/p>\n<p>Les commandes d&rsquo;un montant sup\u00e9rieur \u00e0 240 \u20ac b\u00e9n\u00e9ficient <b>de la livraison gratuite<\/b>.<br \/>\n[\/et_pb_tab][\/et_pb_tabs][\/et_pb_column][\/et_pb_row][\/et_pb_section]<\/p>\n","protected":false},"excerpt":{"rendered":"<h4>Le plaisir d&rsquo;une orientation s\u00fbre vers le clavier : enfin plus de mouvement dans l&rsquo;apprentissage de l&rsquo;accord\u00e9on<\/h4>\n<ul>\n<li>id\u00e9al pour l&rsquo;apprentissage ou l&rsquo;enseignement de l&rsquo;accord\u00e9on<\/li>\n<li>pour les instruments \u00e0 boutons et\/ou MIII avec manche en C (marquage sur C et F)*.<\/li>\n<li>fonctionne pour MI (main droite) comme pour MIII (main gauche basses m\u00e9lodiques)<\/li>\n<li>d\u00e9velopp\u00e9 par une p\u00e9dagogue instrumentale exp\u00e9riment\u00e9e<\/li>\n<li>sangle de transport incluse<\/li>\n<li>Dimensions : longueur 180 cm, largeur 61 cm, \u00e9paisseur 5 mm, poids 0,9 kg<\/li>\n<\/ul>\n","protected":false},"featured_media":48742,"template":"","meta":{"_et_pb_use_builder":"on","_et_pb_old_content":"D\u00e9shabiller l'accord\u00e9on et chercher des notes, s'entra\u00eener \u00e0 faire des sauts litt\u00e9ralement ou faire des gammes... les possibilit\u00e9s sont infinies !\r\n\r\nLe tapis souple Invention <b>dynamise l'apprentissage de l'accord\u00e9on<\/b> et favorise<b>une meilleure orientation sur le clavier<\/b>, que ce soit de la main droite ou de la main gauche*.\r\n\r\nEn effet, la <b>repr\u00e9sentation spatiale<\/b> permet d'envisager l'ordre des sons sous un angle nouveau et de l'<b>ancrer plus s\u00fbrement<\/b>. Les mouvements dans son propre corps aident les accord\u00e9onistes* \u00e0 <b>int\u00e9rioriser la relation spatiale entre les sons<\/b>.\r\n\r\nFaire de la musique en bonne sant\u00e9 : En se levant r\u00e9guli\u00e8rement et en pratiquant sans instrument, le corps est <b>soulag\u00e9<\/b> et <b>m\u00e9nag\u00e9<\/b>. Le tapis Invention cr\u00e9e un <b>\u00e9quilibre<\/b> - pour une pratique musicale saine \u00e0 long terme !\r\n\r\nP\u00e9dagogie : le tapis Invention permet de s <b>'amuser<\/b> et <b>de bouger<\/b> dans la <b>salle de classe<\/b>.\r\n\r\nC'est avec plaisir que les \u00e9l\u00e8ves accord\u00e9onistes* prennent <b>la<\/b> <b>responsabilit\u00e9<\/b> de s'orienter sur le clavier.\r\n\r\nAu revoir l'apprentissage passif, place \u00e0 la r\u00e9flexion active !\r\n\r\n*Le tapis Invention a \u00e9t\u00e9 con\u00e7u pour les claviers \u00e0 boutons \u00e0 poign\u00e9e en C avec marquage sur C et F. Si n\u00e9cessaire, le tapis Invention peut \u00e9galement \u00eatre imprim\u00e9 avec un autre marquage de bouton, moyennant un suppl\u00e9ment. N'h\u00e9sitez pas \u00e0 nous faire part de votre souhait par e-mail \u00e0 info@musicm.at.","_et_gb_content_width":""},"product_cat":[105],"product_tag":[],"class_list":{"0":"post-48850","1":"product","2":"type-product","3":"status-publish","4":"has-post-thumbnail","6":"product_cat-non-classifiee","7":"product_shipping_class-invention-fr","9":"first","10":"instock","11":"shipping-taxable","12":"purchasable","13":"product-type-simple"},"_links":{"self":[{"href":"https:\/\/musicm.at\/fr\/wp-json\/wp\/v2\/product\/48850","targetHints":{"allow":["GET"]}}],"collection":[{"href":"https:\/\/musicm.at\/fr\/wp-json\/wp\/v2\/product"}],"about":[{"href":"https:\/\/musicm.at\/fr\/wp-json\/wp\/v2\/types\/product"}],"wp:featuredmedia":[{"embeddable":true,"href":"https:\/\/musicm.at\/fr\/wp-json\/wp\/v2\/media\/48742"}],"wp:attachment":[{"href":"https:\/\/musicm.at\/fr\/wp-json\/wp\/v2\/media?parent=48850"}],"wp:term":[{"taxonomy":"product_cat","embeddable":true,"href":"https:\/\/musicm.at\/fr\/wp-json\/wp\/v2\/product_cat?post=48850"},{"taxonomy":"product_tag","embeddable":true,"href":"https:\/\/musicm.at\/fr\/wp-json\/wp\/v2\/product_tag?post=48850"}],"curies":[{"name":"wp","href":"https:\/\/api.w.org\/{rel}","templated":true}]}}