{"id":48796,"date":"2023-08-07T09:47:41","date_gmt":"2023-08-07T09:47:41","guid":{"rendered":"https:\/\/musicm.at\/faq\/"},"modified":"2024-11-28T11:37:52","modified_gmt":"2024-11-28T11:37:52","slug":"faq","status":"publish","type":"page","link":"https:\/\/musicm.at\/fr\/faq\/","title":{"rendered":"FAQ"},"content":{"rendered":"<p>[et_pb_section fb_built=\u00a0\u00bb1&Prime; fullwidth=\u00a0\u00bbon\u00a0\u00bb _builder_version=\u00a0\u00bb4.21.2&Prime; _module_preset=\u00a0\u00bbdefault\u00a0\u00bb custom_margin=\u00a0\u00bb|50px||50px|false|false\u00a0\u00bb custom_margin_tablet=\u00a0\u00bb|30px||30px|false|false\u00a0\u00bb custom_margin_phone=\u00a0\u00bb|20px||20px|false|false\u00a0\u00bb custom_margin_last_edited=\u00a0\u00bbon|phone\u00a0\u00bb locked=\u00a0\u00bboff\u00a0\u00bb global_colors_info=\u00a0\u00bb{}\u00a0\u00bb][et_pb_fullwidth_slider arrows_custom_color=\u00a0\u00bb#FFFFFF\u00a0\u00bb dot_nav_custom_color=\u00a0\u00bb#FFFFFF\u00a0\u00bb module_id=\u00a0\u00bbslider-shop\u00a0\u00bb _builder_version=\u00a0\u00bb4.22.0&Prime; _module_preset=\u00a0\u00bbdefault\u00a0\u00bb body_font=\u00a0\u00bbWork Sans Light||||||||\u00a0\u00bb module_alignment=\u00a0\u00bbleft\u00a0\u00bb content_width=\u00a0\u00bb100%\u00a0\u00bb height=\u00a0\u00bb448px\u00a0\u00bb height_tablet=\u00a0\u00bb400px\u00a0\u00bb height_phone=\u00a0\u00bb400px\u00a0\u00bb height_last_edited=\u00a0\u00bbon|desktop\u00a0\u00bb custom_margin=\u00a0\u00bb||||false|false\u00a0\u00bb custom_padding=\u00a0\u00bb0px|||13%|false|false\u00a0\u00bb custom_padding_tablet=\u00a0\u00bb0px|||10%|false|false\u00a0\u00bb custom_padding_phone=\u00a0\u00bb0px|||5%|false|false\u00a0\u00bb custom_padding_last_edited=\u00a0\u00bbon|phone\u00a0\u00bb global_colors_info=\u00a0\u00bb{}\u00a0\u00bb][et_pb_slide use_bg_overlay=\u00a0\u00bboff\u00a0\u00bb use_text_overlay=\u00a0\u00bboff\u00a0\u00bb alignment=\u00a0\u00bbbottom\u00a0\u00bb _builder_version=\u00a0\u00bb4.22.0&Prime; _module_preset=\u00a0\u00bbdefault\u00a0\u00bb header_level=\u00a0\u00bbh1&Prime; header_font=\u00a0\u00bbWork Sans Thin|300|||||||\u00a0\u00bb header_text_align=\u00a0\u00bbleft\u00a0\u00bb header_text_color=\u00a0\u00bb#ffffff\u00a0\u00bb header_font_size=\u00a0\u00bb100px\u00a0\u00bb body_font=\u00a0\u00bbWork Sans||||||||\u00a0\u00bb body_text_align=\u00a0\u00bbleft\u00a0\u00bb body_text_color=\u00a0\u00bb#ffffff\u00a0\u00bb body_font_size=\u00a0\u00bb20px\u00a0\u00bb body_line_height=\u00a0\u00bb1.3em\u00a0\u00bb background_color=\u00a0\u00bb#000000&Prime; background_enable_color=\u00a0\u00bbon\u00a0\u00bb background_image=\u00a0\u00bbhttps:\/\/musicm.at\/wp-content\/uploads\/2023\/08\/invention_matte_closeup_klein.jpg\u00a0\u00bb background_enable_image=\u00a0\u00bbon\u00a0\u00bb background_position=\u00a0\u00bbbottom_center\u00a0\u00bb transform_scale_linked=\u00a0\u00bboff\u00a0\u00bb transform_translate_linked=\u00a0\u00bboff\u00a0\u00bb z_index=\u00a0\u00bb0&Prime; background_layout=\u00a0\u00bblight\u00a0\u00bb custom_padding_tablet=\u00a0\u00bb||||false|false\u00a0\u00bb custom_padding_phone=\u00a0\u00bb||||false|false\u00a0\u00bb custom_padding_last_edited=\u00a0\u00bbon|tablet\u00a0\u00bb header_font_size_tablet=\u00a0\u00bb60px\u00a0\u00bb header_font_size_phone=\u00a0\u00bb50px\u00a0\u00bb header_font_size_last_edited=\u00a0\u00bbon|phone\u00a0\u00bb body_font_tablet=\u00a0\u00bbWork Sans||||||||\u00a0\u00bb body_font_phone=\u00a0\u00bbWork Sans||||||||\u00a0\u00bb body_font_last_edited=\u00a0\u00bboff|desktop\u00a0\u00bb body_font_size_tablet=\u00a0\u00bb16px\u00a0\u00bb body_font_size_phone=\u00a0\u00bb15px\u00a0\u00bb body_font_size_last_edited=\u00a0\u00bbon|phone\u00a0\u00bb body_text_shadow_style=\u00a0\u00bbpreset3&Prime; body_text_shadow_blur_strength=\u00a0\u00bb0.71em\u00a0\u00bb body_text_shadow_color=\u00a0\u00bbrgba(76,76,76,0.26)\u00a0\u00bb global_colors_info=\u00a0\u00bb{}\u00a0\u00bb sticky_transition=\u00a0\u00bbon\u00a0\u00bb][\/et_pb_slide][\/et_pb_fullwidth_slider][\/et_pb_section][et_pb_section fb_built=\u00a0\u00bb1&Prime; _builder_version=\u00a0\u00bb4.22.1&Prime; _module_preset=\u00a0\u00bbdefault\u00a0\u00bb width_tablet=\u00a0\u00bb\u00a0\u00bb width_phone=\u00a0\u00bb\u00a0\u00bb width_last_edited=\u00a0\u00bbon|phone\u00a0\u00bb max_width_tablet=\u00a0\u00bb\u00a0\u00bb max_width_phone=\u00a0\u00bb\u00a0\u00bb max_width_last_edited=\u00a0\u00bbon|desktop\u00a0\u00bb module_alignment=\u00a0\u00bbcenter\u00a0\u00bb custom_margin=\u00a0\u00bb80px||||false|false\u00a0\u00bb global_colors_info=\u00a0\u00bb{}\u00a0\u00bb][et_pb_row module_id=\u00a0\u00bbfaq\u00a0\u00bb _builder_version=\u00a0\u00bb4.22.1&Prime; _module_preset=\u00a0\u00bbdefault\u00a0\u00bb width=\u00a0\u00bb900px\u00a0\u00bb width_tablet=\u00a0\u00bb70%\u00a0\u00bb width_phone=\u00a0\u00bb95%\u00a0\u00bb width_last_edited=\u00a0\u00bbon|phone\u00a0\u00bb module_alignment=\u00a0\u00bbcenter\u00a0\u00bb global_colors_info=\u00a0\u00bb{}\u00a0\u00bb][et_pb_column type=\u00a0\u00bb4_4&Prime; _builder_version=\u00a0\u00bb4.20.4&Prime; _module_preset=\u00a0\u00bbdefault\u00a0\u00bb global_colors_info=\u00a0\u00bb{}\u00a0\u00bb][et_pb_text _builder_version=\u00a0\u00bb4.22.1&Prime; _module_preset=\u00a0\u00bbdefault\u00a0\u00bb text_font=\u00a0\u00bbWork Sans Light||||||||\u00a0\u00bb text_font_size=\u00a0\u00bb130px\u00a0\u00bb positioning=\u00a0\u00bbabsolute\u00a0\u00bb position_origin_a=\u00a0\u00bbbottom_right\u00a0\u00bb vertical_offset=\u00a0\u00bb5px\u00a0\u00bb horizontal_offset=\u00a0\u00bb6px\u00a0\u00bb vertical_offset_tablet=\u00a0\u00bb5px\u00a0\u00bb vertical_offset_phone=\u00a0\u00bb5px\u00a0\u00bb vertical_offset_last_edited=\u00a0\u00bbon|phone\u00a0\u00bb text_orientation=\u00a0\u00bbright\u00a0\u00bb width=\u00a0\u00bb100%\u00a0\u00bb custom_margin_tablet=\u00a0\u00bb\u00a0\u00bb custom_margin_phone=\u00a0\u00bb\u00a0\u00bb custom_margin_last_edited=\u00a0\u00bbon|phone\u00a0\u00bb text_font_size_tablet=\u00a0\u00bb90px\u00a0\u00bb text_font_size_phone=\u00a0\u00bb50px\u00a0\u00bb text_font_size_last_edited=\u00a0\u00bbon|phone\u00a0\u00bb inline_fonts=\u00a0\u00bbWork Sans Light\u00a0\u00bb global_colors_info=\u00a0\u00bb{}\u00a0\u00bb]<\/p>\n<p><span style=\"font-family: 'Work Sans Light'; font-weight: normal; font-size: 130px;\">f.a.q.<\/span><\/p>\n<p>[\/et_pb_text][\/et_pb_column][\/et_pb_row][et_pb_row _builder_version=\u00a0\u00bb4.22.1&Prime; _module_preset=\u00a0\u00bbdefault\u00a0\u00bb width=\u00a0\u00bb900px\u00a0\u00bb width_tablet=\u00a0\u00bb73%\u00a0\u00bb width_phone=\u00a0\u00bb90%\u00a0\u00bb width_last_edited=\u00a0\u00bbon|phone\u00a0\u00bb global_colors_info=\u00a0\u00bb{}\u00a0\u00bb][et_pb_column type=\u00a0\u00bb4_4&Prime; _builder_version=\u00a0\u00bb4.22.1&Prime; _module_preset=\u00a0\u00bbdefault\u00a0\u00bb global_colors_info=\u00a0\u00bb{}\u00a0\u00bb][et_pb_accordion closed_toggle_text_color=\u00a0\u00bb#000000&Prime; _builder_version=\u00a0\u00bb4.22.1&Prime; _module_preset=\u00a0\u00bbdefault\u00a0\u00bb toggle_level=\u00a0\u00bbh3&Prime; toggle_font=\u00a0\u00bbWork Sans Bold||||||||\u00a0\u00bb toggle_font_size=\u00a0\u00bb18px\u00a0\u00bb closed_toggle_font=\u00a0\u00bbWork Sans Medium|500|||||||\u00a0\u00bb closed_toggle_font_size=\u00a0\u00bb17px\u00a0\u00bb body_font=\u00a0\u00bbWork Sans Light||||||||\u00a0\u00bb body_line_height=\u00a0\u00bb1.6em\u00a0\u00bb background_color=\u00a0\u00bbRGBA(255,255,255,0)\u00a0\u00bb custom_margin=\u00a0\u00bb||112px|||\u00a0\u00bb global_colors_info=\u00a0\u00bb{}\u00a0\u00bb][et_pb_accordion_item title=\u00a0\u00bbComment entretenir mon tapis ?\u00a0\u00bb open=\u00a0\u00bboff\u00a0\u00bb open_toggle_background_color=\u00a0\u00bb#f5f6f6&Prime; closed_toggle_background_color=\u00a0\u00bb#cecfd1&Prime; icon_color=\u00a0\u00bb#000000&Prime; _builder_version=\u00a0\u00bb4.21.2&Prime; _module_preset=\u00a0\u00bbdefault\u00a0\u00bb background_color=\u00a0\u00bbRGBA(255,255,255,0)\u00a0\u00bb background_enable_color=\u00a0\u00bbon\u00a0\u00bb border_style_all=\u00a0\u00bbnone\u00a0\u00bb global_colors_info=\u00a0\u00bb{}\u00a0\u00bb]<\/p>\n<p>Utilisez une \u00e9ponge ou un chiffon doux avec de l&rsquo;eau savonneuse ou un nettoyant m\u00e9nager doux. L&rsquo;essence, l&rsquo;alcool et les d\u00e9tachants disponibles dans le commerce ne doivent en aucun cas \u00eatre utilis\u00e9s pour le nettoyage.<\/p>\n<p><strong>Ne lavez en aucun cas le tapis dans la machine \u00e0 laver !<\/strong> Le tapis n&rsquo;est pas adapt\u00e9 au lave-linge. N&rsquo;utilisez pas d&rsquo;aspirateur pour nettoyer le tapis, cela pourrait l&rsquo;endommager. Il est possible de nettoyer le tapis avec un d\u00e9sinfectant pour le nettoyage des surfaces (sans alcool). <\/p>\n<p>[\/et_pb_accordion_item][et_pb_accordion_item title=\u00a0\u00bbLes prix incluent-ils la TVA ?\u00a0\u00bb open_toggle_background_color=\u00a0\u00bb#f5f6f6&Prime; closed_toggle_background_color=\u00a0\u00bb#cecfd1&Prime; icon_color=\u00a0\u00bb#000000&Prime; _builder_version=\u00a0\u00bb4.21.2&Prime; _module_preset=\u00a0\u00bbdefault\u00a0\u00bb background_color=\u00a0\u00bb#f5f6f6&Prime; background_enable_color=\u00a0\u00bbon\u00a0\u00bb border_style_all=\u00a0\u00bbnone\u00a0\u00bb global_colors_info=\u00a0\u00bb{}\u00a0\u00bb open=\u00a0\u00bboff\u00a0\u00bb]<\/p>\n<p>Le prix indiqu\u00e9 est le prix total plus les frais d&rsquo;exp\u00e9dition. En raison du r\u00e9gime des petites entreprises conform\u00e9ment \u00e0 l&rsquo;article 6, paragraphe 1, point 27 de la loi sur la TVA, la taxe sur le chiffre d&rsquo;affaires n&rsquo;est pas pr\u00e9lev\u00e9e et n&rsquo;est donc pas indiqu\u00e9e (r\u00e9gime des petites entreprises, selon la loi autrichienne).<\/p>\n<p>[\/et_pb_accordion_item][et_pb_accordion_item title=\u00a0\u00bbQuels sont les modes de paiement disponibles ?\u00a0\u00bb open_toggle_background_color=\u00a0\u00bb#f5f6f6&Prime; closed_toggle_background_color=\u00a0\u00bb#cecfd1&Prime; icon_color=\u00a0\u00bb#000000&Prime; _builder_version=\u00a0\u00bb4.22.1&Prime; _module_preset=\u00a0\u00bbdefault\u00a0\u00bb background_color=\u00a0\u00bb#f5f6f6&Prime; background_enable_color=\u00a0\u00bbon\u00a0\u00bb border_style_all=\u00a0\u00bbnone\u00a0\u00bb global_colors_info=\u00a0\u00bb{}\u00a0\u00bb open=\u00a0\u00bboff\u00a0\u00bb]<\/p>\n<p>Vous pouvez payer via Apple Pay, Paypal, carte de cr\u00e9dit (Visa, Mastercard), Pay Now (Klarna), virement bancaire SOFORT et EPS.<\/p>\n<p>[\/et_pb_accordion_item][et_pb_accordion_item title=\u00a0\u00bbO\u00f9 MusicM.at livre-t-il ?\u00a0\u00bb open_toggle_background_color=\u00a0\u00bb#f5f6f6&Prime; closed_toggle_background_color=\u00a0\u00bb#cecfd1&Prime; icon_color=\u00a0\u00bb#000000&Prime; _builder_version=\u00a0\u00bb4.21.2&Prime; _module_preset=\u00a0\u00bbdefault\u00a0\u00bb background_color=\u00a0\u00bb#f5f6f6&Prime; background_enable_color=\u00a0\u00bbon\u00a0\u00bb border_style_all=\u00a0\u00bbnone\u00a0\u00bb global_colors_info=\u00a0\u00bb{}\u00a0\u00bb open=\u00a0\u00bboff\u00a0\u00bb]<\/p>\n<p>Nous exp\u00e9dions dans toute l&rsquo;Europe. On entend par l\u00e0 les pays suivants (continentaux) :<br \/>Belgique, Bulgarie, Danemark, Allemagne, Estonie, Finlande, France, Gr\u00e8ce, Irlande, Italie,<br \/>Croatie, Lettonie, Lituanie, Luxembourg, Malte, Pays-Bas, Autriche, Pologne, Portugal, Roumanie,<br \/>Su\u00e8de, Slovaquie, Slov\u00e9nie, Espagne, R\u00e9publique tch\u00e8que, Hongrie. <\/p>\n<p>Contactez-nous par e-mail si vous souhaitez une livraison dans d&rsquo;autres pays (Suisse), \u00e0 Chypre ou dans les \u00eeles et nous vous ferons parvenir un devis sans engagement.<\/p>\n<p>En cas de livraison dans un pays non membre de l&rsquo;ERW, le client doit prendre en charge tous les frais d&rsquo;importation et d&rsquo;exportation, y compris les droits de douane, taxes et redevances applicables.<\/p>\n<p>[\/et_pb_accordion_item][et_pb_accordion_item title=\u00a0\u00bbQuels sont les frais de livraison ?\u00a0\u00bb open_toggle_background_color=\u00a0\u00bb#f5f6f6&Prime; closed_toggle_background_color=\u00a0\u00bb#cecfd1&Prime; icon_color=\u00a0\u00bb#000000&Prime; _builder_version=\u00a0\u00bb4.22.1&Prime; _module_preset=\u00a0\u00bbdefault\u00a0\u00bb background_color=\u00a0\u00bb#f5f6f6&Prime; background_enable_color=\u00a0\u00bbon\u00a0\u00bb border_style_all=\u00a0\u00bbnone\u00a0\u00bb global_colors_info=\u00a0\u00bb{}\u00a0\u00bb open=\u00a0\u00bboff\u00a0\u00bb]<\/p>\n<p>Frais de port pour 1 produit ou kit :<\/p>\n<p>Invention-Matte &#8211; Exp\u00e9dition en Autriche : 6 \u20ac<br \/>Invention-Matte &#8211; Exp\u00e9dition dans toute l&rsquo;Europe : 16 \u20ac<br \/>Rondo-Set ou seulement Rondo-Matte &#8211; Exp\u00e9dition en Autriche : 15 \u20ac<br \/>Rondo-Set ou seulement Rondo-Matte &#8211; Exp\u00e9dition dans toute l&rsquo;Europe : 25 \u20ac<br \/>Cartes \u00e0 jouer Rondo &#8211; Exp\u00e9dition en Autriche : gratuit<br \/>Cartes \u00e0 jouer Rondo &#8211; Exp\u00e9dition dans toute l&rsquo;Europe : gratuit<\/p>\n<p>Les commandes d&rsquo;un montant sup\u00e9rieur \u00e0 240 \u20ac <strong>b\u00e9n\u00e9ficient de la gratuit\u00e9 des frais de port<\/strong>.<\/p>\n<p>[\/et_pb_accordion_item][et_pb_accordion_item title=\u00a0\u00bbComment les produits sont-ils livr\u00e9s ?\u00a0\u00bb open_toggle_background_color=\u00a0\u00bb#f5f6f6&Prime; closed_toggle_background_color=\u00a0\u00bb#cecfd1&Prime; icon_color=\u00a0\u00bb#000000&Prime; _builder_version=\u00a0\u00bb4.21.2&Prime; _module_preset=\u00a0\u00bbdefault\u00a0\u00bb background_color=\u00a0\u00bb#f5f6f6&Prime; background_enable_color=\u00a0\u00bbon\u00a0\u00bb border_style_all=\u00a0\u00bbnone\u00a0\u00bb global_colors_info=\u00a0\u00bb{}\u00a0\u00bb open=\u00a0\u00bboff\u00a0\u00bb]<\/p>\n<p>La livraison des produits command\u00e9s \u00e0 l&rsquo;adresse indiqu\u00e9e par le client est effectu\u00e9e soit par la Poste autrichienne (\u00d6sterreichische Post AG), soit par GLS, conform\u00e9ment \u00e0 leurs conditions g\u00e9n\u00e9rales de vente, une tentative de livraison \u00e9tant effectu\u00e9e.<\/p>\n<p>En cas d&rsquo;\u00e9chec de la tentative de livraison, le colis est d\u00e9pos\u00e9 au bureau de poste ou au magasin GLS indiqu\u00e9 dans la confirmation de d\u00e9p\u00f4t.<\/p>\n<p>[\/et_pb_accordion_item][et_pb_accordion_item title=\u00a0\u00bbQuels sont les d\u00e9lais de livraison ?\u00a0\u00bb open_toggle_background_color=\u00a0\u00bb#f5f6f6&Prime; closed_toggle_background_color=\u00a0\u00bb#cecfd1&Prime; icon_color=\u00a0\u00bb#000000&Prime; _builder_version=\u00a0\u00bb4.21.2&Prime; _module_preset=\u00a0\u00bbdefault\u00a0\u00bb background_color=\u00a0\u00bb#f5f6f6&Prime; background_enable_color=\u00a0\u00bbon\u00a0\u00bb border_style_all=\u00a0\u00bbnone\u00a0\u00bb global_colors_info=\u00a0\u00bb{}\u00a0\u00bb open=\u00a0\u00bboff\u00a0\u00bb]<\/p>\n<p>Sauf indication contraire dans la description du produit, tous les articles que nous proposons sont pr\u00eats \u00e0 \u00eatre exp\u00e9di\u00e9s imm\u00e9diatement. La livraison s&rsquo;effectue au plus tard dans les 7 jours ouvrables. En cas de paiement anticip\u00e9, le d\u00e9lai de livraison commence \u00e0 courir le jour suivant l&rsquo;ordre de paiement \u00e0 la banque charg\u00e9e du virement et, pour tous les autres modes de paiement, le jour suivant la conclusion du contrat. Si le d\u00e9lai expire un samedi, un dimanche ou un jour f\u00e9ri\u00e9 l\u00e9gal au lieu de livraison, le d\u00e9lai expire le jour ouvrable suivant.   <\/p>\n<p>[\/et_pb_accordion_item][et_pb_accordion_item title=\u00a0\u00bbPeut-on venir chercher le tapis sur place ?\u00a0\u00bb open_toggle_background_color=\u00a0\u00bb#f5f6f6&Prime; closed_toggle_background_color=\u00a0\u00bb#cecfd1&Prime; icon_color=\u00a0\u00bb#000000&Prime; _builder_version=\u00a0\u00bb4.21.2&Prime; _module_preset=\u00a0\u00bbdefault\u00a0\u00bb background_color=\u00a0\u00bb#f5f6f6&Prime; background_enable_color=\u00a0\u00bbon\u00a0\u00bb border_style_all=\u00a0\u00bbnone\u00a0\u00bb global_colors_info=\u00a0\u00bb{}\u00a0\u00bb open=\u00a0\u00bbon\u00a0\u00bb]<\/p>\n<p>Le retrait sur place est \u00e9galement possible et se fait sur rendez-vous \u00e0 Bregenz, en Autriche.<\/p>\n<p>[\/et_pb_accordion_item][et_pb_accordion_item title=\u00a0\u00bbQu&rsquo;en est-il du droit de r\u00e9tractation ?\u00a0\u00bb open_toggle_background_color=\u00a0\u00bb#f5f6f6&Prime; closed_toggle_background_color=\u00a0\u00bb#cecfd1&Prime; icon_color=\u00a0\u00bb#000000&Prime; _builder_version=\u00a0\u00bb4.21.2&Prime; _module_preset=\u00a0\u00bbdefault\u00a0\u00bb background_color=\u00a0\u00bb#f5f6f6&Prime; background_enable_color=\u00a0\u00bbon\u00a0\u00bb border_style_all=\u00a0\u00bbnone\u00a0\u00bb global_colors_info=\u00a0\u00bb{}\u00a0\u00bb open=\u00a0\u00bboff\u00a0\u00bb]<\/p>\n<p>Vous avez le droit de vous r\u00e9tracter du pr\u00e9sent contrat sans donner de motif dans un d\u00e9lai de quatorze jours.<\/p>\n<p>Le d\u00e9lai de r\u00e9tractation est de quatorze jours \u00e0 compter de la date \u00e0 laquelle vous, ou un tiers autre que le transporteur et d\u00e9sign\u00e9 par vous, avez pris possession des biens.<\/p>\n<p><span style=\"font-size: 18px;\">Pour exercer votre droit de r\u00e9tractation, vous devez nous notifier votre d\u00e9cision de r\u00e9tractation du pr\u00e9sent contrat au moyen d&rsquo;une d\u00e9claration d\u00e9nu\u00e9e d&rsquo;ambigu\u00eft\u00e9 (par exemple, une lettre envoy\u00e9e par la poste ou un e-mail). Pour ce faire, vous pouvez utiliser le mod\u00e8le de formulaire de r\u00e9tractation que vous trouverez dans nos CGV, mais qui n&rsquo;est pas obligatoire. <\/span><\/p>\n<p>En cas de r\u00e9tractation du pr\u00e9sent contrat, nous vous rembourserons tous les paiements re\u00e7us de vous, y compris les frais de livraison (\u00e0 l&rsquo;exception des frais suppl\u00e9mentaires d\u00e9coulant du fait que vous avez choisi un mode de livraison autre que le mode moins co\u00fbteux de livraison standard propos\u00e9 par nous), sans retard excessif et au plus tard quatorze jours \u00e0 compter de la date \u00e0 laquelle nous aurons \u00e9t\u00e9 inform\u00e9s de votre d\u00e9cision de r\u00e9tractation du pr\u00e9sent contrat. Pour ce remboursement, nous utilisons le m\u00eame moyen de paiement que celui que vous avez utilis\u00e9 pour la transaction initiale, \u00e0 moins qu&rsquo;il n&rsquo;en ait \u00e9t\u00e9 express\u00e9ment convenu autrement avec vous ; en aucun cas, des frais ne vous seront factur\u00e9s pour ce remboursement. <\/p>\n<p>Nous pouvons refuser le remboursement jusqu&rsquo;\u00e0 ce que nous ayons r\u00e9cup\u00e9r\u00e9 les marchandises. Les marchandises doivent \u00eatre renvoy\u00e9es ou remises intactes et dans leur emballage d&rsquo;origine. <\/p>\n<p>Vous devez nous renvoyer ou nous remettre les biens sans retard excessif et, en tout \u00e9tat de cause, au plus tard quatorze jours \u00e0 compter du jour o\u00f9 vous nous informez de votre d\u00e9cision de r\u00e9tractation du pr\u00e9sent contrat. Le d\u00e9lai est respect\u00e9 si vous renvoyez les biens avant l&rsquo;expiration du d\u00e9lai de quatorze jours. <\/p>\n<p><strong>Les frais directs de renvoi des marchandises sont \u00e0 votre charge.<\/strong><\/p>\n<p>[\/et_pb_accordion_item][et_pb_accordion_item title=\u00a0\u00bbQue faire en cas de r\u00e9clamation ?\u00a0\u00bb open_toggle_background_color=\u00a0\u00bb#f5f6f6&Prime; closed_toggle_background_color=\u00a0\u00bb#cecfd1&Prime; icon_color=\u00a0\u00bb#000000&Prime; _builder_version=\u00a0\u00bb4.21.2&Prime; _module_preset=\u00a0\u00bbdefault\u00a0\u00bb background_color=\u00a0\u00bb#f5f6f6&Prime; background_enable_color=\u00a0\u00bbon\u00a0\u00bb border_style_all=\u00a0\u00bbnone\u00a0\u00bb global_colors_info=\u00a0\u00bb{}\u00a0\u00bb open=\u00a0\u00bboff\u00a0\u00bb]<\/p>\n<p>Envoyez-nous un e-mail (info@musicm.at) ou appelez-nous au +43 6706038584.<\/p>\n<p>[\/et_pb_accordion_item][\/et_pb_accordion][\/et_pb_column][\/et_pb_row][\/et_pb_section]<\/p>\n","protected":false},"excerpt":{"rendered":"<p>f.a.q.Utilisez une \u00e9ponge ou un chiffon doux avec de l&rsquo;eau savonneuse ou un nettoyant m\u00e9nager doux. L&rsquo;essence, l&rsquo;alcool et les d\u00e9tachants disponibles dans le commerce ne doivent en aucun cas \u00eatre utilis\u00e9s pour le nettoyage. Ne lavez en aucun cas le tapis dans la machine \u00e0 laver ! Le tapis n&rsquo;est pas adapt\u00e9 au lave-linge. [&hellip;]<\/p>\n","protected":false},"author":1,"featured_media":0,"parent":0,"menu_order":0,"comment_status":"closed","ping_status":"closed","template":"","meta":{"_et_pb_use_builder":"on","_et_pb_old_content":"","_et_gb_content_width":"","footnotes":""},"class_list":["post-48796","page","type-page","status-publish","hentry"],"_links":{"self":[{"href":"https:\/\/musicm.at\/fr\/wp-json\/wp\/v2\/pages\/48796","targetHints":{"allow":["GET"]}}],"collection":[{"href":"https:\/\/musicm.at\/fr\/wp-json\/wp\/v2\/pages"}],"about":[{"href":"https:\/\/musicm.at\/fr\/wp-json\/wp\/v2\/types\/page"}],"author":[{"embeddable":true,"href":"https:\/\/musicm.at\/fr\/wp-json\/wp\/v2\/users\/1"}],"replies":[{"embeddable":true,"href":"https:\/\/musicm.at\/fr\/wp-json\/wp\/v2\/comments?post=48796"}],"version-history":[{"count":3,"href":"https:\/\/musicm.at\/fr\/wp-json\/wp\/v2\/pages\/48796\/revisions"}],"predecessor-version":[{"id":49001,"href":"https:\/\/musicm.at\/fr\/wp-json\/wp\/v2\/pages\/48796\/revisions\/49001"}],"wp:attachment":[{"href":"https:\/\/musicm.at\/fr\/wp-json\/wp\/v2\/media?parent=48796"}],"curies":[{"name":"wp","href":"https:\/\/api.w.org\/{rel}","templated":true}]}}